{"id":37646,"date":"2022-07-29T14:58:31","date_gmt":"2022-07-29T12:58:31","guid":{"rendered":"https:\/\/bhipemea.com\/opportunity\/"},"modified":"2024-11-07T10:41:22","modified_gmt":"2024-11-07T09:41:22","slug":"opportunity","status":"publish","type":"page","link":"https:\/\/bhipemea.com\/da-dk\/opportunity\/","title":{"rendered":"Muligheder"},"content":{"rendered":"\t\t<div data-elementor-type=\"wp-page\" data-elementor-id=\"37646\" class=\"elementor elementor-37646 elementor-33688\">\n\t\t\t\t<div class=\"elementor-element elementor-element-b5cdd9d e-flex e-con-boxed e-con e-parent\" data-id=\"b5cdd9d\" data-element_type=\"container\">\n\t\t\t\t\t<div class=\"e-con-inner\">\n\t\t<div class=\"elementor-element elementor-element-86d45f7 e-con-full e-flex e-con e-child\" data-id=\"86d45f7\" data-element_type=\"container\">\n\t\t\t\t<div class=\"elementor-element elementor-element-13e10d0 elementor-widget elementor-widget-heading\" data-id=\"13e10d0\" data-element_type=\"widget\" data-widget_type=\"heading.default\">\n\t\t\t\t<div class=\"elementor-widget-container\">\n\t\t\t<h1 class=\"elementor-heading-title elementor-size-default\">Muligheder<\/h1>\t\t<\/div>\n\t\t\t\t<\/div>\n\t\t\t\t<div class=\"elementor-element elementor-element-e72b998 elementor-widget elementor-widget-text-editor\" data-id=\"e72b998\" data-element_type=\"widget\" data-widget_type=\"text-editor.default\">\n\t\t\t\t<div class=\"elementor-widget-container\">\n\t\t\t\t\t\t\t<p>Start din nye forretningsmulighed i dag \u2013 B:hip EMEA giver mulighed for at g\u00f8re alt dette med en forretnings- og distribut\u00f8rmodel kaldet Direct Sales. Direct Sales-branchen vokser hurtigt og engagerer i \u00f8jeblikket millioner af mennesker over hele verden. <\/p>\n\t\t\t\t\t\t<\/div>\n\t\t\t\t<\/div>\n\t\t\t\t<\/div>\n\t\t\t\t\t<\/div>\n\t\t\t\t<\/div>\n\t\t<div class=\"elementor-element elementor-element-4124e36 e-con-full e-flex e-con e-parent\" data-id=\"4124e36\" data-element_type=\"container\">\n\t\t<div class=\"elementor-element elementor-element-6440286 e-con-full elementor-max-width e-flex e-con e-child\" data-id=\"6440286\" data-element_type=\"container\">\n\t\t<div class=\"elementor-element elementor-element-0b6185d e-con-full e-flex e-con e-child\" data-id=\"0b6185d\" data-element_type=\"container\" data-settings=\"{&quot;background_background&quot;:&quot;classic&quot;}\">\n\t\t\t\t<\/div>\n\t\t<div class=\"elementor-element elementor-element-87c4354 e-con-full e-flex e-con e-child\" data-id=\"87c4354\" data-element_type=\"container\" data-settings=\"{&quot;background_background&quot;:&quot;classic&quot;}\">\n\t\t<div class=\"elementor-element elementor-element-23a3b9b e-flex e-con-boxed e-con e-child\" data-id=\"23a3b9b\" data-element_type=\"container\">\n\t\t\t\t\t<div class=\"e-con-inner\">\n\t\t\t\t<div class=\"elementor-element elementor-element-d5ba412 elementor-widget elementor-widget-heading\" data-id=\"d5ba412\" data-element_type=\"widget\" data-widget_type=\"heading.default\">\n\t\t\t\t<div class=\"elementor-widget-container\">\n\t\t\t<h1 class=\"elementor-heading-title elementor-size-default\">Bliv din egen chef<\/h1>\t\t<\/div>\n\t\t\t\t<\/div>\n\t\t\t\t<div class=\"elementor-element elementor-element-339f7f8 elementor-widget elementor-widget-text-editor\" data-id=\"339f7f8\" data-element_type=\"widget\" data-widget_type=\"text-editor.default\">\n\t\t\t\t<div class=\"elementor-widget-container\">\n\t\t\t\t\t\t\tHar du nogensinde overvejet at blive din egen chef? At kunne v\u00e6lge hvorn\u00e5r og hvor meget, du vil arbejde? Hvem du vil arbejde med? \u00d8nsker du at v\u00e6re en del af et sjovt, st\u00e6rkt og ambiti\u00f8st team med god kultur og hold\u00e5nd?   \n\t\t\t\t\t\t<\/div>\n\t\t\t\t<\/div>\n\t\t\t\t<div class=\"elementor-element elementor-element-ca64de5 elementor-widget elementor-widget-heading\" data-id=\"ca64de5\" data-element_type=\"widget\" data-widget_type=\"heading.default\">\n\t\t\t\t<div class=\"elementor-widget-container\">\n\t\t\t<h1 class=\"elementor-heading-title elementor-size-default\">Ekstra indkomst eller fuldtidskarriere?<\/h1>\t\t<\/div>\n\t\t\t\t<\/div>\n\t\t\t\t<div class=\"elementor-element elementor-element-e967ee2 elementor-widget elementor-widget-text-editor\" data-id=\"e967ee2\" data-element_type=\"widget\" data-widget_type=\"text-editor.default\">\n\t\t\t\t<div class=\"elementor-widget-container\">\n\t\t\t\t\t\t\t<p>Enten leder du efter en ekstraindkomst p\u00e5 deltid og har det sjovt, mens du g\u00f8r det, ellers kan du dedikere dig til at opbygge og lede dit eget store team af distribut\u00f8rer og tage kontrol over din \u00f8konomiske fremtid \u2013 Hvis det er tilf\u00e6ldet, s\u00e5 er B:hip stedet for dig.<\/p>\n<p>M\u00e5ske er du kunde, forelsket i vores produkter og vil dele dem med hele verden?<\/p>\n\t\t\t\t\t\t<\/div>\n\t\t\t\t<\/div>\n\t\t\t\t\t<\/div>\n\t\t\t\t<\/div>\n\t\t\t\t<\/div>\n\t\t\t\t<\/div>\n\t\t\t\t<\/div>\n\t\t<div class=\"elementor-element elementor-element-5777dfb e-flex e-con-boxed e-con e-parent\" data-id=\"5777dfb\" data-element_type=\"container\">\n\t\t\t\t\t<div class=\"e-con-inner\">\n\t\t<div class=\"elementor-element elementor-element-f16c485 e-con-full e-flex e-con e-child\" data-id=\"f16c485\" data-element_type=\"container\">\n\t\t\t\t<div class=\"elementor-element elementor-element-d967fd9 elementor-widget elementor-widget-heading\" data-id=\"d967fd9\" data-element_type=\"widget\" data-widget_type=\"heading.default\">\n\t\t\t\t<div class=\"elementor-widget-container\">\n\t\t\t<h1 class=\"elementor-heading-title elementor-size-default\">Produkter i verdensklasse<\/h1>\t\t<\/div>\n\t\t\t\t<\/div>\n\t\t\t\t<div class=\"elementor-element elementor-element-50ccce2 elementor-widget elementor-widget-text-editor\" data-id=\"50ccce2\" data-element_type=\"widget\" data-widget_type=\"text-editor.default\">\n\t\t\t\t<div class=\"elementor-widget-container\">\n\t\t\t\t\t\t\t<p>N\u00e5r du bliver en B:hip uafh\u00e6ngig distribut\u00f8r, s\u00e5 er dit job at markedsf\u00f8re og s\u00e6lge B:hip\u2019 produkter af h\u00f8j kvalitet, og at dele muligheden med ligesindede. Du har support fra vores gennempr\u00f8vede forretningssystem og friheden til at v\u00e6lge, hvor meget tid og kr\u00e6fter du vil investere, og hvor langt du vil g\u00e5. Du er uafh\u00e6ngig, men du er aldrig alene. Med solide uddannelses- og supportsystemer p\u00e5 plads og ledelse i verdensklasse, kan B:hip tilbyde k\u00f8ret\u00f8jet for dig til at opfylde dine dr\u00f8mme og leve det liv, du \u00f8nsker.   <\/p>\n\t\t\t\t\t\t<\/div>\n\t\t\t\t<\/div>\n\t\t\t\t<\/div>\n\t\t\t\t\t<\/div>\n\t\t\t\t<\/div>\n\t\t\t\t<\/div>\n\t\t","protected":false},"excerpt":{"rendered":"<p>Muligheder Start din nye forretningsmulighed i dag \u2013 B:hip EMEA giver mulighed for at g\u00f8re alt dette med en forretnings- og distribut\u00f8rmodel kaldet Direct Sales. Direct Sales-branchen vokser hurtigt og [&hellip;]<\/p>\n","protected":false},"author":1,"featured_media":0,"parent":0,"menu_order":0,"comment_status":"closed","ping_status":"closed","template":"","meta":{"_price":"","_stock":"","_tribe_ticket_header":"","_tribe_default_ticket_provider":"","_tribe_ticket_capacity":"0","_ticket_start_date":"","_ticket_end_date":"","_tribe_ticket_show_description":"","_tribe_ticket_show_not_going":false,"_tribe_ticket_use_global_stock":"","_tribe_ticket_global_stock_level":"","_global_stock_mode":"","_global_stock_cap":"","_tribe_rsvp_for_event":"","_tribe_ticket_going_count":"","_tribe_ticket_not_going_count":"","_tribe_tickets_list":"[]","_tribe_ticket_has_attendee_info_fields":false,"footnotes":"","_tec_slr_enabled":"","_tec_slr_layout":""},"class_list":["post-37646","page","type-page","status-publish","hentry"],"ticketed":false,"_links":{"self":[{"href":"https:\/\/bhipemea.com\/da-dk\/wp-json\/wp\/v2\/pages\/37646","targetHints":{"allow":["GET"]}}],"collection":[{"href":"https:\/\/bhipemea.com\/da-dk\/wp-json\/wp\/v2\/pages"}],"about":[{"href":"https:\/\/bhipemea.com\/da-dk\/wp-json\/wp\/v2\/types\/page"}],"author":[{"embeddable":true,"href":"https:\/\/bhipemea.com\/da-dk\/wp-json\/wp\/v2\/users\/1"}],"replies":[{"embeddable":true,"href":"https:\/\/bhipemea.com\/da-dk\/wp-json\/wp\/v2\/comments?post=37646"}],"version-history":[{"count":27,"href":"https:\/\/bhipemea.com\/da-dk\/wp-json\/wp\/v2\/pages\/37646\/revisions"}],"predecessor-version":[{"id":41980,"href":"https:\/\/bhipemea.com\/da-dk\/wp-json\/wp\/v2\/pages\/37646\/revisions\/41980"}],"wp:attachment":[{"href":"https:\/\/bhipemea.com\/da-dk\/wp-json\/wp\/v2\/media?parent=37646"}],"curies":[{"name":"wp","href":"https:\/\/api.w.org\/{rel}","templated":true}]}}