{"id":37669,"date":"2022-07-29T14:29:15","date_gmt":"2022-07-29T12:29:15","guid":{"rendered":"https:\/\/bhipemea.com\/product\/high-performance-eye-cream\/"},"modified":"2024-11-11T13:02:09","modified_gmt":"2024-11-11T12:02:09","slug":"high-performance-eye-cream","status":"publish","type":"product","link":"https:\/\/bhipemea.com\/da-dk\/product\/high-performance-eye-cream\/","title":{"rendered":"High Performance Eye Cream"},"content":{"rendered":"","protected":false},"excerpt":{"rendered":"<p>Mol&amp;B High Performance Eye Cream er en let og behagelig, k\u00f8lende anti-age \u00f8jencreme, der fugter og beskytter den sarte hud omkring \u00f8jnene. Den virker opstrammende og reducerer h\u00e6velser, rynker og fine linjer. Cremen er en let gel og indeholder n\u00e6rende \u00f8kologisk hybenkerneolie, Aldavine TM 5X, der afhj\u00e6lper m\u00f8rke rander og forebygger poser under \u00f8jnene samt Dragosine \u00ae, der styrker kollagensyntesen. Indeholder desuden Gatuline\u00ae In-Tense, der styrker hudens fasthed og genskaber hudens ungdommelige, glatte struktur med filler-lignende effekt.<\/p>\n<p>Mol&amp;B High Performance Eye Cream tr\u00e6nger let ind i huden, hj\u00e6lper med at mindske m\u00f8rke rande og fine linjer og efterlader \u00f8jenomgivelserne glattere, friskere og mere ungdommelige.<\/p>\n<p><strong><em>Velegnet til alle hudtyper &#8211; s\u00e6rligt til meget t\u00f8r hud.<\/em><\/strong><br \/>\n[read-more height-formula=\"product\"]<\/p>\n","protected":false},"featured_media":40113,"template":"","meta":{"_price":"","_stock":"","_tribe_ticket_header":"","_tribe_default_ticket_provider":"","_tribe_ticket_capacity":"0","_ticket_start_date":"","_ticket_end_date":"","_tribe_ticket_show_description":"","_tribe_ticket_show_not_going":false,"_tribe_ticket_use_global_stock":"","_tribe_ticket_global_stock_level":"","_global_stock_mode":"","_global_stock_cap":"","_tribe_rsvp_for_event":"","_tribe_ticket_going_count":"","_tribe_ticket_not_going_count":"","_tribe_tickets_list":"[]","_tribe_ticket_has_attendee_info_fields":false,"_tec_slr_enabled":"","_tec_slr_layout":""},"product_cat":[212],"product_tag":[],"class_list":{"0":"post-37669","1":"product","2":"type-product","3":"status-publish","4":"has-post-thumbnail","6":"product_brand-molb","7":"product_cat-hudpleje","10":"first","11":"instock","12":"shipping-taxable","13":"product-type-simple"},"_links":{"self":[{"href":"https:\/\/bhipemea.com\/da-dk\/wp-json\/wp\/v2\/product\/37669","targetHints":{"allow":["GET"]}}],"collection":[{"href":"https:\/\/bhipemea.com\/da-dk\/wp-json\/wp\/v2\/product"}],"about":[{"href":"https:\/\/bhipemea.com\/da-dk\/wp-json\/wp\/v2\/types\/product"}],"version-history":[{"count":5,"href":"https:\/\/bhipemea.com\/da-dk\/wp-json\/wp\/v2\/product\/37669\/revisions"}],"predecessor-version":[{"id":42004,"href":"https:\/\/bhipemea.com\/da-dk\/wp-json\/wp\/v2\/product\/37669\/revisions\/42004"}],"wp:featuredmedia":[{"embeddable":true,"href":"https:\/\/bhipemea.com\/da-dk\/wp-json\/wp\/v2\/media\/40113"}],"wp:attachment":[{"href":"https:\/\/bhipemea.com\/da-dk\/wp-json\/wp\/v2\/media?parent=37669"}],"wp:term":[{"taxonomy":"product_cat","embeddable":true,"href":"https:\/\/bhipemea.com\/da-dk\/wp-json\/wp\/v2\/product_cat?post=37669"},{"taxonomy":"product_tag","embeddable":true,"href":"https:\/\/bhipemea.com\/da-dk\/wp-json\/wp\/v2\/product_tag?post=37669"}],"curies":[{"name":"wp","href":"https:\/\/api.w.org\/{rel}","templated":true}]}}