{"id":37670,"date":"2022-07-29T14:28:56","date_gmt":"2022-07-29T12:28:56","guid":{"rendered":"https:\/\/bhipemea.com\/product\/refreshing-skin-toner\/"},"modified":"2024-11-11T13:03:13","modified_gmt":"2024-11-11T12:03:13","slug":"refreshing-skin-toner","status":"publish","type":"product","link":"https:\/\/bhipemea.com\/da-dk\/product\/refreshing-skin-toner\/","title":{"rendered":"Refreshing Skin Toner"},"content":{"rendered":"","protected":false},"excerpt":{"rendered":"<p>Mol&amp;B Refreshing Skin Toner er en alkoholfri toner til t\u00f8r hud, der virker opfriskende, bl\u00f8dg\u00f8rende og lindrende p\u00e5 huden uden at udt\u00f8rre den. Renser huden blidt for urenheder og efterlader den bl\u00f8d og silkeglat. Refreshing Skin Toner er beriget med et naturligt kompleks af fugtgivende og fugtighedsbevarende ingredienser fra Hydroveg\u00ae VV samt n\u00e6rende og beroligende Allantoin og Panthenol. Indeholder \u00f8kologisk hybenkerneolie.<\/p>\n<p><strong><em>Velegnet til alle hudtyper &#8211; s\u00e6rligt til meget t\u00f8r hud.<\/em><\/strong><br \/>\n[read-more height-formula=\"product\"]<\/p>\n","protected":false},"featured_media":39910,"template":"","meta":{"_price":"","_stock":"","_tribe_ticket_header":"","_tribe_default_ticket_provider":"","_tribe_ticket_capacity":"0","_ticket_start_date":"","_ticket_end_date":"","_tribe_ticket_show_description":"","_tribe_ticket_show_not_going":false,"_tribe_ticket_use_global_stock":"","_tribe_ticket_global_stock_level":"","_global_stock_mode":"","_global_stock_cap":"","_tribe_rsvp_for_event":"","_tribe_ticket_going_count":"","_tribe_ticket_not_going_count":"","_tribe_tickets_list":"[]","_tribe_ticket_has_attendee_info_fields":false,"_tec_slr_enabled":"","_tec_slr_layout":""},"product_cat":[212],"product_tag":[],"class_list":{"0":"post-37670","1":"product","2":"type-product","3":"status-publish","4":"has-post-thumbnail","6":"product_brand-molb","7":"product_cat-hudpleje","10":"first","11":"instock","12":"shipping-taxable","13":"product-type-simple"},"_links":{"self":[{"href":"https:\/\/bhipemea.com\/da-dk\/wp-json\/wp\/v2\/product\/37670","targetHints":{"allow":["GET"]}}],"collection":[{"href":"https:\/\/bhipemea.com\/da-dk\/wp-json\/wp\/v2\/product"}],"about":[{"href":"https:\/\/bhipemea.com\/da-dk\/wp-json\/wp\/v2\/types\/product"}],"version-history":[{"count":3,"href":"https:\/\/bhipemea.com\/da-dk\/wp-json\/wp\/v2\/product\/37670\/revisions"}],"predecessor-version":[{"id":42000,"href":"https:\/\/bhipemea.com\/da-dk\/wp-json\/wp\/v2\/product\/37670\/revisions\/42000"}],"wp:featuredmedia":[{"embeddable":true,"href":"https:\/\/bhipemea.com\/da-dk\/wp-json\/wp\/v2\/media\/39910"}],"wp:attachment":[{"href":"https:\/\/bhipemea.com\/da-dk\/wp-json\/wp\/v2\/media?parent=37670"}],"wp:term":[{"taxonomy":"product_cat","embeddable":true,"href":"https:\/\/bhipemea.com\/da-dk\/wp-json\/wp\/v2\/product_cat?post=37670"},{"taxonomy":"product_tag","embeddable":true,"href":"https:\/\/bhipemea.com\/da-dk\/wp-json\/wp\/v2\/product_tag?post=37670"}],"curies":[{"name":"wp","href":"https:\/\/api.w.org\/{rel}","templated":true}]}}