{"id":37672,"date":"2022-07-29T14:28:25","date_gmt":"2022-07-29T12:28:25","guid":{"rendered":"https:\/\/bhipemea.com\/product\/nourishing-face-serum\/"},"modified":"2024-11-11T13:03:55","modified_gmt":"2024-11-11T12:03:55","slug":"nourishing-face-serum","status":"publish","type":"product","link":"https:\/\/bhipemea.com\/da-dk\/product\/nourishing-face-serum\/","title":{"rendered":"Nourishing Face Serum"},"content":{"rendered":"","protected":false},"excerpt":{"rendered":"<p>Mol&amp;B Nourishing Face Serum er en let og silkebl\u00f8d fugtighedsbevarende gel, som g\u00f8r huden smidig, fast og ensartet med en smuk gl\u00f8d. Den er rig p\u00e5 vitaminer og opstrammende ingredienser, som n\u00e6rer og stimulerer huden og virker forebyggende p\u00e5 hudens aldringstegn. Gel\u2019en indeholder \u00f8kologisk hybenkerneolie, fugtighedsbevarende Vitamin B3 og Provitamin B5 samt Dragosine \u00ae &#8211; en multifunktionel anti-aging peptide, der stimulerer kollagensyntesen med en antioxidativ virkning.<\/p>\n<p>Mol&amp;B Nourishing Face Serum tr\u00e6nger let ind i huden. uden efterlades velfugtet, mere j\u00e6vn og glat med en sund og ungdommelig udstr\u00e5ling.<\/p>\n<p><em><strong>Velegnet til alle hudtyper &#8211; s\u00e6rligt til meget t\u00f8r hud.<\/strong><\/em><br \/>\n[read-more height-formula=\"product\"]<\/p>\n","protected":false},"featured_media":40015,"template":"","meta":{"_price":"","_stock":"","_tribe_ticket_header":"","_tribe_default_ticket_provider":"","_tribe_ticket_capacity":"0","_ticket_start_date":"","_ticket_end_date":"","_tribe_ticket_show_description":"","_tribe_ticket_show_not_going":false,"_tribe_ticket_use_global_stock":"","_tribe_ticket_global_stock_level":"","_global_stock_mode":"","_global_stock_cap":"","_tribe_rsvp_for_event":"","_tribe_ticket_going_count":"","_tribe_ticket_not_going_count":"","_tribe_tickets_list":"[]","_tribe_ticket_has_attendee_info_fields":false,"_tec_slr_enabled":"","_tec_slr_layout":""},"product_cat":[212],"product_tag":[],"class_list":{"0":"post-37672","1":"product","2":"type-product","3":"status-publish","4":"has-post-thumbnail","6":"product_brand-molb","7":"product_cat-hudpleje","10":"first","11":"instock","12":"shipping-taxable","13":"product-type-simple"},"_links":{"self":[{"href":"https:\/\/bhipemea.com\/da-dk\/wp-json\/wp\/v2\/product\/37672","targetHints":{"allow":["GET"]}}],"collection":[{"href":"https:\/\/bhipemea.com\/da-dk\/wp-json\/wp\/v2\/product"}],"about":[{"href":"https:\/\/bhipemea.com\/da-dk\/wp-json\/wp\/v2\/types\/product"}],"version-history":[{"count":3,"href":"https:\/\/bhipemea.com\/da-dk\/wp-json\/wp\/v2\/product\/37672\/revisions"}],"predecessor-version":[{"id":42005,"href":"https:\/\/bhipemea.com\/da-dk\/wp-json\/wp\/v2\/product\/37672\/revisions\/42005"}],"wp:featuredmedia":[{"embeddable":true,"href":"https:\/\/bhipemea.com\/da-dk\/wp-json\/wp\/v2\/media\/40015"}],"wp:attachment":[{"href":"https:\/\/bhipemea.com\/da-dk\/wp-json\/wp\/v2\/media?parent=37672"}],"wp:term":[{"taxonomy":"product_cat","embeddable":true,"href":"https:\/\/bhipemea.com\/da-dk\/wp-json\/wp\/v2\/product_cat?post=37672"},{"taxonomy":"product_tag","embeddable":true,"href":"https:\/\/bhipemea.com\/da-dk\/wp-json\/wp\/v2\/product_tag?post=37672"}],"curies":[{"name":"wp","href":"https:\/\/api.w.org\/{rel}","templated":true}]}}