{"id":37673,"date":"2022-07-29T14:28:02","date_gmt":"2022-07-29T12:28:02","guid":{"rendered":"https:\/\/bhipemea.com\/product\/gentle-skin-cleanser\/"},"modified":"2024-11-11T13:04:23","modified_gmt":"2024-11-11T12:04:23","slug":"gentle-skin-cleanser","status":"publish","type":"product","link":"https:\/\/bhipemea.com\/da-dk\/product\/gentle-skin-cleanser\/","title":{"rendered":"Gentle Skin Cleanser"},"content":{"rendered":"","protected":false},"excerpt":{"rendered":"<p>Mol&amp;B Gentle Skin Cleanser er en ikke-skummende gel, der sk\u00e5nsomt fjerner makeup, fedt og snavs fra huden uden at udt\u00f8rre den. Huden efterlades frisk og ren, s\u00e5 den forberedes til din yndlingscreme. Gentle Skin Cleanser er beriget med vitamin B3 og provitamin B5 samt n\u00e6rende Macadamia olie og \u00f8kologisk hybenkerneolie.<\/p>\n<p><em><strong>Velegnet til alle hudtyper &#8211; s\u00e6rligt til meget t\u00f8r hud.<\/strong><\/em><br \/>\n[read-more height-formula=\"product\"]<\/p>\n","protected":false},"featured_media":39861,"template":"","meta":{"_price":"","_stock":"","_tribe_ticket_header":"","_tribe_default_ticket_provider":"","_tribe_ticket_capacity":"0","_ticket_start_date":"","_ticket_end_date":"","_tribe_ticket_show_description":"","_tribe_ticket_show_not_going":false,"_tribe_ticket_use_global_stock":"","_tribe_ticket_global_stock_level":"","_global_stock_mode":"","_global_stock_cap":"","_tribe_rsvp_for_event":"","_tribe_ticket_going_count":"","_tribe_ticket_not_going_count":"","_tribe_tickets_list":"[]","_tribe_ticket_has_attendee_info_fields":false,"_tec_slr_enabled":"","_tec_slr_layout":""},"product_cat":[212],"product_tag":[],"class_list":{"0":"post-37673","1":"product","2":"type-product","3":"status-publish","4":"has-post-thumbnail","6":"product_brand-molb","7":"product_cat-hudpleje","10":"first","11":"instock","12":"shipping-taxable","13":"product-type-simple"},"_links":{"self":[{"href":"https:\/\/bhipemea.com\/da-dk\/wp-json\/wp\/v2\/product\/37673","targetHints":{"allow":["GET"]}}],"collection":[{"href":"https:\/\/bhipemea.com\/da-dk\/wp-json\/wp\/v2\/product"}],"about":[{"href":"https:\/\/bhipemea.com\/da-dk\/wp-json\/wp\/v2\/types\/product"}],"version-history":[{"count":3,"href":"https:\/\/bhipemea.com\/da-dk\/wp-json\/wp\/v2\/product\/37673\/revisions"}],"predecessor-version":[{"id":42006,"href":"https:\/\/bhipemea.com\/da-dk\/wp-json\/wp\/v2\/product\/37673\/revisions\/42006"}],"wp:featuredmedia":[{"embeddable":true,"href":"https:\/\/bhipemea.com\/da-dk\/wp-json\/wp\/v2\/media\/39861"}],"wp:attachment":[{"href":"https:\/\/bhipemea.com\/da-dk\/wp-json\/wp\/v2\/media?parent=37673"}],"wp:term":[{"taxonomy":"product_cat","embeddable":true,"href":"https:\/\/bhipemea.com\/da-dk\/wp-json\/wp\/v2\/product_cat?post=37673"},{"taxonomy":"product_tag","embeddable":true,"href":"https:\/\/bhipemea.com\/da-dk\/wp-json\/wp\/v2\/product_tag?post=37673"}],"curies":[{"name":"wp","href":"https:\/\/api.w.org\/{rel}","templated":true}]}}