{"id":37681,"date":"2022-07-29T14:26:08","date_gmt":"2022-07-29T12:26:08","guid":{"rendered":"https:\/\/bhipemea.com\/product\/multi-functional-regenerating\/"},"modified":"2024-11-11T13:07:27","modified_gmt":"2024-11-11T12:07:27","slug":"multi-functional-regenerating","status":"publish","type":"product","link":"https:\/\/bhipemea.com\/da-dk\/product\/multi-functional-regenerating\/","title":{"rendered":"Multi-Functional Regenerating"},"content":{"rendered":"","protected":false},"excerpt":{"rendered":"<p>Mol&amp;B Multi-Functional Regenerating Facial Cream er en genopbyggende, multifunktionel anti-aging creme, som tilf\u00f8rer huden intens fugt, pleje og n\u00e6ring.<\/p>\n<p>Den er rig p\u00e5 antioxidanter og aktive opstrammende ingredienser, som udglatter og n\u00e6rer huden. Cremen indeholder Rovisome\u2122 Q10, der modvirker hudens \u00e6ldningstegn selv i de dybere lag. Dragosine\u00ae, der styrker kollagenfornyelsen og forebygger UV-skader; Niacinamide (Vitamin B3), der udj\u00e6vner hudtonen, modvirker pigmentpletter og reducerer acne; udglattende Shea sm\u00f8r samt Hyaluronsyre, der bevarer hudens fasthed og elasticitet. Indeholder desuden n\u00e6rende hybenkerneolie, der er spr\u00e6ngfyldt med gavnlige fedtsyrer. Mol&amp;B Multi-Functional Regenerating Facial Cream tr\u00e6nger let ind i huden, som opstrammes og fine linjer udglattes. Huden fremst\u00e5r bl\u00f8d, gennemfugtet og smidig med fornyet gl\u00f8d og vitalitet.<\/p>\n<p><em><strong>Velegnet til alle hudtyper \u2013 s\u00e6rligt meget t\u00f8r hud.<\/strong><\/em><br \/>\n[read-more height-formula=\"product\"]<\/p>\n","protected":false},"featured_media":39812,"template":"","meta":{"_price":"","_stock":"","_tribe_ticket_header":"","_tribe_default_ticket_provider":"","_tribe_ticket_capacity":"0","_ticket_start_date":"","_ticket_end_date":"","_tribe_ticket_show_description":"","_tribe_ticket_show_not_going":false,"_tribe_ticket_use_global_stock":"","_tribe_ticket_global_stock_level":"","_global_stock_mode":"","_global_stock_cap":"","_tribe_rsvp_for_event":"","_tribe_ticket_going_count":"","_tribe_ticket_not_going_count":"","_tribe_tickets_list":"[]","_tribe_ticket_has_attendee_info_fields":false,"_tec_slr_enabled":"","_tec_slr_layout":""},"product_cat":[212],"product_tag":[],"class_list":{"0":"post-37681","1":"product","2":"type-product","3":"status-publish","4":"has-post-thumbnail","6":"product_brand-molb","7":"product_cat-hudpleje","10":"first","11":"instock","12":"shipping-taxable","13":"product-type-simple"},"_links":{"self":[{"href":"https:\/\/bhipemea.com\/da-dk\/wp-json\/wp\/v2\/product\/37681","targetHints":{"allow":["GET"]}}],"collection":[{"href":"https:\/\/bhipemea.com\/da-dk\/wp-json\/wp\/v2\/product"}],"about":[{"href":"https:\/\/bhipemea.com\/da-dk\/wp-json\/wp\/v2\/types\/product"}],"version-history":[{"count":6,"href":"https:\/\/bhipemea.com\/da-dk\/wp-json\/wp\/v2\/product\/37681\/revisions"}],"predecessor-version":[{"id":40750,"href":"https:\/\/bhipemea.com\/da-dk\/wp-json\/wp\/v2\/product\/37681\/revisions\/40750"}],"wp:featuredmedia":[{"embeddable":true,"href":"https:\/\/bhipemea.com\/da-dk\/wp-json\/wp\/v2\/media\/39812"}],"wp:attachment":[{"href":"https:\/\/bhipemea.com\/da-dk\/wp-json\/wp\/v2\/media?parent=37681"}],"wp:term":[{"taxonomy":"product_cat","embeddable":true,"href":"https:\/\/bhipemea.com\/da-dk\/wp-json\/wp\/v2\/product_cat?post=37681"},{"taxonomy":"product_tag","embeddable":true,"href":"https:\/\/bhipemea.com\/da-dk\/wp-json\/wp\/v2\/product_tag?post=37681"}],"curies":[{"name":"wp","href":"https:\/\/api.w.org\/{rel}","templated":true}]}}