{"id":37692,"date":"2022-07-29T10:18:12","date_gmt":"2022-07-29T08:18:12","guid":{"rendered":"https:\/\/bhipemea.com\/product\/fusion-chocolate\/"},"modified":"2024-11-05T14:37:21","modified_gmt":"2024-11-05T13:37:21","slug":"fusion-chocolate","status":"publish","type":"product","link":"https:\/\/bhipemea.com\/da-dk\/product\/fusion-chocolate\/","title":{"rendered":"Fusion Chocolate"},"content":{"rendered":"","protected":false},"excerpt":{"rendered":"<p>Et luksuri\u00f8st kompleks m\u00e5ltid, med ingredienser af h\u00f8j kvalitet og en sammens\u00e6tning, der ud over at skabe en n\u00e6rende kost, ogs\u00e5 hj\u00e6lper med at reducere f\u00f8lelsen af tr\u00e6thed. Den kan derfor anvendes i forbindelse med en v\u00e6gtreducerende kost, som en shake der er nem at tilberede i en travl hverdag med henblik p\u00e5 at opn\u00e5 trivsel og at give kroppen en pr\u00e6cis kombination af ingredienser af h\u00f8j kvalitet, svarende til et m\u00e5ltid. Disse er doseret i portionsposer, der er praktisk og let at opbevare og forbruge, hvilket g\u00f8r B:hip Fusion ideel til livet p\u00e5 farten. Produktet f\u00e5s i tre varianter: Vanilje, Chokolade and Jordb\u00e6r\/Rabarber.   <\/p>\n<p><strong>Rebuild, Perform, Energy*<\/strong><\/p>\n<p>* Dette produkt indeholder blandt andet C-vitamin og B-vitaminer 3,6 og 12. Ordene Rebuild, Perform, Energy er udtryk der henviser til de EFSA Healthclaims disse ingredienser b\u00e6rer.<br \/>\u2013 Vitamin B3, B6 og B12 bidrager til en normal energiydende metabolisme.<br \/>\u2013 Vitamin B3 og B12 bidrager til en reduktion af tr\u00e6thed og udmattelse.<br \/>\u2013 Vitamin C bidrager til en reduktion af tr\u00e6thed og udmattelse.<br \/>\u2013 Vitamin C bidrager til en normal energi ydende metabolisme.<br \/>\u2013 C-vitamin bidrager til beskyttelsen af kroppens celler mod oxidativt stress<br \/>Du vil ikke kunne finde FUSION produkter i almindelige butikker. Vi tror st\u00e6rkt p\u00e5, at produkterne skal forklares, og at du som forbruger b\u00f8r blive r\u00e5dgivet om, hvordan man anvender dem p\u00e5 den bedst mulige m\u00e5de, s\u00e5ledes at du opn\u00e5r produkternes maksimale potentiale. Det er derfor at du kun kan k\u00f8be FUSION fra din coach eller personlige forhandler. <\/p>\n[read-more height-formula=\"product\"]\n","protected":false},"featured_media":39399,"template":"","meta":{"_price":"","_stock":"","_tribe_ticket_header":"","_tribe_default_ticket_provider":"","_tribe_ticket_capacity":"0","_ticket_start_date":"","_ticket_end_date":"","_tribe_ticket_show_description":"","_tribe_ticket_show_not_going":false,"_tribe_ticket_use_global_stock":"","_tribe_ticket_global_stock_level":"","_global_stock_mode":"","_global_stock_cap":"","_tribe_rsvp_for_event":"","_tribe_ticket_going_count":"","_tribe_ticket_not_going_count":"","_tribe_tickets_list":"[]","_tribe_ticket_has_attendee_info_fields":false,"_tec_slr_enabled":"","_tec_slr_layout":""},"product_cat":[213],"product_tag":[],"class_list":{"0":"post-37692","1":"product","2":"type-product","3":"status-publish","4":"has-post-thumbnail","6":"product_brand-bhip","7":"product_cat-kosttilskud","10":"first","11":"instock","12":"shipping-taxable","13":"product-type-simple"},"_links":{"self":[{"href":"https:\/\/bhipemea.com\/da-dk\/wp-json\/wp\/v2\/product\/37692","targetHints":{"allow":["GET"]}}],"collection":[{"href":"https:\/\/bhipemea.com\/da-dk\/wp-json\/wp\/v2\/product"}],"about":[{"href":"https:\/\/bhipemea.com\/da-dk\/wp-json\/wp\/v2\/types\/product"}],"version-history":[{"count":8,"href":"https:\/\/bhipemea.com\/da-dk\/wp-json\/wp\/v2\/product\/37692\/revisions"}],"predecessor-version":[{"id":41787,"href":"https:\/\/bhipemea.com\/da-dk\/wp-json\/wp\/v2\/product\/37692\/revisions\/41787"}],"wp:featuredmedia":[{"embeddable":true,"href":"https:\/\/bhipemea.com\/da-dk\/wp-json\/wp\/v2\/media\/39399"}],"wp:attachment":[{"href":"https:\/\/bhipemea.com\/da-dk\/wp-json\/wp\/v2\/media?parent=37692"}],"wp:term":[{"taxonomy":"product_cat","embeddable":true,"href":"https:\/\/bhipemea.com\/da-dk\/wp-json\/wp\/v2\/product_cat?post=37692"},{"taxonomy":"product_tag","embeddable":true,"href":"https:\/\/bhipemea.com\/da-dk\/wp-json\/wp\/v2\/product_tag?post=37692"}],"curies":[{"name":"wp","href":"https:\/\/api.w.org\/{rel}","templated":true}]}}