{"id":42407,"date":"2022-10-04T15:01:34","date_gmt":"2022-10-04T13:01:34","guid":{"rendered":"https:\/\/bhipemea.com\/ueber-uns\/"},"modified":"2025-01-24T10:08:26","modified_gmt":"2025-01-24T09:08:26","slug":"ueber-uns","status":"publish","type":"page","link":"https:\/\/bhipemea.com\/de-at\/ueber-uns\/","title":{"rendered":"\u00dcber uns"},"content":{"rendered":"\t\t<div data-elementor-type=\"wp-page\" data-elementor-id=\"42407\" class=\"elementor elementor-42407 elementor-33916\">\n\t\t\t\t<div class=\"elementor-element elementor-element-32d6c66 e-flex e-con-boxed e-con e-parent\" data-id=\"32d6c66\" data-element_type=\"container\">\n\t\t\t\t\t<div class=\"e-con-inner\">\n\t\t<div class=\"elementor-element elementor-element-4a73436 e-con-full e-flex e-con e-child\" data-id=\"4a73436\" data-element_type=\"container\">\n\t\t\t\t<div class=\"elementor-element elementor-element-5de1667 elementor-widget elementor-widget-heading\" data-id=\"5de1667\" data-element_type=\"widget\" data-widget_type=\"heading.default\">\n\t\t\t\t<div class=\"elementor-widget-container\">\n\t\t\t<h1 class=\"elementor-heading-title elementor-size-default\">\u00dcber uns<\/h1>\t\t<\/div>\n\t\t\t\t<\/div>\n\t\t\t\t<\/div>\n\t\t\t\t\t<\/div>\n\t\t\t\t<\/div>\n\t\t<div class=\"elementor-element elementor-element-5a9c516 e-con-full e-flex e-con e-parent\" data-id=\"5a9c516\" data-element_type=\"container\">\n\t\t<div class=\"elementor-element elementor-element-dbfe600 e-con-full elementor-max-width e-flex e-con e-child\" data-id=\"dbfe600\" data-element_type=\"container\">\n\t\t<div class=\"elementor-element elementor-element-70ba6e5 e-con-full e-flex e-con e-child\" data-id=\"70ba6e5\" data-element_type=\"container\" data-settings=\"{&quot;background_background&quot;:&quot;classic&quot;}\">\n\t\t<div class=\"elementor-element elementor-element-54d50be e-flex e-con-boxed e-con e-child\" data-id=\"54d50be\" data-element_type=\"container\">\n\t\t\t\t\t<div class=\"e-con-inner\">\n\t\t\t\t<div class=\"elementor-element elementor-element-7f3c5c4 elementor-widget elementor-widget-heading\" data-id=\"7f3c5c4\" data-element_type=\"widget\" data-widget_type=\"heading.default\">\n\t\t\t\t<div class=\"elementor-widget-container\">\n\t\t\t<h1 class=\"elementor-heading-title elementor-size-default\">Missionserkl\u00e4rung<\/h1>\t\t<\/div>\n\t\t\t\t<\/div>\n\t\t\t\t<div class=\"elementor-element elementor-element-bcbbb76 elementor-widget elementor-widget-text-editor\" data-id=\"bcbbb76\" data-element_type=\"widget\" data-widget_type=\"text-editor.default\">\n\t\t\t\t<div class=\"elementor-widget-container\">\n\t\t\t\t\t\t\t<p>Unsere Mission bei B:hip EMEA ist es, den Menschen zu einem ges\u00fcnderen und reicheren Lebensstil zu verhelfen, indem wir ein solides, nachhaltiges Unternehmen mit einzigartigen Produkten f\u00fchren und eine herausragende Gesch\u00e4ftsm\u00f6glichkeit anbieten. Wir sind kein b\u00f6rsennotiertes Unternehmen und haben daher keine externen Aktion\u00e4re, die wir zufriedenstellen m\u00fcssen. Alles, was uns wichtig ist, ist der Erfolg unserer Vertriebspartner und die Bereitstellung unserer hochwertigen Produkte f\u00fcr Kunden auf der ganzen Welt. In den kommenden Jahren werden wir uns weltweit organisch expandieren und das Unternehmen auf soliden Prinzipien und hoher Integrit\u00e4t aufbauen.<\/p>\n\t\t\t\t\t\t<\/div>\n\t\t\t\t<\/div>\n\t\t\t\t\t<\/div>\n\t\t\t\t<\/div>\n\t\t\t\t<\/div>\n\t\t<div class=\"elementor-element elementor-element-c9ef8ff e-con-full e-flex e-con e-child\" data-id=\"c9ef8ff\" data-element_type=\"container\" data-settings=\"{&quot;background_background&quot;:&quot;classic&quot;}\">\n\t\t\t\t<\/div>\n\t\t\t\t<\/div>\n\t\t\t\t<\/div>\n\t\t<div class=\"elementor-element elementor-element-d2d5380 e-flex e-con-boxed e-con e-parent\" data-id=\"d2d5380\" data-element_type=\"container\">\n\t\t\t\t\t<div class=\"e-con-inner\">\n\t\t<div class=\"elementor-element elementor-element-703577f e-con-full e-flex e-con e-child\" data-id=\"703577f\" data-element_type=\"container\">\n\t\t\t\t<div class=\"elementor-element elementor-element-cd1698d elementor-widget elementor-widget-heading\" data-id=\"cd1698d\" data-element_type=\"widget\" data-widget_type=\"heading.default\">\n\t\t\t\t<div class=\"elementor-widget-container\">\n\t\t\t<h2 class=\"elementor-heading-title elementor-size-default\">Globale Strategie<\/h2>\t\t<\/div>\n\t\t\t\t<\/div>\n\t\t\t\t<div class=\"elementor-element elementor-element-a822f44 elementor-widget elementor-widget-text-editor\" data-id=\"a822f44\" data-element_type=\"widget\" data-widget_type=\"text-editor.default\">\n\t\t\t\t<div class=\"elementor-widget-container\">\n\t\t\t\t\t\t\t<p>Unser Ziel ist es, unsere internationale Expansion fortzusetzen und unser einzigartiges Gesch\u00e4ftsmodell sowie unsere Gesundheitsprodukte in eine Vielzahl von M\u00e4rkten und L\u00e4ndern zu bringen. \u201eGemeinschaft\u201c ist f\u00fcr uns mehr als nur ein Wort, und wir glauben daran, der \u00d6ffentlichkeit etwas zur\u00fcckzugeben, die uns unterst\u00fctzt. Wir glauben fest an Transparenz und Markenverantwortung und setzen alles daran, die Produkt- und rechtlichen Richtlinien in unseren angegebenen Vertriebsl\u00e4ndern einzuhalten. Unser vern\u00fcnftiger Ansatz f\u00fcr bew\u00e4hrte Branchenpraktiken, zusammen mit einer stabilen und zuverl\u00e4ssigen Online-Infrastruktur, gibt unseren Vertriebspartnern die Werkzeuge, die sie ben\u00f6tigen, um ihr eigenes Gesch\u00e4ft aufzubauen. Wir haben Vertrauen in die St\u00e4rke und Authentizit\u00e4t unserer Marke. Wir werden weiterhin expandieren und unsere Vision in den K\u00f6pfen und Herzen unserer Vertriebspartner und Kunden verankern, w\u00e4hrend wir weiterhin auf ein ges\u00fcnderes, reichhaltigeres Leben f\u00fcr alle hinarbeiten.<\/p>\n\t\t\t\t\t\t<\/div>\n\t\t\t\t<\/div>\n\t\t\t\t<\/div>\n\t\t\t\t\t<\/div>\n\t\t\t\t<\/div>\n\t\t\t\t<\/div>\n\t\t","protected":false},"excerpt":{"rendered":"<p>\u00dcber uns Missionserkl\u00e4rung Unsere Mission bei B:hip EMEA ist es, den Menschen zu einem ges\u00fcnderen und reicheren Lebensstil zu verhelfen, indem wir ein solides, nachhaltiges Unternehmen mit einzigartigen Produkten f\u00fchren [&hellip;]<\/p>\n","protected":false},"author":1,"featured_media":0,"parent":0,"menu_order":0,"comment_status":"closed","ping_status":"closed","template":"","meta":{"_price":"","_stock":"","_tribe_ticket_header":"","_tribe_default_ticket_provider":"","_tribe_ticket_capacity":"0","_ticket_start_date":"","_ticket_end_date":"","_tribe_ticket_show_description":"","_tribe_ticket_show_not_going":false,"_tribe_ticket_use_global_stock":"","_tribe_ticket_global_stock_level":"","_global_stock_mode":"","_global_stock_cap":"","_tribe_rsvp_for_event":"","_tribe_ticket_going_count":"","_tribe_ticket_not_going_count":"","_tribe_tickets_list":"[]","_tribe_ticket_has_attendee_info_fields":false,"footnotes":"","_tec_slr_enabled":"","_tec_slr_layout":""},"class_list":["post-42407","page","type-page","status-publish","hentry"],"ticketed":false,"_links":{"self":[{"href":"https:\/\/bhipemea.com\/de-at\/wp-json\/wp\/v2\/pages\/42407","targetHints":{"allow":["GET"]}}],"collection":[{"href":"https:\/\/bhipemea.com\/de-at\/wp-json\/wp\/v2\/pages"}],"about":[{"href":"https:\/\/bhipemea.com\/de-at\/wp-json\/wp\/v2\/types\/page"}],"author":[{"embeddable":true,"href":"https:\/\/bhipemea.com\/de-at\/wp-json\/wp\/v2\/users\/1"}],"replies":[{"embeddable":true,"href":"https:\/\/bhipemea.com\/de-at\/wp-json\/wp\/v2\/comments?post=42407"}],"version-history":[{"count":1,"href":"https:\/\/bhipemea.com\/de-at\/wp-json\/wp\/v2\/pages\/42407\/revisions"}],"predecessor-version":[{"id":42409,"href":"https:\/\/bhipemea.com\/de-at\/wp-json\/wp\/v2\/pages\/42407\/revisions\/42409"}],"wp:attachment":[{"href":"https:\/\/bhipemea.com\/de-at\/wp-json\/wp\/v2\/media?parent=42407"}],"curies":[{"name":"wp","href":"https:\/\/api.w.org\/{rel}","templated":true}]}}