{"id":42410,"date":"2022-07-29T14:58:31","date_gmt":"2022-07-29T12:58:31","guid":{"rendered":"https:\/\/bhipemea.com\/gelegenheit\/"},"modified":"2025-01-24T10:49:48","modified_gmt":"2025-01-24T09:49:48","slug":"gelegenheit","status":"publish","type":"page","link":"https:\/\/bhipemea.com\/de-at\/gelegenheit\/","title":{"rendered":"Gelegenheit"},"content":{"rendered":"\t\t<div data-elementor-type=\"wp-page\" data-elementor-id=\"42410\" class=\"elementor elementor-42410 elementor-33688\">\n\t\t\t\t<div class=\"elementor-element elementor-element-b5cdd9d e-flex e-con-boxed e-con e-parent\" data-id=\"b5cdd9d\" data-element_type=\"container\">\n\t\t\t\t\t<div class=\"e-con-inner\">\n\t\t<div class=\"elementor-element elementor-element-86d45f7 e-con-full e-flex e-con e-child\" data-id=\"86d45f7\" data-element_type=\"container\">\n\t\t\t\t<div class=\"elementor-element elementor-element-13e10d0 elementor-widget elementor-widget-heading\" data-id=\"13e10d0\" data-element_type=\"widget\" data-widget_type=\"heading.default\">\n\t\t\t\t<div class=\"elementor-widget-container\">\n\t\t\t<h1 class=\"elementor-heading-title elementor-size-default\">Gelegenheit<\/h1>\t\t<\/div>\n\t\t\t\t<\/div>\n\t\t\t\t<div class=\"elementor-element elementor-element-e72b998 elementor-widget elementor-widget-text-editor\" data-id=\"e72b998\" data-element_type=\"widget\" data-widget_type=\"text-editor.default\">\n\t\t\t\t<div class=\"elementor-widget-container\">\n\t\t\t\t\t\t\t<p>\u00c4ndere deinen Weg \u2013 B:hip EMEA bietet eine Gelegenheit, all dies mit einem Gesch\u00e4fts- und Vertriebsmodell namens Direktvertrieb zu tun. Die Direktvertriebsbranche w\u00e4chst schnell und besch\u00e4ftigt derzeit Millionen von Menschen weltweit. <\/p>\n\t\t\t\t\t\t<\/div>\n\t\t\t\t<\/div>\n\t\t\t\t<\/div>\n\t\t\t\t\t<\/div>\n\t\t\t\t<\/div>\n\t\t<div class=\"elementor-element elementor-element-4124e36 e-con-full e-flex e-con e-parent\" data-id=\"4124e36\" data-element_type=\"container\">\n\t\t<div class=\"elementor-element elementor-element-6440286 e-con-full elementor-max-width e-flex e-con e-child\" data-id=\"6440286\" data-element_type=\"container\">\n\t\t<div class=\"elementor-element elementor-element-0b6185d e-con-full e-flex e-con e-child\" data-id=\"0b6185d\" data-element_type=\"container\" data-settings=\"{&quot;background_background&quot;:&quot;classic&quot;}\">\n\t\t\t\t<\/div>\n\t\t<div class=\"elementor-element elementor-element-87c4354 e-con-full e-flex e-con e-child\" data-id=\"87c4354\" data-element_type=\"container\" data-settings=\"{&quot;background_background&quot;:&quot;classic&quot;}\">\n\t\t<div class=\"elementor-element elementor-element-23a3b9b e-flex e-con-boxed e-con e-child\" data-id=\"23a3b9b\" data-element_type=\"container\">\n\t\t\t\t\t<div class=\"e-con-inner\">\n\t\t\t\t<div class=\"elementor-element elementor-element-d5ba412 elementor-widget elementor-widget-heading\" data-id=\"d5ba412\" data-element_type=\"widget\" data-widget_type=\"heading.default\">\n\t\t\t\t<div class=\"elementor-widget-container\">\n\t\t\t<h1 class=\"elementor-heading-title elementor-size-default\">Sei dein eigener Chef<\/h1>\t\t<\/div>\n\t\t\t\t<\/div>\n\t\t\t\t<div class=\"elementor-element elementor-element-339f7f8 elementor-widget elementor-widget-text-editor\" data-id=\"339f7f8\" data-element_type=\"widget\" data-widget_type=\"text-editor.default\">\n\t\t\t\t<div class=\"elementor-widget-container\">\n\t\t\t\t\t\t\tHast du schon einmal dar\u00fcber nachgedacht, dein eigener Chef zu sein? Zu w\u00e4hlen, wann und wie viel du arbeitest? Mit wem du zusammenarbeitest? M\u00f6chtest du Teil eines lustigen, starken und ehrgeizigen Teams mit toller Kultur und Teamgeist sein?   \n\t\t\t\t\t\t<\/div>\n\t\t\t\t<\/div>\n\t\t\t\t<div class=\"elementor-element elementor-element-ca64de5 elementor-widget elementor-widget-heading\" data-id=\"ca64de5\" data-element_type=\"widget\" data-widget_type=\"heading.default\">\n\t\t\t\t<div class=\"elementor-widget-container\">\n\t\t\t<h1 class=\"elementor-heading-title elementor-size-default\">Zus\u00e4tzliches Einkommen oder Vollzeitkarriere?<\/h1>\t\t<\/div>\n\t\t\t\t<\/div>\n\t\t\t\t<div class=\"elementor-element elementor-element-e967ee2 elementor-widget elementor-widget-text-editor\" data-id=\"e967ee2\" data-element_type=\"widget\" data-widget_type=\"text-editor.default\">\n\t\t\t\t<div class=\"elementor-widget-container\">\n\t\t\t\t\t\t\t<p>Egal, ob du nach einem zus\u00e4tzlichen Einkommen in Teilzeit suchst und dabei Spa\u00df haben m\u00f6chtest, oder ob du dich darauf konzentrieren m\u00f6chtest, dein eigenes gro\u00dfartiges Vertriebsteam aufzubauen und zu f\u00fchren, um die Kontrolle \u00fcber deine finanzielle Zukunft zu \u00fcbernehmen \u2013 B:hip k\u00f6nnte der richtige Ort f\u00fcr dich sein.<\/p>\n<p>Vielleicht bist du ein Kunde, der in unsere Produkte verliebt ist und sie mit der Welt teilen m\u00f6chte?<\/p>\n\t\t\t\t\t\t<\/div>\n\t\t\t\t<\/div>\n\t\t\t\t\t<\/div>\n\t\t\t\t<\/div>\n\t\t\t\t<\/div>\n\t\t\t\t<\/div>\n\t\t\t\t<\/div>\n\t\t<div class=\"elementor-element elementor-element-5777dfb e-flex e-con-boxed e-con e-parent\" data-id=\"5777dfb\" data-element_type=\"container\">\n\t\t\t\t\t<div class=\"e-con-inner\">\n\t\t<div class=\"elementor-element elementor-element-f16c485 e-con-full e-flex e-con e-child\" data-id=\"f16c485\" data-element_type=\"container\">\n\t\t\t\t<div class=\"elementor-element elementor-element-d967fd9 elementor-widget elementor-widget-heading\" data-id=\"d967fd9\" data-element_type=\"widget\" data-widget_type=\"heading.default\">\n\t\t\t\t<div class=\"elementor-widget-container\">\n\t\t\t<h1 class=\"elementor-heading-title elementor-size-default\">Produkte von Weltklasse<\/h1>\t\t<\/div>\n\t\t\t\t<\/div>\n\t\t\t\t<div class=\"elementor-element elementor-element-50ccce2 elementor-widget elementor-widget-text-editor\" data-id=\"50ccce2\" data-element_type=\"widget\" data-widget_type=\"text-editor.default\">\n\t\t\t\t<div class=\"elementor-widget-container\">\n\t\t\t\t\t\t\t<p>Wenn du ein unabh\u00e4ngiger B:hip-Vertriebspartner wirst, besteht deine Aufgabe darin, die hochwertigen Produkte von B:hip zu vermarkten und zu verkaufen sowie die Gelegenheit mit gleichgesinnten Menschen zu teilen. Du hast die Unterst\u00fctzung und R\u00fcckendeckung durch unser bew\u00e4hrtes Gesch\u00e4ftssystem sowie die Freiheit, selbst zu entscheiden, wie viel Zeit und Aufwand du investieren m\u00f6chtest und wie weit du gehen willst. Du bist unabh\u00e4ngig, aber du bist nie allein. Mit einem soliden Bildungssystem und Unterst\u00fctzungssystemen sowie weltklasse F\u00fchrung bietet B:hip das Vehikel, um deine Tr\u00e4ume zu verwirklichen und das Leben zu f\u00fchren, das du dir w\u00fcnschst.<\/p>\n\t\t\t\t\t\t<\/div>\n\t\t\t\t<\/div>\n\t\t\t\t<\/div>\n\t\t\t\t\t<\/div>\n\t\t\t\t<\/div>\n\t\t\t\t<\/div>\n\t\t","protected":false},"excerpt":{"rendered":"<p>Gelegenheit \u00c4ndere deinen Weg \u2013 B:hip EMEA bietet eine Gelegenheit, all dies mit einem Gesch\u00e4fts- und Vertriebsmodell namens Direktvertrieb zu tun. Die Direktvertriebsbranche w\u00e4chst schnell und besch\u00e4ftigt derzeit Millionen von [&hellip;]<\/p>\n","protected":false},"author":1,"featured_media":0,"parent":0,"menu_order":0,"comment_status":"closed","ping_status":"closed","template":"","meta":{"_price":"","_stock":"","_tribe_ticket_header":"","_tribe_default_ticket_provider":"","_tribe_ticket_capacity":"0","_ticket_start_date":"","_ticket_end_date":"","_tribe_ticket_show_description":"","_tribe_ticket_show_not_going":false,"_tribe_ticket_use_global_stock":"","_tribe_ticket_global_stock_level":"","_global_stock_mode":"","_global_stock_cap":"","_tribe_rsvp_for_event":"","_tribe_ticket_going_count":"","_tribe_ticket_not_going_count":"","_tribe_tickets_list":"[]","_tribe_ticket_has_attendee_info_fields":false,"footnotes":"","_tec_slr_enabled":"","_tec_slr_layout":""},"class_list":["post-42410","page","type-page","status-publish","hentry"],"ticketed":false,"_links":{"self":[{"href":"https:\/\/bhipemea.com\/de-at\/wp-json\/wp\/v2\/pages\/42410","targetHints":{"allow":["GET"]}}],"collection":[{"href":"https:\/\/bhipemea.com\/de-at\/wp-json\/wp\/v2\/pages"}],"about":[{"href":"https:\/\/bhipemea.com\/de-at\/wp-json\/wp\/v2\/types\/page"}],"author":[{"embeddable":true,"href":"https:\/\/bhipemea.com\/de-at\/wp-json\/wp\/v2\/users\/1"}],"replies":[{"embeddable":true,"href":"https:\/\/bhipemea.com\/de-at\/wp-json\/wp\/v2\/comments?post=42410"}],"version-history":[{"count":1,"href":"https:\/\/bhipemea.com\/de-at\/wp-json\/wp\/v2\/pages\/42410\/revisions"}],"predecessor-version":[{"id":42412,"href":"https:\/\/bhipemea.com\/de-at\/wp-json\/wp\/v2\/pages\/42410\/revisions\/42412"}],"wp:attachment":[{"href":"https:\/\/bhipemea.com\/de-at\/wp-json\/wp\/v2\/media?parent=42410"}],"curies":[{"name":"wp","href":"https:\/\/api.w.org\/{rel}","templated":true}]}}