{"id":42383,"date":"2022-07-29T14:29:15","date_gmt":"2022-07-29T12:29:15","guid":{"rendered":"https:\/\/bhipemea.com\/product\/high-performance-eye-cream\/"},"modified":"2022-07-29T14:29:15","modified_gmt":"2022-07-29T12:29:15","slug":"high-performance-eye-cream","status":"publish","type":"product","link":"https:\/\/bhipemea.com\/de-at\/product\/high-performance-eye-cream\/","title":{"rendered":"High Performance Eye Cream"},"content":{"rendered":"","protected":false},"excerpt":{"rendered":"<p>Mol&amp;B High Performance Eye Cream ist eine leichte und frische, k\u00fchlende Anti-Aging-Augencreme, die die empfindliche Haut rund um die Augen mit einem straffenden Effekt mit Feuchtigkeit versorgt und sch\u00fctzt und hilft, Schwellungen, Falten und feine Linien zu reduzieren. Sie hat leichte Gel-Creme Textur und enth\u00e4lt n\u00e4hrendes Bio- Hagenbuttenkern\u00f6l, Aldavine TM 5X, die dunkle Augenringe reduziert und Geschwollenheit beugt und Dragosine, das die Kollagensynthese stimuliert. Es enth\u00e4lt auch Gatuline In-Tense, die die Hautfestigkeit verst\u00e4rkt und die jugendliche glatte Struktur der Haut mit Filler \u00e4hnliche Wirkung wiederherstellt.<\/p>\n<p>Mol&amp;B High Performance Eye Cream wird leicht von der Haut aufgenommen und hilft, Augenringe und feine Linien zu reduzieren, sodass die Augenpartie glatter, frischer und jugendlicher aussieht.<\/p>\n<p><strong><em>Fu\u0308r jeden Hauttyp geeignet.<\/em><\/strong><br \/>\n[read-more height-formula=\"product\"]<\/p>\n","protected":false},"featured_media":42385,"template":"","meta":{"_price":"","_stock":"","_tribe_ticket_header":"","_tribe_default_ticket_provider":"","_tribe_ticket_capacity":"0","_ticket_start_date":"","_ticket_end_date":"","_tribe_ticket_show_description":"","_tribe_ticket_show_not_going":false,"_tribe_ticket_use_global_stock":"","_tribe_ticket_global_stock_level":"","_global_stock_mode":"","_global_stock_cap":"","_tribe_rsvp_for_event":"","_tribe_ticket_going_count":"","_tribe_ticket_not_going_count":"","_tribe_tickets_list":"[]","_tribe_ticket_has_attendee_info_fields":false,"_tec_slr_enabled":"","_tec_slr_layout":""},"product_cat":[380],"product_tag":[],"class_list":{"0":"post-42383","1":"product","2":"type-product","3":"status-publish","4":"has-post-thumbnail","6":"product_brand-molb","7":"product_cat-hautpflege","10":"first","11":"instock","12":"shipping-taxable","13":"product-type-simple"},"_links":{"self":[{"href":"https:\/\/bhipemea.com\/de-at\/wp-json\/wp\/v2\/product\/42383","targetHints":{"allow":["GET"]}}],"collection":[{"href":"https:\/\/bhipemea.com\/de-at\/wp-json\/wp\/v2\/product"}],"about":[{"href":"https:\/\/bhipemea.com\/de-at\/wp-json\/wp\/v2\/types\/product"}],"version-history":[{"count":0,"href":"https:\/\/bhipemea.com\/de-at\/wp-json\/wp\/v2\/product\/42383\/revisions"}],"wp:featuredmedia":[{"embeddable":true,"href":"https:\/\/bhipemea.com\/de-at\/wp-json\/wp\/v2\/media\/42385"}],"wp:attachment":[{"href":"https:\/\/bhipemea.com\/de-at\/wp-json\/wp\/v2\/media?parent=42383"}],"wp:term":[{"taxonomy":"product_cat","embeddable":true,"href":"https:\/\/bhipemea.com\/de-at\/wp-json\/wp\/v2\/product_cat?post=42383"},{"taxonomy":"product_tag","embeddable":true,"href":"https:\/\/bhipemea.com\/de-at\/wp-json\/wp\/v2\/product_tag?post=42383"}],"curies":[{"name":"wp","href":"https:\/\/api.w.org\/{rel}","templated":true}]}}