{"id":42392,"date":"2022-07-29T14:26:08","date_gmt":"2022-07-29T12:26:08","guid":{"rendered":"https:\/\/bhipemea.com\/product\/multi-functional-regenerating\/"},"modified":"2022-07-29T14:26:08","modified_gmt":"2022-07-29T12:26:08","slug":"multi-functional-regenerating","status":"publish","type":"product","link":"https:\/\/bhipemea.com\/de-at\/product\/multi-functional-regenerating\/","title":{"rendered":"Multi-Functional Regenerating"},"content":{"rendered":"","protected":false},"excerpt":{"rendered":"<p>Mol&amp;B Multifunktionale Regenerierende Gesichtscreme ist eine regerenative multifunktionale und anti-aging Creme, die die Haut mit intensiver Feuchtigkeit, Pflege und Nahrung versorgt.<\/p>\n<p>Die Creme ist reich an Antioxidanten und aktive hautstraffende Inhaltsstoffe, die die Haut gl\u00e4tten<br \/>und n\u00e4hren. Sie enth\u00e4lt Rovisome Q10, die die Altersspuren noch in tieferen Hautschichte beugt. Dragosine\u00ae stimuliert die Kollagenneuerneuerung und beugt UV-Sch\u00e4den vor; feuchtigkeitsspendende und heilende Sheabutter sowie Hyalurons\u00e4ure, die der Haut hilft, ihre eigene Feuchtigkeit zu bewahren und ihre Festigkeit und Elastizit\u00e4t zu erhalten. Au\u00dferdem enth\u00e4lt es n\u00e4hrendes, organisches Hagebuttenkern\u00f6l, das voller Antioxidantien und wertvoller Fetts\u00e4uren steckt. Die Multi-Functional Regenerating Facial Cream von Mol&amp;B wird leicht von der Haut aufgenommen, die Haut wird gestrafft und feine Linien werden gegl\u00e4ttet. Das Ergebnis ist ein weiches, gut durchfeuchtetes und widerstandsf\u00e4higes Hautbild, das mit neuer Vitalit\u00e4t strahlt.<\/p>\n<p><em><strong>Geeignet f\u00fcr alle Hauttypen \u2013 besonders f\u00fcr sehr trockene Haut.<\/strong><\/em><br \/>\n[read-more height-formula=\"product\"]<\/p>\n","protected":false},"featured_media":42394,"template":"","meta":{"_price":"","_stock":"","_tribe_ticket_header":"","_tribe_default_ticket_provider":"","_tribe_ticket_capacity":"0","_ticket_start_date":"","_ticket_end_date":"","_tribe_ticket_show_description":"","_tribe_ticket_show_not_going":false,"_tribe_ticket_use_global_stock":"","_tribe_ticket_global_stock_level":"","_global_stock_mode":"","_global_stock_cap":"","_tribe_rsvp_for_event":"","_tribe_ticket_going_count":"","_tribe_ticket_not_going_count":"","_tribe_tickets_list":"[]","_tribe_ticket_has_attendee_info_fields":false,"_tec_slr_enabled":"","_tec_slr_layout":""},"product_cat":[380],"product_tag":[],"class_list":{"0":"post-42392","1":"product","2":"type-product","3":"status-publish","4":"has-post-thumbnail","6":"product_brand-molb","7":"product_cat-hautpflege","10":"first","11":"instock","12":"shipping-taxable","13":"product-type-simple"},"_links":{"self":[{"href":"https:\/\/bhipemea.com\/de-at\/wp-json\/wp\/v2\/product\/42392","targetHints":{"allow":["GET"]}}],"collection":[{"href":"https:\/\/bhipemea.com\/de-at\/wp-json\/wp\/v2\/product"}],"about":[{"href":"https:\/\/bhipemea.com\/de-at\/wp-json\/wp\/v2\/types\/product"}],"version-history":[{"count":0,"href":"https:\/\/bhipemea.com\/de-at\/wp-json\/wp\/v2\/product\/42392\/revisions"}],"wp:featuredmedia":[{"embeddable":true,"href":"https:\/\/bhipemea.com\/de-at\/wp-json\/wp\/v2\/media\/42394"}],"wp:attachment":[{"href":"https:\/\/bhipemea.com\/de-at\/wp-json\/wp\/v2\/media?parent=42392"}],"wp:term":[{"taxonomy":"product_cat","embeddable":true,"href":"https:\/\/bhipemea.com\/de-at\/wp-json\/wp\/v2\/product_cat?post=42392"},{"taxonomy":"product_tag","embeddable":true,"href":"https:\/\/bhipemea.com\/de-at\/wp-json\/wp\/v2\/product_tag?post=42392"}],"curies":[{"name":"wp","href":"https:\/\/api.w.org\/{rel}","templated":true}]}}