{"id":42395,"date":"2022-07-29T14:27:40","date_gmt":"2022-07-29T12:27:40","guid":{"rendered":"https:\/\/bhipemea.com\/product\/intense-multi-functional-body-face-oil\/"},"modified":"2022-07-29T14:27:40","modified_gmt":"2022-07-29T12:27:40","slug":"intense-multi-functional-body-face-oil","status":"publish","type":"product","link":"https:\/\/bhipemea.com\/de-at\/product\/intense-multi-functional-body-face-oil\/","title":{"rendered":"Intense Multi-Functional Body &amp; Face Oil"},"content":{"rendered":"","protected":false},"excerpt":{"rendered":"<p>Mol&amp;B Intensives Multifunktionales K\u00f6rper und Gesichts\u00f6l ist ein leichtes nichtschmieriges \u00d6l, das schnell in die Haut absorbiert und macht die Haut sanft, geschmeidig und seidenglatt. <\/p>\n<p>Das \u00d6l hilft die Haut ihre Feuchtigkeit den ganzen Tag zu behalten. Das hochwertige Pflege\u00f6l enth\u00e4lt 50% kaltgepresstes konzentriertes Bio- Hagenbuttenkern\u00f6l, das nicht nur mit Fetts\u00e4uren reich ist, sondern auch mit Anti-Aging Wirkstoffe wie Retins\u00e4ure (ein Derivat von Vitamin A) natu\u0308rlich bereichert ist. Das Hagenbuttenkern\u00f6l ist fu\u0308r seine extrem regenerierende und verju\u0308ngende Eigenschaften der Haut bekannt und es ist auch fu\u0308r sonnengesch\u00e4digte Haut, Dehnungsstreifen und sehr trockene Haut geeignet. Zudem verbessert die Hautfestigkeit und Hautelastizit\u00e4t.<br \/>\n[read-more height-formula=\"product\"]<\/p>\n","protected":false},"featured_media":42397,"template":"","meta":{"_price":"","_stock":"","_tribe_ticket_header":"","_tribe_default_ticket_provider":"","_tribe_ticket_capacity":"0","_ticket_start_date":"","_ticket_end_date":"","_tribe_ticket_show_description":"","_tribe_ticket_show_not_going":false,"_tribe_ticket_use_global_stock":"","_tribe_ticket_global_stock_level":"","_global_stock_mode":"","_global_stock_cap":"","_tribe_rsvp_for_event":"","_tribe_ticket_going_count":"","_tribe_ticket_not_going_count":"","_tribe_tickets_list":"[]","_tribe_ticket_has_attendee_info_fields":false,"_tec_slr_enabled":"","_tec_slr_layout":""},"product_cat":[380],"product_tag":[],"class_list":{"0":"post-42395","1":"product","2":"type-product","3":"status-publish","4":"has-post-thumbnail","6":"product_brand-molb","7":"product_cat-hautpflege","10":"first","11":"instock","12":"shipping-taxable","13":"product-type-simple"},"_links":{"self":[{"href":"https:\/\/bhipemea.com\/de-at\/wp-json\/wp\/v2\/product\/42395","targetHints":{"allow":["GET"]}}],"collection":[{"href":"https:\/\/bhipemea.com\/de-at\/wp-json\/wp\/v2\/product"}],"about":[{"href":"https:\/\/bhipemea.com\/de-at\/wp-json\/wp\/v2\/types\/product"}],"version-history":[{"count":0,"href":"https:\/\/bhipemea.com\/de-at\/wp-json\/wp\/v2\/product\/42395\/revisions"}],"wp:featuredmedia":[{"embeddable":true,"href":"https:\/\/bhipemea.com\/de-at\/wp-json\/wp\/v2\/media\/42397"}],"wp:attachment":[{"href":"https:\/\/bhipemea.com\/de-at\/wp-json\/wp\/v2\/media?parent=42395"}],"wp:term":[{"taxonomy":"product_cat","embeddable":true,"href":"https:\/\/bhipemea.com\/de-at\/wp-json\/wp\/v2\/product_cat?post=42395"},{"taxonomy":"product_tag","embeddable":true,"href":"https:\/\/bhipemea.com\/de-at\/wp-json\/wp\/v2\/product_tag?post=42395"}],"curies":[{"name":"wp","href":"https:\/\/api.w.org\/{rel}","templated":true}]}}