{"id":42398,"date":"2022-07-29T14:27:13","date_gmt":"2022-07-29T12:27:13","guid":{"rendered":"https:\/\/bhipemea.com\/product\/multi-functional-anti-aging\/"},"modified":"2022-07-29T14:27:13","modified_gmt":"2022-07-29T12:27:13","slug":"multi-functional-anti-aging","status":"publish","type":"product","link":"https:\/\/bhipemea.com\/de-at\/product\/multi-functional-anti-aging\/","title":{"rendered":"Multi-Functional Anti-Aging"},"content":{"rendered":"","protected":false},"excerpt":{"rendered":"<p>Mol&amp;B Anti-Aging Gesichtscreme ist eine wirksame und schu\u0308tzende multifunktionale Anti-Aging Creme, die die Haut mit intensiver Feuchtigkeit, Pflege und Nahrung versorgt. Die Creme ist an Antioxidanten und aktive hautstraffende Inhaltsstoffe reich, die die Vitalit\u00e4t der Haut gl\u00e4tten und f\u00f6rdern.<\/p>\n<p>Sie enth\u00e4lt n\u00e4hrendes Bio- Hagenbuttenkern\u00f6l, das die natu\u0308rliche Spannkraft der Haut erh\u00f6ht. Vitamin E und B3 plus Gatuline In-Tense- ein aktives natu\u0308rliches Pflanzenauszug, das die Hautfestigkeit verst\u00e4rkt und die jugendliche glatte Struktur der Haut mit Filler \u00e4hnliche Wirkung wiederherstellt. Mol&amp;B Anti-Aging Gesichtscreme ist einfach durch die Haut absorbiert, die Haut ist gestrafft und feine Linien sing gegl\u00e4ttet. Das Ergebnis ist ein elastisches, feuchtes, sanftes und gleichm\u00e4\u00dfiges Hautbild.<\/p>\n<p><em><strong>Fu\u0308r jeden Hauttyp geeignet.<\/strong><\/em><\/p>\n[read-more height-formula=\"product\"]\n","protected":false},"featured_media":42399,"template":"","meta":{"_price":"","_stock":"","_tribe_ticket_header":"","_tribe_default_ticket_provider":"","_tribe_ticket_capacity":"0","_ticket_start_date":"","_ticket_end_date":"","_tribe_ticket_show_description":"","_tribe_ticket_show_not_going":false,"_tribe_ticket_use_global_stock":"","_tribe_ticket_global_stock_level":"","_global_stock_mode":"","_global_stock_cap":"","_tribe_rsvp_for_event":"","_tribe_ticket_going_count":"","_tribe_ticket_not_going_count":"","_tribe_tickets_list":"[]","_tribe_ticket_has_attendee_info_fields":false,"_tec_slr_enabled":"","_tec_slr_layout":""},"product_cat":[380],"product_tag":[],"class_list":{"0":"post-42398","1":"product","2":"type-product","3":"status-publish","4":"has-post-thumbnail","6":"product_brand-molb","7":"product_cat-hautpflege","10":"first","11":"instock","12":"shipping-taxable","13":"product-type-simple"},"_links":{"self":[{"href":"https:\/\/bhipemea.com\/de-at\/wp-json\/wp\/v2\/product\/42398","targetHints":{"allow":["GET"]}}],"collection":[{"href":"https:\/\/bhipemea.com\/de-at\/wp-json\/wp\/v2\/product"}],"about":[{"href":"https:\/\/bhipemea.com\/de-at\/wp-json\/wp\/v2\/types\/product"}],"version-history":[{"count":0,"href":"https:\/\/bhipemea.com\/de-at\/wp-json\/wp\/v2\/product\/42398\/revisions"}],"wp:featuredmedia":[{"embeddable":true,"href":"https:\/\/bhipemea.com\/de-at\/wp-json\/wp\/v2\/media\/42399"}],"wp:attachment":[{"href":"https:\/\/bhipemea.com\/de-at\/wp-json\/wp\/v2\/media?parent=42398"}],"wp:term":[{"taxonomy":"product_cat","embeddable":true,"href":"https:\/\/bhipemea.com\/de-at\/wp-json\/wp\/v2\/product_cat?post=42398"},{"taxonomy":"product_tag","embeddable":true,"href":"https:\/\/bhipemea.com\/de-at\/wp-json\/wp\/v2\/product_tag?post=42398"}],"curies":[{"name":"wp","href":"https:\/\/api.w.org\/{rel}","templated":true}]}}