{"id":42401,"date":"2022-07-29T14:28:25","date_gmt":"2022-07-29T12:28:25","guid":{"rendered":"https:\/\/bhipemea.com\/product\/nourishing-face-serum\/"},"modified":"2022-07-29T14:28:25","modified_gmt":"2022-07-29T12:28:25","slug":"nourishing-face-serum","status":"publish","type":"product","link":"https:\/\/bhipemea.com\/de-at\/product\/nourishing-face-serum\/","title":{"rendered":"Nourishing Face Serum"},"content":{"rendered":"","protected":false},"excerpt":{"rendered":"<p>Mol&amp;B N\u00e4hrendes Gesichtsserum ist ein leichtes und seidiges Feuchtigkeitsgel, das die Haut glatt, straff und gleichm\u00e4\u00dfig mit sch\u00f6nem Glanz macht. Es ist reich an Vitaminen und hautstraffenden Inhaltsstoffen, die die Haut n\u00e4hren und stimulieren, und hat eine vorbeugende Wirkung auf Anzeichen der Hautalterung. Das Gel enth\u00e4lt organisches Hagebuttenkern\u00f6l, feuchtigkeitsspendendes Vitamin B3 und Provitamin B5 sowie Dragosine\u00ae \u2013 ein multifunktionales Anti-Aging-Peptid, das die Kollagensynthese stimuliert und antioxidative Eigenschaften besitzt.<\/p>\n<p>Mol&amp;B N\u00e4hrendes Gesichtsserum ist einfach absorbiert und verl\u00e4sst die Haut feucht, gleichm\u00e4\u00dfig und glatt mit gesundem und jugendlichem Ausstrahllung.<\/p>\n<p><em><strong>Fu\u0308r jeden Hauttyp geeignet.<\/strong><\/em><br \/>\n[read-more height-formula=\"product\"]<\/p>\n","protected":false},"featured_media":42403,"template":"","meta":{"_price":"","_stock":"","_tribe_ticket_header":"","_tribe_default_ticket_provider":"","_tribe_ticket_capacity":"0","_ticket_start_date":"","_ticket_end_date":"","_tribe_ticket_show_description":"","_tribe_ticket_show_not_going":false,"_tribe_ticket_use_global_stock":"","_tribe_ticket_global_stock_level":"","_global_stock_mode":"","_global_stock_cap":"","_tribe_rsvp_for_event":"","_tribe_ticket_going_count":"","_tribe_ticket_not_going_count":"","_tribe_tickets_list":"[]","_tribe_ticket_has_attendee_info_fields":false,"_tec_slr_enabled":"","_tec_slr_layout":""},"product_cat":[380],"product_tag":[],"class_list":{"0":"post-42401","1":"product","2":"type-product","3":"status-publish","4":"has-post-thumbnail","6":"product_brand-molb","7":"product_cat-hautpflege","10":"first","11":"instock","12":"shipping-taxable","13":"product-type-simple"},"_links":{"self":[{"href":"https:\/\/bhipemea.com\/de-at\/wp-json\/wp\/v2\/product\/42401","targetHints":{"allow":["GET"]}}],"collection":[{"href":"https:\/\/bhipemea.com\/de-at\/wp-json\/wp\/v2\/product"}],"about":[{"href":"https:\/\/bhipemea.com\/de-at\/wp-json\/wp\/v2\/types\/product"}],"version-history":[{"count":0,"href":"https:\/\/bhipemea.com\/de-at\/wp-json\/wp\/v2\/product\/42401\/revisions"}],"wp:featuredmedia":[{"embeddable":true,"href":"https:\/\/bhipemea.com\/de-at\/wp-json\/wp\/v2\/media\/42403"}],"wp:attachment":[{"href":"https:\/\/bhipemea.com\/de-at\/wp-json\/wp\/v2\/media?parent=42401"}],"wp:term":[{"taxonomy":"product_cat","embeddable":true,"href":"https:\/\/bhipemea.com\/de-at\/wp-json\/wp\/v2\/product_cat?post=42401"},{"taxonomy":"product_tag","embeddable":true,"href":"https:\/\/bhipemea.com\/de-at\/wp-json\/wp\/v2\/product_tag?post=42401"}],"curies":[{"name":"wp","href":"https:\/\/api.w.org\/{rel}","templated":true}]}}