{"id":42404,"date":"2022-07-29T14:26:45","date_gmt":"2022-07-29T12:26:45","guid":{"rendered":"https:\/\/bhipemea.com\/product\/visible-facelift\/"},"modified":"2022-07-29T14:26:45","modified_gmt":"2022-07-29T12:26:45","slug":"visible-facelift","status":"publish","type":"product","link":"https:\/\/bhipemea.com\/de-at\/product\/visible-facelift\/","title":{"rendered":"Visible Facelift"},"content":{"rendered":"","protected":false},"excerpt":{"rendered":"<p>Mol&amp;B Sichtbarer Facelift ist eine extrem effektive Anti-Ageing Creme mit sofortigem Lifting Effekt verleiht ein verju\u0308ngtes Aussehen und f\u00f6rdert die Vitalit\u00e4t der Haut. Er enth\u00e4lt Gatuline In-Tense und Gatuline Expressionwirksame und aktive natu\u0308rliche Pflanzenstoffe bekannt, dass die die Hautfestgkeit verst\u00e4rken und die junge Struktur der Haut mit einem Filler- Effekt wiederherstellen.<\/p>\n<p>Die Haut wird sichtbar gestrafft, Falten und feine Linien werden gegl\u00e4ttet, und die Konturen des Gesichts werden wie nach einem Facelift gestrafft. Das Gesicht sieht sofort viel fester und glatter aus. Dar\u00fcber hinaus wird die Wirkung bei t\u00e4glicher Anwendung verst\u00e4rkt und f\u00fchrt zu glatterer, entspannter Haut. Zus\u00e4tzlich ist das Visible Facelift mit Feuchtigkeitsspendern und n\u00e4hrendem, kaltgepresstem, organischem Hagebuttenkern\u00f6l angereichert, das schnell von der Haut aufgenommen wird.<\/p>\n<p><em><strong>Fu\u0308r jeden Hauttyp geeignet.<\/strong><\/em><\/p>\n[read-more height-formula=\"product\"]\n","protected":false},"featured_media":42406,"template":"","meta":{"_price":"","_stock":"","_tribe_ticket_header":"","_tribe_default_ticket_provider":"","_tribe_ticket_capacity":"0","_ticket_start_date":"","_ticket_end_date":"","_tribe_ticket_show_description":"","_tribe_ticket_show_not_going":false,"_tribe_ticket_use_global_stock":"","_tribe_ticket_global_stock_level":"","_global_stock_mode":"","_global_stock_cap":"","_tribe_rsvp_for_event":"","_tribe_ticket_going_count":"","_tribe_ticket_not_going_count":"","_tribe_tickets_list":"[]","_tribe_ticket_has_attendee_info_fields":false,"_tec_slr_enabled":"","_tec_slr_layout":""},"product_cat":[380],"product_tag":[],"class_list":{"0":"post-42404","1":"product","2":"type-product","3":"status-publish","4":"has-post-thumbnail","6":"product_brand-molb","7":"product_cat-hautpflege","10":"first","11":"instock","12":"shipping-taxable","13":"product-type-simple"},"_links":{"self":[{"href":"https:\/\/bhipemea.com\/de-at\/wp-json\/wp\/v2\/product\/42404","targetHints":{"allow":["GET"]}}],"collection":[{"href":"https:\/\/bhipemea.com\/de-at\/wp-json\/wp\/v2\/product"}],"about":[{"href":"https:\/\/bhipemea.com\/de-at\/wp-json\/wp\/v2\/types\/product"}],"version-history":[{"count":0,"href":"https:\/\/bhipemea.com\/de-at\/wp-json\/wp\/v2\/product\/42404\/revisions"}],"wp:featuredmedia":[{"embeddable":true,"href":"https:\/\/bhipemea.com\/de-at\/wp-json\/wp\/v2\/media\/42406"}],"wp:attachment":[{"href":"https:\/\/bhipemea.com\/de-at\/wp-json\/wp\/v2\/media?parent=42404"}],"wp:term":[{"taxonomy":"product_cat","embeddable":true,"href":"https:\/\/bhipemea.com\/de-at\/wp-json\/wp\/v2\/product_cat?post=42404"},{"taxonomy":"product_tag","embeddable":true,"href":"https:\/\/bhipemea.com\/de-at\/wp-json\/wp\/v2\/product_tag?post=42404"}],"curies":[{"name":"wp","href":"https:\/\/api.w.org\/{rel}","templated":true}]}}