{"id":42413,"date":"2022-07-29T10:24:04","date_gmt":"2022-07-29T08:24:04","guid":{"rendered":"https:\/\/bhipemea.com\/product\/boost-2\/"},"modified":"2022-07-29T10:24:04","modified_gmt":"2022-07-29T08:24:04","slug":"boost-2","status":"publish","type":"product","link":"https:\/\/bhipemea.com\/de-at\/product\/boost-2\/","title":{"rendered":"Boost"},"content":{"rendered":"","protected":false},"excerpt":{"rendered":"<p>Boost ist ein Nahrungserg\u00e4nzungsmittel in Tablettenform. Es wurde entwickelt, um M\u00fcdigkeit und Ersch\u00f6pfung zu reduzieren und gleichzeitig ein angenehmes K\u00f6rpergef\u00fchl zu vermitteln. Dar\u00fcber hinaus tr\u00e4gt Boost dazu bei, den Energiestoffwechsel zu normalisieren und das Immunsystem zu steigern. Dar\u00fcber hinaus hilft der Vitamingehalt in Boost, die Zellen des K\u00f6rpers vor oxidativen Sch\u00e4den zu sch\u00fctzen. Die Einnahme von Boost zwischen den Mahlzeiten bietet die beste Wirksamkeit von Boost.<\/p>\n<p><strong>Clean Herbal Power*<\/strong><\/p>\n<p>\u2013 Clean da kein Zucker zugesetzt wird<br \/>\n\u2013 Herbal was damit zusammenh\u00e4ngt, dass Boost eine Vielzahl von Fruchtpulvern und Kr\u00e4utern enth\u00e4lt<br \/>\n\u2013 Power was sich auf die zugelassenen EFSA-Gesundheitsanspr\u00fcche f\u00fcr die Vitamine B3, B6 und B12 bezieht<\/p>\n<p>Boost wurde entwickelt, um den K\u00f6rper durch den hohen Gehalt an Vitamin B3, 6, 12 und Vitamin C zu st\u00e4rken, dies tr\u00e4gt zu folgendem bei:<\/p>\n<p>\u2013 Verringerung von M\u00fcdigkeit und Ersch\u00f6pfung<br \/>\n\u2013 Stabilisierung des Nerven- und Steigerung des Immunsystems<br \/>\n\u2013 Normalisierung psychologischer Funktionen<br \/>\n\u2013 Verbesserung der Kollagenbildung f\u00fcr Steigerung der Funktion der Blutgef\u00e4\u00dfe<br \/>\n\u2013 Normaler Energieertrag, Homocystein sowie Protein- und Glykogenstoffwechsel<br \/>\n\u2013 Normale Bildung roter Blutk\u00f6rperchen und Schutz der Zellen vor oxidativem Stress<\/p>\n<p>Sie k\u00f6nnen Boost nicht in regul\u00e4ren Gesch\u00e4ften finden. Wir sind fest davon \u00fcberzeugt, dass die Produkte erkl\u00e4rt werden m\u00fcssen und dass Sie als Verbraucher dar\u00fcber informiert werden sollten, wie Sie sie am besten verwenden, um ihr maximales Potenzial zu erreichen. Deshalb k\u00f6nnen Sie die Boost-Produkte nur bei Ihrem Coach oder pers\u00f6nlichen Vertriebspartner kaufen.<br \/>\n[read-more height-formula=\"product\"]<\/p>\n","protected":false},"featured_media":42414,"template":"","meta":{"_price":"","_stock":"","_tribe_ticket_header":"","_tribe_default_ticket_provider":"","_tribe_ticket_capacity":"0","_ticket_start_date":"","_ticket_end_date":"","_tribe_ticket_show_description":"","_tribe_ticket_show_not_going":false,"_tribe_ticket_use_global_stock":"","_tribe_ticket_global_stock_level":"","_global_stock_mode":"","_global_stock_cap":"","_tribe_rsvp_for_event":"","_tribe_ticket_going_count":"","_tribe_ticket_not_going_count":"","_tribe_tickets_list":"[]","_tribe_ticket_has_attendee_info_fields":false,"_tec_slr_enabled":"","_tec_slr_layout":""},"product_cat":[15],"product_tag":[],"class_list":{"0":"post-42413","1":"product","2":"type-product","3":"status-publish","4":"has-post-thumbnail","6":"product_brand-bhip","7":"product_cat-uncategorized","10":"first","11":"instock","12":"shipping-taxable","13":"product-type-simple"},"_links":{"self":[{"href":"https:\/\/bhipemea.com\/de-at\/wp-json\/wp\/v2\/product\/42413","targetHints":{"allow":["GET"]}}],"collection":[{"href":"https:\/\/bhipemea.com\/de-at\/wp-json\/wp\/v2\/product"}],"about":[{"href":"https:\/\/bhipemea.com\/de-at\/wp-json\/wp\/v2\/types\/product"}],"version-history":[{"count":0,"href":"https:\/\/bhipemea.com\/de-at\/wp-json\/wp\/v2\/product\/42413\/revisions"}],"wp:featuredmedia":[{"embeddable":true,"href":"https:\/\/bhipemea.com\/de-at\/wp-json\/wp\/v2\/media\/42414"}],"wp:attachment":[{"href":"https:\/\/bhipemea.com\/de-at\/wp-json\/wp\/v2\/media?parent=42413"}],"wp:term":[{"taxonomy":"product_cat","embeddable":true,"href":"https:\/\/bhipemea.com\/de-at\/wp-json\/wp\/v2\/product_cat?post=42413"},{"taxonomy":"product_tag","embeddable":true,"href":"https:\/\/bhipemea.com\/de-at\/wp-json\/wp\/v2\/product_tag?post=42413"}],"curies":[{"name":"wp","href":"https:\/\/api.w.org\/{rel}","templated":true}]}}