{"id":42417,"date":"2024-06-03T12:50:23","date_gmt":"2024-06-03T10:50:23","guid":{"rendered":"https:\/\/bhipemea.com\/product\/indigo\/"},"modified":"2024-06-03T12:50:23","modified_gmt":"2024-06-03T10:50:23","slug":"indigo","status":"publish","type":"product","link":"https:\/\/bhipemea.com\/de-at\/product\/indigo\/","title":{"rendered":"Indigo"},"content":{"rendered":"","protected":false},"excerpt":{"rendered":"<p>Indigo energetisiert Ihren K\u00f6rper mit Vitamin B und dem nat\u00fcrlich gewonnenen Koffeingehalt von Guarana und gr\u00fcnem Tee, wodurch Sie mehr Aufmerksamkeit und Konzentrationsf\u00e4higkeit erhalten. Es versorgt den K\u00f6rper mit zus\u00e4tzlichen guten N\u00e4hrstoffen aus Spirulina und Blaubeere, die beide einen sehr hohen Gehalt an n\u00fctzlichen Substanzen aufweisen. Einfach und leicht zu bedienen! Ges\u00fc\u00dft mit Stevia als nat\u00fcrlichem S\u00fc\u00dfstoff. Stevia enth\u00e4lt keine Kalorien und wird in Form von Reb-A hinzugef\u00fcgt, das einen \u201ereineren\u201c s\u00fc\u00dfen und reinen Geschmack ergibt.<\/p>\n<p><strong>Clean Herbal Power*<\/strong><\/p>\n<p>\u2013 Clean da ohne Zuckerzusatzt<br \/>\n\u2013 Herbal bezieht sich auf die Tatsache, dass es in Indigo eine Reihe von Fruchtpulvern und Kr\u00e4uterbestandteilen gibt<br \/>\n\u2013 Power bezieht sich auf die zul\u00e4ssigen gesundheitsbezogenen Angaben auf Lebensmitteln (Verordnung (EU) 1924\/2006 &amp; Verordnung (EU) 432\/2012)<\/p>\n<p>Indigo wurde entwickelt, um den K\u00f6rper aufgrund des Gehaltes an Vitamin B3, 6, 12 und Vitamin C zu st\u00e4rken. Dies tr\u00e4gt zu folgendem bei:<\/p>\n<p>\u2013 Verringerung von M\u00fcdigkeit und Ersch\u00f6pfung<br \/>\n\u2013 Normale Funktion des Immunsystems und des Nervensystems<br \/>\n\u2013 Normale psychische Funktion<br \/>\n\u2013 Normale Kollagenbildung f\u00fcr die normale Funktion der Blutgef\u00e4\u00dfe<br \/>\n\u2013 Normaler Energiestoffwechsel, Homocystein-, Protein- und Glykogenstoffwechsel<br \/>\n\u2013 Normale Bildung roter Blutk\u00f6rperchen und Schutz der Zellen vor oxidativem Stress<\/p>\n<p>INDIGO ist in normalen Gesch\u00e4ften nicht erh\u00e4ltlich. Wir sind fest davon \u00fcberzeugt, dass die Produkte erkl\u00e4rt werden m\u00fcssen und dass Sie als Verbraucher dar\u00fcber informiert werden sollten, wie Sie sie am besten verwenden, um ihr maximales Potenzial zu entfalten. Deshalb k\u00f6nnen Sie INDIGO nur bei Ihrem Coach oder pers\u00f6nlichen Vertriebspartner kaufen.<br \/>\n[read-more height-formula=\"product\"]<\/p>\n","protected":false},"featured_media":42419,"template":"","meta":{"_price":"","_stock":"","_tribe_ticket_header":"","_tribe_default_ticket_provider":"","_tribe_ticket_capacity":"0","_ticket_start_date":"","_ticket_end_date":"","_tribe_ticket_show_description":"","_tribe_ticket_show_not_going":false,"_tribe_ticket_use_global_stock":"","_tribe_ticket_global_stock_level":"","_global_stock_mode":"","_global_stock_cap":"","_tribe_rsvp_for_event":"","_tribe_ticket_going_count":"","_tribe_ticket_not_going_count":"","_tribe_tickets_list":"[]","_tribe_ticket_has_attendee_info_fields":false,"_tec_slr_enabled":"","_tec_slr_layout":""},"product_cat":[381],"product_tag":[],"class_list":{"0":"post-42417","1":"product","2":"type-product","3":"status-publish","4":"has-post-thumbnail","6":"product_cat-ernahrung","9":"first","10":"instock","11":"shipping-taxable","12":"product-type-simple"},"_links":{"self":[{"href":"https:\/\/bhipemea.com\/de-at\/wp-json\/wp\/v2\/product\/42417","targetHints":{"allow":["GET"]}}],"collection":[{"href":"https:\/\/bhipemea.com\/de-at\/wp-json\/wp\/v2\/product"}],"about":[{"href":"https:\/\/bhipemea.com\/de-at\/wp-json\/wp\/v2\/types\/product"}],"version-history":[{"count":0,"href":"https:\/\/bhipemea.com\/de-at\/wp-json\/wp\/v2\/product\/42417\/revisions"}],"wp:featuredmedia":[{"embeddable":true,"href":"https:\/\/bhipemea.com\/de-at\/wp-json\/wp\/v2\/media\/42419"}],"wp:attachment":[{"href":"https:\/\/bhipemea.com\/de-at\/wp-json\/wp\/v2\/media?parent=42417"}],"wp:term":[{"taxonomy":"product_cat","embeddable":true,"href":"https:\/\/bhipemea.com\/de-at\/wp-json\/wp\/v2\/product_cat?post=42417"},{"taxonomy":"product_tag","embeddable":true,"href":"https:\/\/bhipemea.com\/de-at\/wp-json\/wp\/v2\/product_tag?post=42417"}],"curies":[{"name":"wp","href":"https:\/\/api.w.org\/{rel}","templated":true}]}}