{"id":42430,"date":"2022-07-29T10:18:12","date_gmt":"2022-07-29T08:18:12","guid":{"rendered":"https:\/\/bhipemea.com\/product\/fusion-chocolate\/"},"modified":"2022-07-29T10:18:12","modified_gmt":"2022-07-29T08:18:12","slug":"fusion-chocolate","status":"publish","type":"product","link":"https:\/\/bhipemea.com\/de-at\/product\/fusion-chocolate\/","title":{"rendered":"Fusion Chocolate"},"content":{"rendered":"","protected":false},"excerpt":{"rendered":"<p>Eine luxuri\u00f6se, komplexe Mahlzeit mit hochwertigen Zutaten und einer Zusammensetzung, die nicht nur eine nahrhafte Ern\u00e4hrung schafft, sondern auch das Gef\u00fchl der M\u00fcdigkeit verringert. Daher kann es in Verbindung mit einer Di\u00e4t zur Gewichtsreduktion als einfach zuzubereitender Shake an einem anstrengenden Tag verwendet werden, um Wohlbefinden zu erzielen und dem K\u00f6rper eine pr\u00e4zise Kombination hochwertiger Inhaltsstoffe zu bieten, die einer Mahlzeit entsprechen. In praktischen Portionsbeuteln dosiert, die einfach zu lagern und zu konsumieren sind, was B:hip Fusion ideal f\u00fcr ein aktives Leben macht. Das Produkt ist in drei Geschmacksrichtungen erh\u00e4ltlich: Vanille, Schokolade und Erdbeere\/Rhabarber.<\/p>\n<p><strong>Rebuild, Perform, Energy*<\/strong><\/p>\n<p>*Dieses Produkt enth\u00e4lt unter anderem die Vitamine B3, 6 und 12 sowie Vitamin C. Die W\u00f6rter Rebuild, Perform, Energy beziehen sich auf die gesundheitsbezogenen Angaben der EFSA, die diese Inhaltsstoffe enthalten.<\/p>\n<p>\u2013 Vitamin B3, B6 und B12 tragen zu einem normalen Energiestoffwechsel bei.<br \/>\n\u2013 Vitamin B3 und B12 tragen zur Verringerung von M\u00fcdigkeit und Ersch\u00f6pfung bei.<br \/>\n\u2013 Vitamin C tr\u00e4gt zur Verringerung von M\u00fcdigkeit und Ersch\u00f6pfung bei.<br \/>\n\u2013 Vitamin C tr\u00e4gt zu einem normalen Energiestoffwechsel bei.<br \/>\n\u2013 Vitamin C tr\u00e4gt zum Schutz der Zellen vor oxidativem Stress bei.<\/p>\n<p>Die FUSION-Produkte sind in normalen Gesch\u00e4ften nicht erh\u00e4ltlich. Wir sind fest davon \u00fcberzeugt, dass die Produkte erkl\u00e4rt werden m\u00fcssen und dass Sie als Verbraucher dar\u00fcber informiert werden sollten, wie Sie sie am besten verwenden, um ihr maximales Potenzial zu erreichen. Deshalb k\u00f6nnen Sie die FUSION-Produkte nur bei Ihrem Coach oder pers\u00f6nlichen Vertriebspartner kaufen.<br \/>\n[read-more height-formula=\"product\"]<\/p>\n","protected":false},"featured_media":42432,"template":"","meta":{"_price":"","_stock":"","_tribe_ticket_header":"","_tribe_default_ticket_provider":"","_tribe_ticket_capacity":"0","_ticket_start_date":"","_ticket_end_date":"","_tribe_ticket_show_description":"","_tribe_ticket_show_not_going":false,"_tribe_ticket_use_global_stock":"","_tribe_ticket_global_stock_level":"","_global_stock_mode":"","_global_stock_cap":"","_tribe_rsvp_for_event":"","_tribe_ticket_going_count":"","_tribe_ticket_not_going_count":"","_tribe_tickets_list":"[]","_tribe_ticket_has_attendee_info_fields":false,"_tec_slr_enabled":"","_tec_slr_layout":""},"product_cat":[381],"product_tag":[],"class_list":{"0":"post-42430","1":"product","2":"type-product","3":"status-publish","4":"has-post-thumbnail","6":"product_brand-bhip","7":"product_cat-ernahrung","10":"first","11":"instock","12":"shipping-taxable","13":"product-type-simple"},"_links":{"self":[{"href":"https:\/\/bhipemea.com\/de-at\/wp-json\/wp\/v2\/product\/42430","targetHints":{"allow":["GET"]}}],"collection":[{"href":"https:\/\/bhipemea.com\/de-at\/wp-json\/wp\/v2\/product"}],"about":[{"href":"https:\/\/bhipemea.com\/de-at\/wp-json\/wp\/v2\/types\/product"}],"version-history":[{"count":0,"href":"https:\/\/bhipemea.com\/de-at\/wp-json\/wp\/v2\/product\/42430\/revisions"}],"wp:featuredmedia":[{"embeddable":true,"href":"https:\/\/bhipemea.com\/de-at\/wp-json\/wp\/v2\/media\/42432"}],"wp:attachment":[{"href":"https:\/\/bhipemea.com\/de-at\/wp-json\/wp\/v2\/media?parent=42430"}],"wp:term":[{"taxonomy":"product_cat","embeddable":true,"href":"https:\/\/bhipemea.com\/de-at\/wp-json\/wp\/v2\/product_cat?post=42430"},{"taxonomy":"product_tag","embeddable":true,"href":"https:\/\/bhipemea.com\/de-at\/wp-json\/wp\/v2\/product_tag?post=42430"}],"curies":[{"name":"wp","href":"https:\/\/api.w.org\/{rel}","templated":true}]}}