{"id":40655,"date":"2022-10-04T15:01:34","date_gmt":"2022-10-04T13:01:34","guid":{"rendered":"https:\/\/bhipemea.com\/about-us\/"},"modified":"2024-09-11T15:49:08","modified_gmt":"2024-09-11T13:49:08","slug":"about-us","status":"publish","type":"page","link":"https:\/\/bhipemea.com\/es-es\/about-us\/","title":{"rendered":"Sobre nosotros"},"content":{"rendered":"\t\t<div data-elementor-type=\"wp-page\" data-elementor-id=\"40655\" class=\"elementor elementor-40655 elementor-33916\">\n\t\t\t\t<div class=\"elementor-element elementor-element-32d6c66 e-flex e-con-boxed e-con e-parent\" data-id=\"32d6c66\" data-element_type=\"container\">\n\t\t\t\t\t<div class=\"e-con-inner\">\n\t\t<div class=\"elementor-element elementor-element-4a73436 e-con-full e-flex e-con e-child\" data-id=\"4a73436\" data-element_type=\"container\">\n\t\t\t\t<div class=\"elementor-element elementor-element-5de1667 elementor-widget elementor-widget-heading\" data-id=\"5de1667\" data-element_type=\"widget\" data-widget_type=\"heading.default\">\n\t\t\t\t<div class=\"elementor-widget-container\">\n\t\t\t<h1 class=\"elementor-heading-title elementor-size-default\">Sobre nosotros<\/h1>\t\t<\/div>\n\t\t\t\t<\/div>\n\t\t\t\t<\/div>\n\t\t\t\t\t<\/div>\n\t\t\t\t<\/div>\n\t\t<div class=\"elementor-element elementor-element-5a9c516 e-con-full e-flex e-con e-parent\" data-id=\"5a9c516\" data-element_type=\"container\">\n\t\t<div class=\"elementor-element elementor-element-dbfe600 e-con-full elementor-max-width e-flex e-con e-child\" data-id=\"dbfe600\" data-element_type=\"container\">\n\t\t<div class=\"elementor-element elementor-element-70ba6e5 e-con-full e-flex e-con e-child\" data-id=\"70ba6e5\" data-element_type=\"container\" data-settings=\"{&quot;background_background&quot;:&quot;classic&quot;}\">\n\t\t<div class=\"elementor-element elementor-element-54d50be e-flex e-con-boxed e-con e-child\" data-id=\"54d50be\" data-element_type=\"container\">\n\t\t\t\t\t<div class=\"e-con-inner\">\n\t\t\t\t<div class=\"elementor-element elementor-element-7f3c5c4 elementor-widget elementor-widget-heading\" data-id=\"7f3c5c4\" data-element_type=\"widget\" data-widget_type=\"heading.default\">\n\t\t\t\t<div class=\"elementor-widget-container\">\n\t\t\t<h1 class=\"elementor-heading-title elementor-size-default\">Declaraci\u00f3n de misi\u00f3<\/h1>\t\t<\/div>\n\t\t\t\t<\/div>\n\t\t\t\t<div class=\"elementor-element elementor-element-bcbbb76 elementor-widget elementor-widget-text-editor\" data-id=\"bcbbb76\" data-element_type=\"widget\" data-widget_type=\"text-editor.default\">\n\t\t\t\t<div class=\"elementor-widget-container\">\n\t\t\t\t\t\t\t<p>Nuestra misi\u00f3n en B:hip EMEA es ayudar a las personas a lograr un estilo de vida m\u00e1s saludable y rico dirigiendo una empresa s\u00f3lida y sostenible con productos \u00fanicos y ofreciendo una excelente oportunidad de negocio. No somos una sociedad de bolsa y por lo tanto no tenemos accionistas externos a quienes complacer. Lo \u00fanico que nos importa es el \u00e9xito de nuestros distribuidores y que nuestros productos de alta calidad est\u00e9n disponibles para clientes de todo el mundo. En los pr\u00f3ximos a\u00f1os nos expandiremos org\u00e1nicamente por todo el mundo, construyendo la empresa sobre principios s\u00f3lidos y alta integridad.<\/p>\n\t\t\t\t\t\t<\/div>\n\t\t\t\t<\/div>\n\t\t\t\t\t<\/div>\n\t\t\t\t<\/div>\n\t\t\t\t<\/div>\n\t\t<div class=\"elementor-element elementor-element-c9ef8ff e-con-full e-flex e-con e-child\" data-id=\"c9ef8ff\" data-element_type=\"container\" data-settings=\"{&quot;background_background&quot;:&quot;classic&quot;}\">\n\t\t\t\t<\/div>\n\t\t\t\t<\/div>\n\t\t\t\t<\/div>\n\t\t<div class=\"elementor-element elementor-element-d2d5380 e-flex e-con-boxed e-con e-parent\" data-id=\"d2d5380\" data-element_type=\"container\">\n\t\t\t\t\t<div class=\"e-con-inner\">\n\t\t<div class=\"elementor-element elementor-element-703577f e-con-full e-flex e-con e-child\" data-id=\"703577f\" data-element_type=\"container\">\n\t\t\t\t<div class=\"elementor-element elementor-element-cd1698d elementor-widget elementor-widget-heading\" data-id=\"cd1698d\" data-element_type=\"widget\" data-widget_type=\"heading.default\">\n\t\t\t\t<div class=\"elementor-widget-container\">\n\t\t\t<h2 class=\"elementor-heading-title elementor-size-default\">Estrategia global<\/h2>\t\t<\/div>\n\t\t\t\t<\/div>\n\t\t\t\t<div class=\"elementor-element elementor-element-a822f44 elementor-widget elementor-widget-text-editor\" data-id=\"a822f44\" data-element_type=\"widget\" data-widget_type=\"text-editor.default\">\n\t\t\t\t<div class=\"elementor-widget-container\">\n\t\t\t\t\t\t\t<p>Nuestro objetivo es continuar con nuestra expansi\u00f3n internacional llevando nuestro modelo de negocio \u00fanico y productos de salud al extranjero a una variedad de mercados y pa\u00edses. \u201cComunidad\u201d es m\u00e1s que una simple palabra para nosotros y creemos en contribuir al p\u00fablico que nos apoya. Creemos firmemente en la transparencia y la responsabilidad de marca y hacemos todo lo posible para cumplir con los lineamientos legales y de producto de nuestras \u00e1reas de distribuci\u00f3n indicadas. Nuestro enfoque sensato hacia las mejores pr\u00e1cticas de la industria, junto con una infraestructura en l\u00ednea s\u00f3lida y confiable, brinda a nuestros distribuidores las herramientas que necesitan para cultivar su propio negocio. Tenemos fe en la fuerza y autenticidad de nuestra marca. Continuaremos expandi\u00e9ndonos para inculcar nuestra visi\u00f3n en las mentes y los corazones de nuestros distribuidores y clientes, y seguiremos apuntando a una vida m\u00e1s sana y rica para todos.<\/p>\n\t\t\t\t\t\t<\/div>\n\t\t\t\t<\/div>\n\t\t\t\t<\/div>\n\t\t\t\t\t<\/div>\n\t\t\t\t<\/div>\n\t\t\t\t<\/div>\n\t\t","protected":false},"excerpt":{"rendered":"<p>Sobre nosotros Declaraci\u00f3n de misi\u00f3 Nuestra misi\u00f3n en B:hip EMEA es ayudar a las personas a lograr un estilo de vida m\u00e1s saludable y rico dirigiendo una empresa s\u00f3lida y [&hellip;]<\/p>\n","protected":false},"author":1,"featured_media":0,"parent":0,"menu_order":0,"comment_status":"closed","ping_status":"closed","template":"","meta":{"_price":"","_stock":"","_tribe_ticket_header":"","_tribe_default_ticket_provider":"","_tribe_ticket_capacity":"0","_ticket_start_date":"","_ticket_end_date":"","_tribe_ticket_show_description":"","_tribe_ticket_show_not_going":false,"_tribe_ticket_use_global_stock":"","_tribe_ticket_global_stock_level":"","_global_stock_mode":"","_global_stock_cap":"","_tribe_rsvp_for_event":"","_tribe_ticket_going_count":"","_tribe_ticket_not_going_count":"","_tribe_tickets_list":"[]","_tribe_ticket_has_attendee_info_fields":false,"footnotes":"","_tec_slr_enabled":"","_tec_slr_layout":""},"class_list":["post-40655","page","type-page","status-publish","hentry"],"ticketed":false,"_links":{"self":[{"href":"https:\/\/bhipemea.com\/es-es\/wp-json\/wp\/v2\/pages\/40655","targetHints":{"allow":["GET"]}}],"collection":[{"href":"https:\/\/bhipemea.com\/es-es\/wp-json\/wp\/v2\/pages"}],"about":[{"href":"https:\/\/bhipemea.com\/es-es\/wp-json\/wp\/v2\/types\/page"}],"author":[{"embeddable":true,"href":"https:\/\/bhipemea.com\/es-es\/wp-json\/wp\/v2\/users\/1"}],"replies":[{"embeddable":true,"href":"https:\/\/bhipemea.com\/es-es\/wp-json\/wp\/v2\/comments?post=40655"}],"version-history":[{"count":3,"href":"https:\/\/bhipemea.com\/es-es\/wp-json\/wp\/v2\/pages\/40655\/revisions"}],"predecessor-version":[{"id":41140,"href":"https:\/\/bhipemea.com\/es-es\/wp-json\/wp\/v2\/pages\/40655\/revisions\/41140"}],"wp:attachment":[{"href":"https:\/\/bhipemea.com\/es-es\/wp-json\/wp\/v2\/media?parent=40655"}],"curies":[{"name":"wp","href":"https:\/\/api.w.org\/{rel}","templated":true}]}}