{"id":40663,"date":"2024-06-03T12:50:23","date_gmt":"2024-06-03T10:50:23","guid":{"rendered":"https:\/\/bhipemea.com\/product\/indigo-eu\/"},"modified":"2024-09-11T15:11:04","modified_gmt":"2024-09-11T13:11:04","slug":"indigo-eu","status":"publish","type":"product","link":"https:\/\/bhipemea.com\/es-es\/product\/indigo-eu\/","title":{"rendered":"Indigo"},"content":{"rendered":"","protected":false},"excerpt":{"rendered":"<p>Indigo energiza el cuerpo con la vitamina B y el contenido de cafe\u00edna obtenido de forma natural del guaran\u00e1 y el t\u00e9 verde, lo cual le proporciona mayor capacidad de atenci\u00f3n y poder de concentraci\u00f3n. Adem\u00e1s, aporta al organismo nutrientes sanos procedentes de la espirulina y los mirtilos, ambos con un contenido muy elevado de sustancias beneficiosas. Sencillo y f\u00e1cil de utiliza! Endulzado con estevia, el edulcorante natural. La estevia no contiene calor\u00edas y se a\u00f1ade en forma de Reb-A, que proporciona un sabor genuino y dulce \u201cm\u00e1s puro\u201d.<\/p>\n<p><strong>Clean Herbal Power*<\/strong><\/p>\n<p>\u2013 Clean porque no contiene az\u00facares a\u00f1adidos<br \/>\n\u2013 Herbal hace referencia al hecho de que Indigo incluye una serie de polvos de frutas e ingredientes herbales<br \/>\n\u2013 Power hace referencia a las Declaraciones de salud aprobadas por la EFSA para las vitaminas B3, B6 y B12<\/p>\n<p>Indigo se ha dise\u00f1ado para fortalecer el organismo gracias a su contenido de vitamina B3, B6, B12 y vitamina C, que contribuye a:<\/p>\n<p>\u2013 La reducci\u00f3n de la fatiga y el cansancio<br \/>\n\u2013 El funcionamiento normal del sistema inmunol\u00f3gico y el sistema nervioso<br \/>\n\u2013 Una funci\u00f3n psicol\u00f3gica normal<br \/>\n\u2013 La formaci\u00f3n normal de col\u00e1geno para un funcionamiento normal de los vasos sangu\u00edneos<br \/>\n\u2013 Un metabolismo normal de rendimiento energ\u00e9tico, homociste\u00edna y prote\u00edna y gluc\u00f3geno<br \/>\n\u2013 Una formaci\u00f3n normal de gl\u00f3bulos rojos y protecci\u00f3n de las c\u00e9lulas frente al estr\u00e9s oxidativo<\/p>\n<p>Los productos Indigo no est\u00e1n disponibles en las tiendas normales. Creemos firmemente que los productos deben ir acompa\u00f1ados de una explicaci\u00f3n y que usted, como consumidor, necesita asesoramiento sobre la mejor manera de utilizarlos para que le ofrezcan su m\u00e1ximo potencial. Es por ello que solo puede comprar los productos Indigo a su distribuidor o asesor personal.<br \/>\n[read-more height-formula=\"product\"]<\/p>\n","protected":false},"featured_media":40666,"template":"","meta":{"_price":"","_stock":"","_tribe_ticket_header":"","_tribe_default_ticket_provider":"","_tribe_ticket_capacity":"0","_ticket_start_date":"","_ticket_end_date":"","_tribe_ticket_show_description":"","_tribe_ticket_show_not_going":false,"_tribe_ticket_use_global_stock":"","_tribe_ticket_global_stock_level":"","_global_stock_mode":"","_global_stock_cap":"","_tribe_rsvp_for_event":"","_tribe_ticket_going_count":"","_tribe_ticket_not_going_count":"","_tribe_tickets_list":"[]","_tribe_ticket_has_attendee_info_fields":false,"_tec_slr_enabled":"","_tec_slr_layout":""},"product_cat":[259],"product_tag":[],"class_list":{"0":"post-40663","1":"product","2":"type-product","3":"status-publish","4":"has-post-thumbnail","6":"product_cat-nutricion","9":"first","10":"instock","11":"shipping-taxable","12":"product-type-simple"},"_links":{"self":[{"href":"https:\/\/bhipemea.com\/es-es\/wp-json\/wp\/v2\/product\/40663","targetHints":{"allow":["GET"]}}],"collection":[{"href":"https:\/\/bhipemea.com\/es-es\/wp-json\/wp\/v2\/product"}],"about":[{"href":"https:\/\/bhipemea.com\/es-es\/wp-json\/wp\/v2\/types\/product"}],"version-history":[{"count":1,"href":"https:\/\/bhipemea.com\/es-es\/wp-json\/wp\/v2\/product\/40663\/revisions"}],"predecessor-version":[{"id":41118,"href":"https:\/\/bhipemea.com\/es-es\/wp-json\/wp\/v2\/product\/40663\/revisions\/41118"}],"wp:featuredmedia":[{"embeddable":true,"href":"https:\/\/bhipemea.com\/es-es\/wp-json\/wp\/v2\/media\/40666"}],"wp:attachment":[{"href":"https:\/\/bhipemea.com\/es-es\/wp-json\/wp\/v2\/media?parent=40663"}],"wp:term":[{"taxonomy":"product_cat","embeddable":true,"href":"https:\/\/bhipemea.com\/es-es\/wp-json\/wp\/v2\/product_cat?post=40663"},{"taxonomy":"product_tag","embeddable":true,"href":"https:\/\/bhipemea.com\/es-es\/wp-json\/wp\/v2\/product_tag?post=40663"}],"curies":[{"name":"wp","href":"https:\/\/api.w.org\/{rel}","templated":true}]}}