{"id":40667,"date":"2022-07-29T14:28:56","date_gmt":"2022-07-29T12:28:56","guid":{"rendered":"https:\/\/bhipemea.com\/product\/refreshing-skin-toner\/"},"modified":"2024-11-11T13:13:33","modified_gmt":"2024-11-11T12:13:33","slug":"refreshing-skin-toner","status":"publish","type":"product","link":"https:\/\/bhipemea.com\/es-es\/product\/refreshing-skin-toner\/","title":{"rendered":"Refreshing Skin Toner"},"content":{"rendered":"","protected":false},"excerpt":{"rendered":"<p>El t\u00f3nico refrescante para la piel de Mol&amp;B es un t\u00f3nico para piel seca sin alcohol que refresca, suaviza y calma la piel sin resecarla. Limpia suavemente las impurezas de la piel y la deja con una sensaci\u00f3n suave y sedosa. El t\u00f3nico refrescante para la piel est\u00e1 enriquecido con un complejo natural de ingredientes hidratantes y humectantes de Hydroveg\u00ae VV as\u00ed como alanto\u00edna y pantenol, calmantes y nutritivos. Contiene aceite de semillas de rosa mosqueta org\u00e1nico.<\/p>\n<p><strong><em>Indicado para todo tipo de pieles.<\/em><\/strong><br \/>\n[read-more height-formula=\"product\"]<\/p>\n","protected":false},"featured_media":40671,"template":"","meta":{"_price":"","_stock":"","_tribe_ticket_header":"","_tribe_default_ticket_provider":"","_tribe_ticket_capacity":"0","_ticket_start_date":"","_ticket_end_date":"","_tribe_ticket_show_description":"","_tribe_ticket_show_not_going":false,"_tribe_ticket_use_global_stock":"","_tribe_ticket_global_stock_level":"","_global_stock_mode":"","_global_stock_cap":"","_tribe_rsvp_for_event":"","_tribe_ticket_going_count":"","_tribe_ticket_not_going_count":"","_tribe_tickets_list":"[]","_tribe_ticket_has_attendee_info_fields":false,"_tec_slr_enabled":"","_tec_slr_layout":""},"product_cat":[260],"product_tag":[],"class_list":{"0":"post-40667","1":"product","2":"type-product","3":"status-publish","4":"has-post-thumbnail","6":"product_brand-molb","7":"product_cat-cuidado-de-la-piel","10":"first","11":"instock","12":"shipping-taxable","13":"product-type-simple"},"_links":{"self":[{"href":"https:\/\/bhipemea.com\/es-es\/wp-json\/wp\/v2\/product\/40667","targetHints":{"allow":["GET"]}}],"collection":[{"href":"https:\/\/bhipemea.com\/es-es\/wp-json\/wp\/v2\/product"}],"about":[{"href":"https:\/\/bhipemea.com\/es-es\/wp-json\/wp\/v2\/types\/product"}],"version-history":[{"count":2,"href":"https:\/\/bhipemea.com\/es-es\/wp-json\/wp\/v2\/product\/40667\/revisions"}],"predecessor-version":[{"id":40753,"href":"https:\/\/bhipemea.com\/es-es\/wp-json\/wp\/v2\/product\/40667\/revisions\/40753"}],"wp:featuredmedia":[{"embeddable":true,"href":"https:\/\/bhipemea.com\/es-es\/wp-json\/wp\/v2\/media\/40671"}],"wp:attachment":[{"href":"https:\/\/bhipemea.com\/es-es\/wp-json\/wp\/v2\/media?parent=40667"}],"wp:term":[{"taxonomy":"product_cat","embeddable":true,"href":"https:\/\/bhipemea.com\/es-es\/wp-json\/wp\/v2\/product_cat?post=40667"},{"taxonomy":"product_tag","embeddable":true,"href":"https:\/\/bhipemea.com\/es-es\/wp-json\/wp\/v2\/product_tag?post=40667"}],"curies":[{"name":"wp","href":"https:\/\/api.w.org\/{rel}","templated":true}]}}