{"id":40672,"date":"2022-07-29T14:28:25","date_gmt":"2022-07-29T12:28:25","guid":{"rendered":"https:\/\/bhipemea.com\/product\/nourishing-face-serum\/"},"modified":"2024-11-11T13:14:00","modified_gmt":"2024-11-11T12:14:00","slug":"nourishing-face-serum","status":"publish","type":"product","link":"https:\/\/bhipemea.com\/es-es\/product\/nourishing-face-serum\/","title":{"rendered":"Nourishing Face Serum"},"content":{"rendered":"","protected":false},"excerpt":{"rendered":"<p>El suero facial nutritivo Mol&amp;B es un gel hidratante ligero y sedoso que deja la piel suave, firme y uniforme con un bello resplandor. Es rico en vitaminas e ingredientes reafirmantes que nutren y estimulan la piel, y tiene un efecto preventivo de los signos del envejecimiento de la piel. El gel contiene aceite de semillas de rosa mosqueta org\u00e1nico, vitamina B3 y provitamina B5 hidratantes, adem\u00e1s de Dragosine\u00ae, un p\u00e9ptido antienvejecimiento multifuncional que estimula la s\u00edntesis del col\u00e1geno con actividad antioxidante.<\/p>\n<p>El suero facial nutritivo Mol&amp;B se absorbe f\u00e1cilmente y deja la piel bien<\/p>\n<p><em><strong>Indicado para todo tipo de pieles.<\/strong><\/em><br \/>\n[read-more height-formula=\"product\"]<\/p>\n","protected":false},"featured_media":40674,"template":"","meta":{"_price":"","_stock":"","_tribe_ticket_header":"","_tribe_default_ticket_provider":"","_tribe_ticket_capacity":"0","_ticket_start_date":"","_ticket_end_date":"","_tribe_ticket_show_description":"","_tribe_ticket_show_not_going":false,"_tribe_ticket_use_global_stock":"","_tribe_ticket_global_stock_level":"","_global_stock_mode":"","_global_stock_cap":"","_tribe_rsvp_for_event":"","_tribe_ticket_going_count":"","_tribe_ticket_not_going_count":"","_tribe_tickets_list":"[]","_tribe_ticket_has_attendee_info_fields":false,"_tec_slr_enabled":"","_tec_slr_layout":""},"product_cat":[260],"product_tag":[],"class_list":{"0":"post-40672","1":"product","2":"type-product","3":"status-publish","4":"has-post-thumbnail","6":"product_brand-molb","7":"product_cat-cuidado-de-la-piel","10":"first","11":"instock","12":"shipping-taxable","13":"product-type-simple"},"_links":{"self":[{"href":"https:\/\/bhipemea.com\/es-es\/wp-json\/wp\/v2\/product\/40672","targetHints":{"allow":["GET"]}}],"collection":[{"href":"https:\/\/bhipemea.com\/es-es\/wp-json\/wp\/v2\/product"}],"about":[{"href":"https:\/\/bhipemea.com\/es-es\/wp-json\/wp\/v2\/types\/product"}],"version-history":[{"count":2,"href":"https:\/\/bhipemea.com\/es-es\/wp-json\/wp\/v2\/product\/40672\/revisions"}],"predecessor-version":[{"id":40756,"href":"https:\/\/bhipemea.com\/es-es\/wp-json\/wp\/v2\/product\/40672\/revisions\/40756"}],"wp:featuredmedia":[{"embeddable":true,"href":"https:\/\/bhipemea.com\/es-es\/wp-json\/wp\/v2\/media\/40674"}],"wp:attachment":[{"href":"https:\/\/bhipemea.com\/es-es\/wp-json\/wp\/v2\/media?parent=40672"}],"wp:term":[{"taxonomy":"product_cat","embeddable":true,"href":"https:\/\/bhipemea.com\/es-es\/wp-json\/wp\/v2\/product_cat?post=40672"},{"taxonomy":"product_tag","embeddable":true,"href":"https:\/\/bhipemea.com\/es-es\/wp-json\/wp\/v2\/product_tag?post=40672"}],"curies":[{"name":"wp","href":"https:\/\/api.w.org\/{rel}","templated":true}]}}