{"id":40675,"date":"2022-07-29T14:28:02","date_gmt":"2022-07-29T12:28:02","guid":{"rendered":"https:\/\/bhipemea.com\/product\/gentle-skin-cleanser\/"},"modified":"2024-11-11T13:14:22","modified_gmt":"2024-11-11T12:14:22","slug":"gentle-skin-cleanser","status":"publish","type":"product","link":"https:\/\/bhipemea.com\/es-es\/product\/gentle-skin-cleanser\/","title":{"rendered":"Gentle Skin Cleanser"},"content":{"rendered":"","protected":false},"excerpt":{"rendered":"<p>El limpiador cut\u00e1neo suave de Mol&amp;B es un gel limpiador sin espuma que elimina suavemente el maquillaje, la grasa y la suciedad de la piel sin resecarla. La piel queda fresca y limpia, y preparada para su crema favorita. El limpiador cut\u00e1neo suave est\u00e1 enriquecido con vitamina B3 y provitamina B5adem\u00e1s de los nutritivos aceite de macadamia y aceite de semillas de rosa mosqueta org\u00e1nico.<\/p>\n<p><em><strong>Indicado para todo tipo de pieles.<\/strong><\/em><br \/>\n[read-more height-formula=\"product\"]<\/p>\n","protected":false},"featured_media":40677,"template":"","meta":{"_price":"","_stock":"","_tribe_ticket_header":"","_tribe_default_ticket_provider":"","_tribe_ticket_capacity":"0","_ticket_start_date":"","_ticket_end_date":"","_tribe_ticket_show_description":"","_tribe_ticket_show_not_going":false,"_tribe_ticket_use_global_stock":"","_tribe_ticket_global_stock_level":"","_global_stock_mode":"","_global_stock_cap":"","_tribe_rsvp_for_event":"","_tribe_ticket_going_count":"","_tribe_ticket_not_going_count":"","_tribe_tickets_list":"[]","_tribe_ticket_has_attendee_info_fields":false,"_tec_slr_enabled":"","_tec_slr_layout":""},"product_cat":[260],"product_tag":[],"class_list":{"0":"post-40675","1":"product","2":"type-product","3":"status-publish","4":"has-post-thumbnail","6":"product_brand-molb","7":"product_cat-cuidado-de-la-piel","10":"first","11":"instock","12":"shipping-taxable","13":"product-type-simple"},"_links":{"self":[{"href":"https:\/\/bhipemea.com\/es-es\/wp-json\/wp\/v2\/product\/40675","targetHints":{"allow":["GET"]}}],"collection":[{"href":"https:\/\/bhipemea.com\/es-es\/wp-json\/wp\/v2\/product"}],"about":[{"href":"https:\/\/bhipemea.com\/es-es\/wp-json\/wp\/v2\/types\/product"}],"version-history":[{"count":1,"href":"https:\/\/bhipemea.com\/es-es\/wp-json\/wp\/v2\/product\/40675\/revisions"}],"predecessor-version":[{"id":40754,"href":"https:\/\/bhipemea.com\/es-es\/wp-json\/wp\/v2\/product\/40675\/revisions\/40754"}],"wp:featuredmedia":[{"embeddable":true,"href":"https:\/\/bhipemea.com\/es-es\/wp-json\/wp\/v2\/media\/40677"}],"wp:attachment":[{"href":"https:\/\/bhipemea.com\/es-es\/wp-json\/wp\/v2\/media?parent=40675"}],"wp:term":[{"taxonomy":"product_cat","embeddable":true,"href":"https:\/\/bhipemea.com\/es-es\/wp-json\/wp\/v2\/product_cat?post=40675"},{"taxonomy":"product_tag","embeddable":true,"href":"https:\/\/bhipemea.com\/es-es\/wp-json\/wp\/v2\/product_tag?post=40675"}],"curies":[{"name":"wp","href":"https:\/\/api.w.org\/{rel}","templated":true}]}}