{"id":40681,"date":"2022-07-29T14:27:13","date_gmt":"2022-07-29T12:27:13","guid":{"rendered":"https:\/\/bhipemea.com\/product\/multi-functional-anti-aging\/"},"modified":"2024-11-11T13:15:03","modified_gmt":"2024-11-11T12:15:03","slug":"multi-functional-anti-aging","status":"publish","type":"product","link":"https:\/\/bhipemea.com\/es-es\/product\/multi-functional-anti-aging\/","title":{"rendered":"Multi-Functional Anti-Aging"},"content":{"rendered":"","protected":false},"excerpt":{"rendered":"<p>La crema facial antiedad de Mol&amp;B es una crema antienvejecimiento multifuncional, eficaz y protectora, que proporciona a la piel una hidrataci\u00f3n, cuidado y nutrici\u00f3n intensos. La crema es rica en antioxidantes e ingredientes activos reafirmantes, que suavizan y realzan la vitalidad de la piel.<\/p>\n<p>Contiene aceite de semillas de rosa mosqueta org\u00e1nico hidratante, que mejora la elasticidad natural de la piel. Vitaminas E y B3 m\u00e1s Gatuline\u00ae In-Tense: un extracto activo y natural de plantas que mejora la firmeza de la piel y restaura la estructura suave y joven de la piel con efecto rellenador. La crema facial antiedad de Mol&amp;B se absorbe r\u00e1pidamente, por lo que la piel queda tersa, con mayor densidad, y las l\u00edneas de expresi\u00f3n se suavizan. El resultado es un rostro el\u00e1stico, bien hidratado, suave y uniforme.<\/p>\n<p><em><strong>Indicado para todo tipo de pieles.<\/strong><\/em><\/p>\n[read-more height-formula=\"product\"]\n","protected":false},"featured_media":40683,"template":"","meta":{"_price":"","_stock":"","_tribe_ticket_header":"","_tribe_default_ticket_provider":"","_tribe_ticket_capacity":"0","_ticket_start_date":"","_ticket_end_date":"","_tribe_ticket_show_description":"","_tribe_ticket_show_not_going":false,"_tribe_ticket_use_global_stock":"","_tribe_ticket_global_stock_level":"","_global_stock_mode":"","_global_stock_cap":"","_tribe_rsvp_for_event":"","_tribe_ticket_going_count":"","_tribe_ticket_not_going_count":"","_tribe_tickets_list":"[]","_tribe_ticket_has_attendee_info_fields":false,"_tec_slr_enabled":"","_tec_slr_layout":""},"product_cat":[260],"product_tag":[],"class_list":{"0":"post-40681","1":"product","2":"type-product","3":"status-publish","4":"has-post-thumbnail","6":"product_brand-molb","7":"product_cat-cuidado-de-la-piel","10":"first","11":"instock","12":"shipping-taxable","13":"product-type-simple"},"_links":{"self":[{"href":"https:\/\/bhipemea.com\/es-es\/wp-json\/wp\/v2\/product\/40681","targetHints":{"allow":["GET"]}}],"collection":[{"href":"https:\/\/bhipemea.com\/es-es\/wp-json\/wp\/v2\/product"}],"about":[{"href":"https:\/\/bhipemea.com\/es-es\/wp-json\/wp\/v2\/types\/product"}],"version-history":[{"count":2,"href":"https:\/\/bhipemea.com\/es-es\/wp-json\/wp\/v2\/product\/40681\/revisions"}],"predecessor-version":[{"id":42032,"href":"https:\/\/bhipemea.com\/es-es\/wp-json\/wp\/v2\/product\/40681\/revisions\/42032"}],"wp:featuredmedia":[{"embeddable":true,"href":"https:\/\/bhipemea.com\/es-es\/wp-json\/wp\/v2\/media\/40683"}],"wp:attachment":[{"href":"https:\/\/bhipemea.com\/es-es\/wp-json\/wp\/v2\/media?parent=40681"}],"wp:term":[{"taxonomy":"product_cat","embeddable":true,"href":"https:\/\/bhipemea.com\/es-es\/wp-json\/wp\/v2\/product_cat?post=40681"},{"taxonomy":"product_tag","embeddable":true,"href":"https:\/\/bhipemea.com\/es-es\/wp-json\/wp\/v2\/product_tag?post=40681"}],"curies":[{"name":"wp","href":"https:\/\/api.w.org\/{rel}","templated":true}]}}