{"id":40682,"date":"2022-07-29T14:26:45","date_gmt":"2022-07-29T12:26:45","guid":{"rendered":"https:\/\/bhipemea.com\/product\/visible-facelift\/"},"modified":"2024-11-11T13:17:27","modified_gmt":"2024-11-11T12:17:27","slug":"visible-facelift","status":"publish","type":"product","link":"https:\/\/bhipemea.com\/es-es\/product\/visible-facelift\/","title":{"rendered":"Visible Facelift"},"content":{"rendered":"","protected":false},"excerpt":{"rendered":"<p>El lifting facial visible de Mol&amp;B es una crema antienvejecimiento extremadamente eficaz con efecto lifting inmediato que le da un aspecto m\u00e1s joven y aumenta la vitalidad de la piel. Contiene Gatuline\u00ae In-Tense y Gatuline\u00ae Expression, los extractos de plantas naturales potentes y activos conocidos por mejorar la firmeza de la piel y restaurar su estructura juvenil con un efecto rellenador.<\/p>\n<p>La piel luce visiblemente m\u00e1s firme, las arrugas y l\u00edneas de expresi\u00f3n se suavizan y los contornos del rostro se ven m\u00e1s definidos, como si se hubiera sometido a un lifting quir\u00fargico. El rostro luce al instante mayor firmeza y suavidad. Adem\u00e1s, el efecto se incrementa con el uso diario y el resultado es una piel m\u00e1s lisa y relajada. El lifting facial visible est\u00e1 enriquecido, adem\u00e1s, con ingredientes hidratantes y el nutritivo aceite de semillas de rosa mosqueta org\u00e1nico prensado en fr\u00edo, que es r\u00e1pidamente absorbido por la piel.<\/p>\n<p><em><strong>Indicado para todo tipo de pieles.<\/strong><\/em><\/p>\n[read-more height-formula=\"product\"]\n","protected":false},"featured_media":40686,"template":"","meta":{"_price":"","_stock":"","_tribe_ticket_header":"","_tribe_default_ticket_provider":"","_tribe_ticket_capacity":"0","_ticket_start_date":"","_ticket_end_date":"","_tribe_ticket_show_description":"","_tribe_ticket_show_not_going":false,"_tribe_ticket_use_global_stock":"","_tribe_ticket_global_stock_level":"","_global_stock_mode":"","_global_stock_cap":"","_tribe_rsvp_for_event":"","_tribe_ticket_going_count":"","_tribe_ticket_not_going_count":"","_tribe_tickets_list":"[]","_tribe_ticket_has_attendee_info_fields":false,"_tec_slr_enabled":"","_tec_slr_layout":""},"product_cat":[260],"product_tag":[],"class_list":{"0":"post-40682","1":"product","2":"type-product","3":"status-publish","4":"has-post-thumbnail","6":"product_brand-molb","7":"product_cat-cuidado-de-la-piel","10":"first","11":"instock","12":"shipping-taxable","13":"product-type-simple"},"_links":{"self":[{"href":"https:\/\/bhipemea.com\/es-es\/wp-json\/wp\/v2\/product\/40682","targetHints":{"allow":["GET"]}}],"collection":[{"href":"https:\/\/bhipemea.com\/es-es\/wp-json\/wp\/v2\/product"}],"about":[{"href":"https:\/\/bhipemea.com\/es-es\/wp-json\/wp\/v2\/types\/product"}],"version-history":[{"count":2,"href":"https:\/\/bhipemea.com\/es-es\/wp-json\/wp\/v2\/product\/40682\/revisions"}],"predecessor-version":[{"id":42058,"href":"https:\/\/bhipemea.com\/es-es\/wp-json\/wp\/v2\/product\/40682\/revisions\/42058"}],"wp:featuredmedia":[{"embeddable":true,"href":"https:\/\/bhipemea.com\/es-es\/wp-json\/wp\/v2\/media\/40686"}],"wp:attachment":[{"href":"https:\/\/bhipemea.com\/es-es\/wp-json\/wp\/v2\/media?parent=40682"}],"wp:term":[{"taxonomy":"product_cat","embeddable":true,"href":"https:\/\/bhipemea.com\/es-es\/wp-json\/wp\/v2\/product_cat?post=40682"},{"taxonomy":"product_tag","embeddable":true,"href":"https:\/\/bhipemea.com\/es-es\/wp-json\/wp\/v2\/product_tag?post=40682"}],"curies":[{"name":"wp","href":"https:\/\/api.w.org\/{rel}","templated":true}]}}