{"id":40684,"date":"2022-07-29T14:26:08","date_gmt":"2022-07-29T12:26:08","guid":{"rendered":"https:\/\/bhipemea.com\/product\/multi-functional-regenerating\/"},"modified":"2024-11-11T13:18:28","modified_gmt":"2024-11-11T12:18:28","slug":"multi-functional-regenerating","status":"publish","type":"product","link":"https:\/\/bhipemea.com\/es-es\/product\/multi-functional-regenerating\/","title":{"rendered":"Multi-Functional Regenerating"},"content":{"rendered":"","protected":false},"excerpt":{"rendered":"<p>La crema facial regeneradora multifuncional de Mol&amp;B es una crema antiedad multifuncional regeneradora que proporciona a la piel una hidrataci\u00f3n, cuidado y nutrici\u00f3n intensos.<\/p>\n<p>La crema es rica en antioxidantes e ingredientes activos reafirmantes, que suavizan y nutren la piel. Contiene Rovisome\u2122 Q10, que previene los signos del envejecimiento incluso en las capas m\u00e1s profundas de la piel. Dragosine\u00ae, que estimula la renovaci\u00f3n del col\u00e1geno y previene los da\u00f1os provocados por los rayos UV; Niacinamida (vitamina B3) que unifica el tono de la piel, previene las manchas de pigmentaci\u00f3n y reduce el acn\u00e9;manteca de karit\u00e9 hidratante adem\u00e1s de \u00e1cido hialur\u00f3nico, que preserva la hidrataci\u00f3n, firmeza y elasticidad de la piel. Adem\u00e1s, contiene aceite de semillas de rosa mosqueta nutritivo, cargado de antioxidantes y \u00e1cidos grasos beneficiosos. La crema facial regeneradora multifuncional de Mol&amp;B se absorbe f\u00e1cilmente, por lo que la piel queda tersa y las l\u00edneas de expresi\u00f3n se suavizan. El resultado es un rostro suave, bien hidratado y el\u00e1stico que luce una nueva vitalidad.<\/p>\n<p><em><strong>Indicado para todo tipo de pieles, especialmente las m\u00e1s secas.<\/strong><\/em><br \/>\n[read-more height-formula=\"product\"]<\/p>\n","protected":false},"featured_media":40688,"template":"","meta":{"_price":"","_stock":"","_tribe_ticket_header":"","_tribe_default_ticket_provider":"","_tribe_ticket_capacity":"0","_ticket_start_date":"","_ticket_end_date":"","_tribe_ticket_show_description":"","_tribe_ticket_show_not_going":false,"_tribe_ticket_use_global_stock":"","_tribe_ticket_global_stock_level":"","_global_stock_mode":"","_global_stock_cap":"","_tribe_rsvp_for_event":"","_tribe_ticket_going_count":"","_tribe_ticket_not_going_count":"","_tribe_tickets_list":"[]","_tribe_ticket_has_attendee_info_fields":false,"_tec_slr_enabled":"","_tec_slr_layout":""},"product_cat":[260],"product_tag":[],"class_list":{"0":"post-40684","1":"product","2":"type-product","3":"status-publish","4":"has-post-thumbnail","6":"product_brand-molb","7":"product_cat-cuidado-de-la-piel","10":"first","11":"instock","12":"shipping-taxable","13":"product-type-simple"},"_links":{"self":[{"href":"https:\/\/bhipemea.com\/es-es\/wp-json\/wp\/v2\/product\/40684","targetHints":{"allow":["GET"]}}],"collection":[{"href":"https:\/\/bhipemea.com\/es-es\/wp-json\/wp\/v2\/product"}],"about":[{"href":"https:\/\/bhipemea.com\/es-es\/wp-json\/wp\/v2\/types\/product"}],"version-history":[{"count":3,"href":"https:\/\/bhipemea.com\/es-es\/wp-json\/wp\/v2\/product\/40684\/revisions"}],"predecessor-version":[{"id":40751,"href":"https:\/\/bhipemea.com\/es-es\/wp-json\/wp\/v2\/product\/40684\/revisions\/40751"}],"wp:featuredmedia":[{"embeddable":true,"href":"https:\/\/bhipemea.com\/es-es\/wp-json\/wp\/v2\/media\/40688"}],"wp:attachment":[{"href":"https:\/\/bhipemea.com\/es-es\/wp-json\/wp\/v2\/media?parent=40684"}],"wp:term":[{"taxonomy":"product_cat","embeddable":true,"href":"https:\/\/bhipemea.com\/es-es\/wp-json\/wp\/v2\/product_cat?post=40684"},{"taxonomy":"product_tag","embeddable":true,"href":"https:\/\/bhipemea.com\/es-es\/wp-json\/wp\/v2\/product_tag?post=40684"}],"curies":[{"name":"wp","href":"https:\/\/api.w.org\/{rel}","templated":true}]}}