{"id":40691,"date":"2022-07-29T10:19:14","date_gmt":"2022-07-29T08:19:14","guid":{"rendered":"https:\/\/bhipemea.com\/product\/fusion-strawberry\/"},"modified":"2024-11-05T15:40:11","modified_gmt":"2024-11-05T14:40:11","slug":"fusion-strawberry","status":"publish","type":"product","link":"https:\/\/bhipemea.com\/es-es\/product\/fusion-strawberry\/","title":{"rendered":"Fusion Strawberry\/Rhubarb"},"content":{"rendered":"","protected":false},"excerpt":{"rendered":"<p>Un lujoso alimento completo, con ingredientes de alta calidad y una composici\u00f3n que, adem\u00e1s de contribuir a una dieta nutritiva, ayuda a reducir la sensaci\u00f3n de cansancio. Por lo tanto, puede utilizarse como complemento a una dieta de p\u00e9rdida de peso como batido de f\u00e1cil preparaci\u00f3n durante una jornada ajetreada para lograr bienestar y proporcionar al organismo una combinaci\u00f3n equilibrada de ingredientes de alta calidad equivalentes a una comida. B:HIP Fusion, dosificado en bolsas equivalentes a una raci\u00f3n, pr\u00e1cticas y f\u00e1ciles de guardar y consumir, es ideal para una vida en movimiento. El producto est\u00e1 disponible en tres sabores: vainilla, chocolate y fresa\/ruibarbo.<\/p>\n<p><strong>Rebuild, Perform, Energy*<\/strong><\/p>\n<p><strong>*<\/strong>Este producto contiene, entre otros, vitamina C y vitaminas B3, B6 y B12. Los t\u00e9rminos Rebuild, Perform, Energy hacen referencia a las Declaraciones de salud de la EFSA que tienen estos ingredientes.<\/p>\n<p>\u2013 Las vitaminas B3, B6 y B12 contribuyen a un metabolismo de rendimiento energ\u00e9tico normal<br \/>\n\u2013 Las vitaminas B3 y B12 contribuyen a una reducci\u00f3n de la fatiga y el cansancio<br \/>\n\u2013 La vitamina C contribuye a una reducci\u00f3n de la fatiga y el cansancio<br \/>\n\u2013 La vitamina C contribuye a un metabolismo de rendimiento energ\u00e9tico normal<br \/>\n\u2013 La vitamina C contribuye a la protecci\u00f3n de las c\u00e9lulas frente al estr\u00e9s oxidativo<\/p>\n<p>Los productos FUSION no est\u00e1n disponibles en las tiendas normales. Creemos firmemente que los productos deben ir acompa\u00f1ados de una explicaci\u00f3n y que usted, como consumidor, necesita asesoramiento sobre la mejor manera de utilizarlos para que le ofrezcan su m\u00e1ximo potencial. Es por ello que solo puede comprar los productos FUSION a su distribuidor o asesor personal.<br \/>\n[read-more height-formula=\"product\"]<\/p>\n","protected":false},"featured_media":40693,"template":"","meta":{"_price":"","_stock":"","_tribe_ticket_header":"","_tribe_default_ticket_provider":"","_tribe_ticket_capacity":"0","_ticket_start_date":"","_ticket_end_date":"","_tribe_ticket_show_description":"","_tribe_ticket_show_not_going":false,"_tribe_ticket_use_global_stock":"","_tribe_ticket_global_stock_level":"","_global_stock_mode":"","_global_stock_cap":"","_tribe_rsvp_for_event":"","_tribe_ticket_going_count":"","_tribe_ticket_not_going_count":"","_tribe_tickets_list":"[]","_tribe_ticket_has_attendee_info_fields":false,"_tec_slr_enabled":"","_tec_slr_layout":""},"product_cat":[259],"product_tag":[],"class_list":{"0":"post-40691","1":"product","2":"type-product","3":"status-publish","4":"has-post-thumbnail","6":"product_brand-bhip","7":"product_cat-nutricion","10":"first","11":"instock","12":"shipping-taxable","13":"product-type-simple"},"_links":{"self":[{"href":"https:\/\/bhipemea.com\/es-es\/wp-json\/wp\/v2\/product\/40691","targetHints":{"allow":["GET"]}}],"collection":[{"href":"https:\/\/bhipemea.com\/es-es\/wp-json\/wp\/v2\/product"}],"about":[{"href":"https:\/\/bhipemea.com\/es-es\/wp-json\/wp\/v2\/types\/product"}],"version-history":[{"count":3,"href":"https:\/\/bhipemea.com\/es-es\/wp-json\/wp\/v2\/product\/40691\/revisions"}],"predecessor-version":[{"id":41807,"href":"https:\/\/bhipemea.com\/es-es\/wp-json\/wp\/v2\/product\/40691\/revisions\/41807"}],"wp:featuredmedia":[{"embeddable":true,"href":"https:\/\/bhipemea.com\/es-es\/wp-json\/wp\/v2\/media\/40693"}],"wp:attachment":[{"href":"https:\/\/bhipemea.com\/es-es\/wp-json\/wp\/v2\/media?parent=40691"}],"wp:term":[{"taxonomy":"product_cat","embeddable":true,"href":"https:\/\/bhipemea.com\/es-es\/wp-json\/wp\/v2\/product_cat?post=40691"},{"taxonomy":"product_tag","embeddable":true,"href":"https:\/\/bhipemea.com\/es-es\/wp-json\/wp\/v2\/product_tag?post=40691"}],"curies":[{"name":"wp","href":"https:\/\/api.w.org\/{rel}","templated":true}]}}