{"id":42139,"date":"2020-09-08T04:43:26","date_gmt":"2020-09-08T02:43:26","guid":{"rendered":"https:\/\/bhipemea.com\/kontakt\/"},"modified":"2024-12-03T13:37:57","modified_gmt":"2024-12-03T12:37:57","slug":"kontakt","status":"publish","type":"page","link":"https:\/\/bhipemea.com\/hr-hr\/kontakt\/","title":{"rendered":"Kontakt"},"content":{"rendered":"\t\t<div data-elementor-type=\"wp-page\" data-elementor-id=\"42139\" class=\"elementor elementor-42139 elementor-15115\">\n\t\t\t\t<div class=\"elementor-element elementor-element-c41bf86 e-flex e-con-boxed e-con e-parent\" data-id=\"c41bf86\" data-element_type=\"container\">\n\t\t\t\t\t<div class=\"e-con-inner\">\n\t\t<div class=\"elementor-element elementor-element-33586b4 e-con-full e-flex e-con e-child\" data-id=\"33586b4\" data-element_type=\"container\">\n\t\t\t\t<div class=\"elementor-element elementor-element-f0fee79 elementor-widget elementor-widget-heading\" data-id=\"f0fee79\" data-element_type=\"widget\" data-widget_type=\"heading.default\">\n\t\t\t\t<div class=\"elementor-widget-container\">\n\t\t\t<h1 class=\"elementor-heading-title elementor-size-default\">Trebate pomo\u0107?<\/h1>\t\t<\/div>\n\t\t\t\t<\/div>\n\t\t\t\t<div class=\"elementor-element elementor-element-98cf354 elementor-widget elementor-widget-heading\" data-id=\"98cf354\" data-element_type=\"widget\" data-widget_type=\"heading.default\">\n\t\t\t\t<div class=\"elementor-widget-container\">\n\t\t\t<h3 class=\"elementor-heading-title elementor-size-default\">Pi\u0161ite nam i mi \u0107emo vam odgovoriti u najkra\u0107em mogu\u0107em roku<\/h3>\t\t<\/div>\n\t\t\t\t<\/div>\n\t\t\t\t<\/div>\n\t\t\t\t\t<\/div>\n\t\t\t\t<\/div>\n\t\t<div class=\"elementor-element elementor-element-8ab22c3 e-grid e-con-boxed e-con e-parent\" data-id=\"8ab22c3\" data-element_type=\"container\">\n\t\t\t\t\t<div class=\"e-con-inner\">\n\t\t<div class=\"elementor-element elementor-element-f38ec68 e-con-full e-flex e-con e-child\" data-id=\"f38ec68\" data-element_type=\"container\">\n\t\t\t\t<div class=\"elementor-element elementor-element-8baef95 elementor-widget elementor-widget-text-editor\" data-id=\"8baef95\" data-element_type=\"widget\" data-widget_type=\"text-editor.default\">\n\t\t\t\t<div class=\"elementor-widget-container\">\n\t\t\t\t\t\t\t<p>TVRTKA<\/p>\n\t\t\t\t\t\t<\/div>\n\t\t\t\t<\/div>\n\t\t\t\t<div class=\"elementor-element elementor-element-888bb84 elementor-widget elementor-widget-text-editor\" data-id=\"888bb84\" data-element_type=\"widget\" data-widget_type=\"text-editor.default\">\n\t\t\t\t<div class=\"elementor-widget-container\">\n\t\t\t\t\t\t\t<p>B:hip EMEA ApS<\/p>\n\t\t\t\t\t\t<\/div>\n\t\t\t\t<\/div>\n\t\t\t\t<\/div>\n\t\t<div class=\"elementor-element elementor-element-0157fcf e-con-full e-flex e-con e-child\" data-id=\"0157fcf\" data-element_type=\"container\">\n\t\t\t\t<div class=\"elementor-element elementor-element-6ba22f5 elementor-widget elementor-widget-text-editor\" data-id=\"6ba22f5\" data-element_type=\"widget\" data-widget_type=\"text-editor.default\">\n\t\t\t\t<div class=\"elementor-widget-container\">\n\t\t\t\t\t\t\t<p>KORISNI\u010cKA PODR\u0160KA<\/p>\n\t\t\t\t\t\t<\/div>\n\t\t\t\t<\/div>\n\t\t\t\t<div class=\"elementor-element elementor-element-79e73c6 elementor-widget elementor-widget-shortcode\" data-id=\"79e73c6\" data-element_type=\"widget\" data-widget_type=\"shortcode.default\">\n\t\t\t\t<div class=\"elementor-widget-container\">\n\t\t\t\t\t<div class=\"elementor-shortcode\">support-eu@bhipemea.com<\/div>\n\t\t\t\t<\/div>\n\t\t\t\t<\/div>\n\t\t\t\t<\/div>\n\t\t\t\t\t<\/div>\n\t\t\t\t<\/div>\n\t\t<div class=\"elementor-element elementor-element-4cddc52 e-flex e-con-boxed e-con e-parent\" data-id=\"4cddc52\" data-element_type=\"container\" data-settings=\"{&quot;background_background&quot;:&quot;classic&quot;}\">\n\t\t\t\t\t<div class=\"e-con-inner\">\n\t\t<div class=\"elementor-element elementor-element-de2d6e5 e-con-full e-flex e-con e-child\" data-id=\"de2d6e5\" data-element_type=\"container\">\n\t\t<div class=\"elementor-element elementor-element-2c14143 e-flex e-con-boxed e-con e-child\" data-id=\"2c14143\" data-element_type=\"container\">\n\t\t\t\t\t<div class=\"e-con-inner\">\n\t\t\t\t<div class=\"elementor-element elementor-element-639a2a5 elementor-widget elementor-widget-heading\" data-id=\"639a2a5\" data-element_type=\"widget\" data-widget_type=\"heading.default\">\n\t\t\t\t<div class=\"elementor-widget-container\">\n\t\t\t<h1 class=\"elementor-heading-title elementor-size-default\">Po\u0161aljite nam svoja pitanja!<\/h1>\t\t<\/div>\n\t\t\t\t<\/div>\n\t\t\t\t<div class=\"elementor-element elementor-element-af9e02d elementor-widget elementor-widget-heading\" data-id=\"af9e02d\" data-element_type=\"widget\" data-widget_type=\"heading.default\">\n\t\t\t\t<div class=\"elementor-widget-container\">\n\t\t\t<h3 class=\"elementor-heading-title elementor-size-default\">Javit \u0107emo vam se \u0161to je prije mogu\u0107e.<\/h3>\t\t<\/div>\n\t\t\t\t<\/div>\n\t\t\t\t<div class=\"elementor-element elementor-element-caa0231 elementor-widget elementor-widget-shortcode\" data-id=\"caa0231\" data-element_type=\"widget\" data-widget_type=\"shortcode.default\">\n\t\t\t\t<div class=\"elementor-widget-container\">\n\t\t\t\t\t<div class=\"elementor-shortcode\">\n<div class=\"wpcf7 no-js\" id=\"wpcf7-f42225-o1\" lang=\"hr-HR\" dir=\"ltr\" data-wpcf7-id=\"42225\">\n<div class=\"screen-reader-response\"><p role=\"status\" aria-live=\"polite\" aria-atomic=\"true\"><\/p> <ul><\/ul><\/div>\n<form action=\"\/hr-hr\/wp-json\/wp\/v2\/pages\/42139#wpcf7-f42225-o1\" method=\"post\" class=\"wpcf7-form init\" aria-label=\"Contact form\" novalidate=\"novalidate\" data-status=\"init\">\n<div style=\"display: none;\">\n<input type=\"hidden\" name=\"_wpcf7\" value=\"42225\" \/>\n<input type=\"hidden\" name=\"_wpcf7_version\" value=\"6.0.1\" \/>\n<input type=\"hidden\" name=\"_wpcf7_locale\" value=\"hr_HR\" \/>\n<input type=\"hidden\" name=\"_wpcf7_unit_tag\" value=\"wpcf7-f42225-o1\" \/>\n<input type=\"hidden\" name=\"_wpcf7_container_post\" value=\"0\" \/>\n<input type=\"hidden\" name=\"_wpcf7_posted_data_hash\" value=\"\" \/>\n<input type=\"hidden\" name=\"_wpcf7_recaptcha_response\" value=\"\" \/>\n<\/div>\n<div id=\"contact-us-contact-form\">\n\t<div class=\"row\">\n\t\t<div class=\"col\">\n\t\t\t<p><label> Ime* <\/label><br \/>\n<span class=\"wpcf7-form-control-wrap\" data-name=\"your-name\"><input size=\"40\" maxlength=\"400\" class=\"wpcf7-form-control wpcf7-text wpcf7-validates-as-required\" aria-required=\"true\" aria-invalid=\"false\" value=\"\" type=\"text\" name=\"your-name\" \/><\/span>\n\t\t\t<\/p>\n\t\t<\/div>\n\t\t<div class=\"col\">\n\t\t\t<p><label>Email*<\/label><br \/>\n<span class=\"wpcf7-form-control-wrap\" data-name=\"your-email\"><input size=\"40\" maxlength=\"400\" class=\"wpcf7-form-control wpcf7-email wpcf7-validates-as-required wpcf7-text wpcf7-validates-as-email\" aria-required=\"true\" aria-invalid=\"false\" value=\"\" type=\"email\" name=\"your-email\" \/><\/span>\n\t\t\t<\/p>\n\t\t<\/div>\n\t<\/div>\n\t<div class=\"row\">\n\t\t<div class=\"col\">\n\t\t\t<p><label>Poruka*<\/label><br \/>\n<span class=\"wpcf7-form-control-wrap\" data-name=\"your-message\"><textarea cols=\"40\" rows=\"5\" maxlength=\"2000\" class=\"wpcf7-form-control wpcf7-textarea wpcf7-validates-as-required\" aria-required=\"true\" aria-invalid=\"false\" name=\"your-message\"><\/textarea><\/span>\n\t\t\t<\/p>\n\t\t<\/div>\n\t<\/div>\n\t<div class=\"row\" style=\"text-align: center;\">\n\t\t<div class=\"col\">\n\t\t\t<p><input class=\"wpcf7-form-control wpcf7-submit has-spinner\" type=\"submit\" value=\"Poslati\" \/>\n\t\t\t<\/p>\n\t\t<\/div>\n\t<\/div>\n<\/div><div class=\"wpcf7-response-output\" aria-hidden=\"true\"><\/div>\n<\/form>\n<\/div>\n<\/div>\n\t\t\t\t<\/div>\n\t\t\t\t<\/div>\n\t\t\t\t\t<\/div>\n\t\t\t\t<\/div>\n\t\t\t\t<\/div>\n\t\t\t\t\t<\/div>\n\t\t\t\t<\/div>\n\t\t\t\t<\/div>\n\t\t","protected":false},"excerpt":{"rendered":"<p>Trebate pomo\u0107? Pi\u0161ite nam i mi \u0107emo vam odgovoriti u najkra\u0107em mogu\u0107em roku TVRTKA B:hip EMEA ApS KORISNI\u010cKA PODR\u0160KA Po\u0161aljite nam svoja pitanja! Javit \u0107emo vam se \u0161to je prije [&hellip;]<\/p>\n","protected":false},"author":1,"featured_media":0,"parent":0,"menu_order":0,"comment_status":"closed","ping_status":"closed","template":"","meta":{"_price":"","_stock":"","_tribe_ticket_header":"","_tribe_default_ticket_provider":"","_tribe_ticket_capacity":"0","_ticket_start_date":"","_ticket_end_date":"","_tribe_ticket_show_description":"","_tribe_ticket_show_not_going":false,"_tribe_ticket_use_global_stock":"","_tribe_ticket_global_stock_level":"","_global_stock_mode":"","_global_stock_cap":"","_tribe_rsvp_for_event":"","_tribe_ticket_going_count":"","_tribe_ticket_not_going_count":"","_tribe_tickets_list":"[]","_tribe_ticket_has_attendee_info_fields":false,"footnotes":"","_tec_slr_enabled":"","_tec_slr_layout":""},"class_list":["post-42139","page","type-page","status-publish","hentry"],"ticketed":false,"_links":{"self":[{"href":"https:\/\/bhipemea.com\/hr-hr\/wp-json\/wp\/v2\/pages\/42139","targetHints":{"allow":["GET"]}}],"collection":[{"href":"https:\/\/bhipemea.com\/hr-hr\/wp-json\/wp\/v2\/pages"}],"about":[{"href":"https:\/\/bhipemea.com\/hr-hr\/wp-json\/wp\/v2\/types\/page"}],"author":[{"embeddable":true,"href":"https:\/\/bhipemea.com\/hr-hr\/wp-json\/wp\/v2\/users\/1"}],"replies":[{"embeddable":true,"href":"https:\/\/bhipemea.com\/hr-hr\/wp-json\/wp\/v2\/comments?post=42139"}],"version-history":[{"count":3,"href":"https:\/\/bhipemea.com\/hr-hr\/wp-json\/wp\/v2\/pages\/42139\/revisions"}],"predecessor-version":[{"id":42224,"href":"https:\/\/bhipemea.com\/hr-hr\/wp-json\/wp\/v2\/pages\/42139\/revisions\/42224"}],"wp:attachment":[{"href":"https:\/\/bhipemea.com\/hr-hr\/wp-json\/wp\/v2\/media?parent=42139"}],"curies":[{"name":"wp","href":"https:\/\/api.w.org\/{rel}","templated":true}]}}