{"id":42160,"date":"2022-10-04T15:01:34","date_gmt":"2022-10-04T13:01:34","guid":{"rendered":"https:\/\/bhipemea.com\/o-nama\/"},"modified":"2024-11-20T14:39:24","modified_gmt":"2024-11-20T13:39:24","slug":"o-nama","status":"publish","type":"page","link":"https:\/\/bhipemea.com\/hr-hr\/o-nama\/","title":{"rendered":"O nama"},"content":{"rendered":"\t\t<div data-elementor-type=\"wp-page\" data-elementor-id=\"42160\" class=\"elementor elementor-42160 elementor-33916\">\n\t\t\t\t<div class=\"elementor-element elementor-element-32d6c66 e-flex e-con-boxed e-con e-parent\" data-id=\"32d6c66\" data-element_type=\"container\">\n\t\t\t\t\t<div class=\"e-con-inner\">\n\t\t<div class=\"elementor-element elementor-element-4a73436 e-con-full e-flex e-con e-child\" data-id=\"4a73436\" data-element_type=\"container\">\n\t\t\t\t<div class=\"elementor-element elementor-element-5de1667 elementor-widget elementor-widget-heading\" data-id=\"5de1667\" data-element_type=\"widget\" data-widget_type=\"heading.default\">\n\t\t\t\t<div class=\"elementor-widget-container\">\n\t\t\t<h1 class=\"elementor-heading-title elementor-size-default\">O nama<\/h1>\t\t<\/div>\n\t\t\t\t<\/div>\n\t\t\t\t<\/div>\n\t\t\t\t\t<\/div>\n\t\t\t\t<\/div>\n\t\t<div class=\"elementor-element elementor-element-5a9c516 e-con-full e-flex e-con e-parent\" data-id=\"5a9c516\" data-element_type=\"container\">\n\t\t<div class=\"elementor-element elementor-element-dbfe600 e-con-full elementor-max-width e-flex e-con e-child\" data-id=\"dbfe600\" data-element_type=\"container\">\n\t\t<div class=\"elementor-element elementor-element-70ba6e5 e-con-full e-flex e-con e-child\" data-id=\"70ba6e5\" data-element_type=\"container\" data-settings=\"{&quot;background_background&quot;:&quot;classic&quot;}\">\n\t\t<div class=\"elementor-element elementor-element-54d50be e-flex e-con-boxed e-con e-child\" data-id=\"54d50be\" data-element_type=\"container\">\n\t\t\t\t\t<div class=\"e-con-inner\">\n\t\t\t\t<div class=\"elementor-element elementor-element-7f3c5c4 elementor-widget elementor-widget-heading\" data-id=\"7f3c5c4\" data-element_type=\"widget\" data-widget_type=\"heading.default\">\n\t\t\t\t<div class=\"elementor-widget-container\">\n\t\t\t<h1 class=\"elementor-heading-title elementor-size-default\">Izjava o misiji<\/h1>\t\t<\/div>\n\t\t\t\t<\/div>\n\t\t\t\t<div class=\"elementor-element elementor-element-bcbbb76 elementor-widget elementor-widget-text-editor\" data-id=\"bcbbb76\" data-element_type=\"widget\" data-widget_type=\"text-editor.default\">\n\t\t\t\t<div class=\"elementor-widget-container\">\n\t\t\t\t\t\t\t<p>Na\u0161a misija u B:hip EMEA je pomo\u0107i ljudima posti\u0107i zdraviji i bogatiji na\u010din \u017eivota vo\u0111enjem stabilne, odr\u017eive tvrtke s jedinstvenim proizvodima te pru\u017eanjem izvanredne poslovne prilike. Nismo tvrtka na burzi i stoga nemamo vanjskih dioni\u010dara kojima moramo udovoljavati. Sve \u0161to nam je va\u017eno jest uspjeh na\u0161ih distributera i omogu\u0107avanje na\u0161im visokokvalitetnim proizvodima da budu dostupni kupcima diljem svijeta. Tijekom nadolaze\u0107ih godina organski \u0107emo se \u0161iriti diljem svijeta, grade\u0107i tvrtku na zdravim na\u010delima i visokom integritetu.   <\/p>\n\t\t\t\t\t\t<\/div>\n\t\t\t\t<\/div>\n\t\t\t\t\t<\/div>\n\t\t\t\t<\/div>\n\t\t\t\t<\/div>\n\t\t<div class=\"elementor-element elementor-element-c9ef8ff e-con-full e-flex e-con e-child\" data-id=\"c9ef8ff\" data-element_type=\"container\" data-settings=\"{&quot;background_background&quot;:&quot;classic&quot;}\">\n\t\t\t\t<\/div>\n\t\t\t\t<\/div>\n\t\t\t\t<\/div>\n\t\t<div class=\"elementor-element elementor-element-d2d5380 e-flex e-con-boxed e-con e-parent\" data-id=\"d2d5380\" data-element_type=\"container\">\n\t\t\t\t\t<div class=\"e-con-inner\">\n\t\t<div class=\"elementor-element elementor-element-703577f e-con-full e-flex e-con e-child\" data-id=\"703577f\" data-element_type=\"container\">\n\t\t\t\t<div class=\"elementor-element elementor-element-cd1698d elementor-widget elementor-widget-heading\" data-id=\"cd1698d\" data-element_type=\"widget\" data-widget_type=\"heading.default\">\n\t\t\t\t<div class=\"elementor-widget-container\">\n\t\t\t<h2 class=\"elementor-heading-title elementor-size-default\">Globalna strategija<\/h2>\t\t<\/div>\n\t\t\t\t<\/div>\n\t\t\t\t<div class=\"elementor-element elementor-element-a822f44 elementor-widget elementor-widget-text-editor\" data-id=\"a822f44\" data-element_type=\"widget\" data-widget_type=\"text-editor.default\">\n\t\t\t\t<div class=\"elementor-widget-container\">\n\t\t\t\t\t\t\t<p>Na\u0161 cilj je nastaviti s me\u0111unarodnim \u0161irenjem, donose\u0107i na\u0161 jedinstveni poslovni model i zdravstvene proizvode na razli\u010dita tr\u017ei\u0161ta i u razli\u010dite zemlje. Za nas &#8220;zajednica&#8221; nije samo rije\u010d; vjerujemo u doprinos javnosti koja nas podr\u017eava. Sna\u017eno vjerujemo u transparentnost i odgovornost brenda te \u010dinimo sve napore da se pridr\u017eavamo smjernica za proizvode i zakonskih propisa u na\u0161im distribucijskim podru\u010djima. Na\u0161 razborit pristup najboljim praksama u industriji, u kombinaciji s \u010dvrstom i pouzdanom online infrastrukturom, pru\u017ea na\u0161im distributerima alate potrebne za razvoj vlastitog poslovanja. Vjerujemo u snagu i autenti\u010dnost na\u0161eg brenda. Nastavit \u0107emo \u0161iriti na\u0161u viziju, usa\u0111uju\u0107i je u umove i srca na\u0161ih distributera i kupaca, te i dalje te\u017eiti zdravijem i bogatijem \u017eivotu za sve.     <\/p>\n\t\t\t\t\t\t<\/div>\n\t\t\t\t<\/div>\n\t\t\t\t<\/div>\n\t\t\t\t\t<\/div>\n\t\t\t\t<\/div>\n\t\t\t\t<\/div>\n\t\t","protected":false},"excerpt":{"rendered":"<p>O nama Izjava o misiji Na\u0161a misija u B:hip EMEA je pomo\u0107i ljudima posti\u0107i zdraviji i bogatiji na\u010din \u017eivota vo\u0111enjem stabilne, odr\u017eive tvrtke s jedinstvenim proizvodima te pru\u017eanjem izvanredne poslovne [&hellip;]<\/p>\n","protected":false},"author":1,"featured_media":0,"parent":0,"menu_order":0,"comment_status":"closed","ping_status":"closed","template":"","meta":{"_price":"","_stock":"","_tribe_ticket_header":"","_tribe_default_ticket_provider":"","_tribe_ticket_capacity":"0","_ticket_start_date":"","_ticket_end_date":"","_tribe_ticket_show_description":"","_tribe_ticket_show_not_going":false,"_tribe_ticket_use_global_stock":"","_tribe_ticket_global_stock_level":"","_global_stock_mode":"","_global_stock_cap":"","_tribe_rsvp_for_event":"","_tribe_ticket_going_count":"","_tribe_ticket_not_going_count":"","_tribe_tickets_list":"[]","_tribe_ticket_has_attendee_info_fields":false,"footnotes":"","_tec_slr_enabled":"","_tec_slr_layout":""},"class_list":["post-42160","page","type-page","status-publish","hentry"],"ticketed":false,"_links":{"self":[{"href":"https:\/\/bhipemea.com\/hr-hr\/wp-json\/wp\/v2\/pages\/42160","targetHints":{"allow":["GET"]}}],"collection":[{"href":"https:\/\/bhipemea.com\/hr-hr\/wp-json\/wp\/v2\/pages"}],"about":[{"href":"https:\/\/bhipemea.com\/hr-hr\/wp-json\/wp\/v2\/types\/page"}],"author":[{"embeddable":true,"href":"https:\/\/bhipemea.com\/hr-hr\/wp-json\/wp\/v2\/users\/1"}],"replies":[{"embeddable":true,"href":"https:\/\/bhipemea.com\/hr-hr\/wp-json\/wp\/v2\/comments?post=42160"}],"version-history":[{"count":1,"href":"https:\/\/bhipemea.com\/hr-hr\/wp-json\/wp\/v2\/pages\/42160\/revisions"}],"predecessor-version":[{"id":42162,"href":"https:\/\/bhipemea.com\/hr-hr\/wp-json\/wp\/v2\/pages\/42160\/revisions\/42162"}],"wp:attachment":[{"href":"https:\/\/bhipemea.com\/hr-hr\/wp-json\/wp\/v2\/media?parent=42160"}],"curies":[{"name":"wp","href":"https:\/\/api.w.org\/{rel}","templated":true}]}}