{"id":42163,"date":"2022-07-29T14:58:31","date_gmt":"2022-07-29T12:58:31","guid":{"rendered":"https:\/\/bhipemea.com\/prilika\/"},"modified":"2024-11-20T14:59:44","modified_gmt":"2024-11-20T13:59:44","slug":"prilika","status":"publish","type":"page","link":"https:\/\/bhipemea.com\/hr-hr\/prilika\/","title":{"rendered":"Prilika"},"content":{"rendered":"\t\t<div data-elementor-type=\"wp-page\" data-elementor-id=\"42163\" class=\"elementor elementor-42163 elementor-33688\">\n\t\t\t\t<div class=\"elementor-element elementor-element-b5cdd9d e-flex e-con-boxed e-con e-parent\" data-id=\"b5cdd9d\" data-element_type=\"container\">\n\t\t\t\t\t<div class=\"e-con-inner\">\n\t\t<div class=\"elementor-element elementor-element-86d45f7 e-con-full e-flex e-con e-child\" data-id=\"86d45f7\" data-element_type=\"container\">\n\t\t\t\t<div class=\"elementor-element elementor-element-13e10d0 elementor-widget elementor-widget-heading\" data-id=\"13e10d0\" data-element_type=\"widget\" data-widget_type=\"heading.default\">\n\t\t\t\t<div class=\"elementor-widget-container\">\n\t\t\t<h1 class=\"elementor-heading-title elementor-size-default\">Prilika<\/h1>\t\t<\/div>\n\t\t\t\t<\/div>\n\t\t\t\t<div class=\"elementor-element elementor-element-e72b998 elementor-widget elementor-widget-text-editor\" data-id=\"e72b998\" data-element_type=\"widget\" data-widget_type=\"text-editor.default\">\n\t\t\t\t<div class=\"elementor-widget-container\">\n\t\t\t\t\t\t\t<p>Promijenite svoj put \u2013 B:hip EMEA nudi priliku da sve ovo postignete putem poslovnog i distribucijskog modela nazvanog Direktna prodaja. Industrija direktne prodaje brzo raste i trenutno uklju\u010duje milijune ljudi diljem svijeta. <\/p>\n\t\t\t\t\t\t<\/div>\n\t\t\t\t<\/div>\n\t\t\t\t<\/div>\n\t\t\t\t\t<\/div>\n\t\t\t\t<\/div>\n\t\t<div class=\"elementor-element elementor-element-4124e36 e-con-full e-flex e-con e-parent\" data-id=\"4124e36\" data-element_type=\"container\">\n\t\t<div class=\"elementor-element elementor-element-6440286 e-con-full elementor-max-width e-flex e-con e-child\" data-id=\"6440286\" data-element_type=\"container\">\n\t\t<div class=\"elementor-element elementor-element-0b6185d e-con-full e-flex e-con e-child\" data-id=\"0b6185d\" data-element_type=\"container\" data-settings=\"{&quot;background_background&quot;:&quot;classic&quot;}\">\n\t\t\t\t<\/div>\n\t\t<div class=\"elementor-element elementor-element-87c4354 e-con-full e-flex e-con e-child\" data-id=\"87c4354\" data-element_type=\"container\" data-settings=\"{&quot;background_background&quot;:&quot;classic&quot;}\">\n\t\t<div class=\"elementor-element elementor-element-23a3b9b e-flex e-con-boxed e-con e-child\" data-id=\"23a3b9b\" data-element_type=\"container\">\n\t\t\t\t\t<div class=\"e-con-inner\">\n\t\t\t\t<div class=\"elementor-element elementor-element-d5ba412 elementor-widget elementor-widget-heading\" data-id=\"d5ba412\" data-element_type=\"widget\" data-widget_type=\"heading.default\">\n\t\t\t\t<div class=\"elementor-widget-container\">\n\t\t\t<h1 class=\"elementor-heading-title elementor-size-default\">Budite svoj vlastiti \u0161ef<\/h1>\t\t<\/div>\n\t\t\t\t<\/div>\n\t\t\t\t<div class=\"elementor-element elementor-element-339f7f8 elementor-widget elementor-widget-text-editor\" data-id=\"339f7f8\" data-element_type=\"widget\" data-widget_type=\"text-editor.default\">\n\t\t\t\t<div class=\"elementor-widget-container\">\n\t\t\t\t\t\t\tJeste li ikada razmi\u0161ljali o tome da budete sami sebi \u0161ef? Da birate kada i koliko \u0107ete raditi? S kim \u0107ete raditi? \u017delite li biti dio zabavnog, sna\u017enog i ambicioznog tima s izvrsnom kulturom i timskim duhom?   \n\t\t\t\t\t\t<\/div>\n\t\t\t\t<\/div>\n\t\t\t\t<div class=\"elementor-element elementor-element-ca64de5 elementor-widget elementor-widget-heading\" data-id=\"ca64de5\" data-element_type=\"widget\" data-widget_type=\"heading.default\">\n\t\t\t\t<div class=\"elementor-widget-container\">\n\t\t\t<h1 class=\"elementor-heading-title elementor-size-default\">Dodatni prihod ili karijera na puno radno vrijeme?<\/h1>\t\t<\/div>\n\t\t\t\t<\/div>\n\t\t\t\t<div class=\"elementor-element elementor-element-e967ee2 elementor-widget elementor-widget-text-editor\" data-id=\"e967ee2\" data-element_type=\"widget\" data-widget_type=\"text-editor.default\">\n\t\t\t\t<div class=\"elementor-widget-container\">\n\t\t\t\t\t\t\t<p>Bilo da tra\u017eite dodatni prihod uz fleksibilno radno vrijeme i zabavu dok to radite, ili \u017eelite posvetiti svoje vrijeme izgradnji i vo\u0111enju vlastitog tima distributera te preuzeti kontrolu nad svojom financijskom budu\u0107no\u0161\u0107u, B:hip mo\u017ee biti pravo mjesto za vas.<\/p>\n<p>Mo\u017eda ste kupac, zaljubljeni u na\u0161e proizvode i \u017eelite ih podijeliti sa svijetom?<\/p>\n\t\t\t\t\t\t<\/div>\n\t\t\t\t<\/div>\n\t\t\t\t\t<\/div>\n\t\t\t\t<\/div>\n\t\t\t\t<\/div>\n\t\t\t\t<\/div>\n\t\t\t\t<\/div>\n\t\t<div class=\"elementor-element elementor-element-5777dfb e-flex e-con-boxed e-con e-parent\" data-id=\"5777dfb\" data-element_type=\"container\">\n\t\t\t\t\t<div class=\"e-con-inner\">\n\t\t<div class=\"elementor-element elementor-element-f16c485 e-con-full e-flex e-con e-child\" data-id=\"f16c485\" data-element_type=\"container\">\n\t\t\t\t<div class=\"elementor-element elementor-element-d967fd9 elementor-widget elementor-widget-heading\" data-id=\"d967fd9\" data-element_type=\"widget\" data-widget_type=\"heading.default\">\n\t\t\t\t<div class=\"elementor-widget-container\">\n\t\t\t<h1 class=\"elementor-heading-title elementor-size-default\">Proizvodi svjetske klase<\/h1>\t\t<\/div>\n\t\t\t\t<\/div>\n\t\t\t\t<div class=\"elementor-element elementor-element-50ccce2 elementor-widget elementor-widget-text-editor\" data-id=\"50ccce2\" data-element_type=\"widget\" data-widget_type=\"text-editor.default\">\n\t\t\t\t<div class=\"elementor-widget-container\">\n\t\t\t\t\t\t\t<p>Kada postanete neovisni distributer B:hip, va\u0161 zadatak je promovirati i prodavati B:hip visokokvalitetne proizvode te dijeliti ovu priliku s ljudima sli\u010dnih interesa. Imate podr\u0161ku na\u0161eg provedenog poslovnog sustava i slobodu u odabiru koliko vremena i truda \u017eelite ulo\u017eiti te koliko \u017eelite posti\u0107i. Neovisni ste, ali nikada niste sami. Uz solidne obrazovne i sustave podr\u0161ke te svjetsku kvalitetu vodstva, B:hip vam nudi sredstva za ostvarenje va\u0161ih snova i \u017eivot prema vlastitim \u017eeljama.   <\/p>\n\t\t\t\t\t\t<\/div>\n\t\t\t\t<\/div>\n\t\t\t\t<\/div>\n\t\t\t\t\t<\/div>\n\t\t\t\t<\/div>\n\t\t\t\t<\/div>\n\t\t","protected":false},"excerpt":{"rendered":"<p>Prilika Promijenite svoj put \u2013 B:hip EMEA nudi priliku da sve ovo postignete putem poslovnog i distribucijskog modela nazvanog Direktna prodaja. Industrija direktne prodaje brzo raste i trenutno uklju\u010duje milijune [&hellip;]<\/p>\n","protected":false},"author":1,"featured_media":0,"parent":0,"menu_order":0,"comment_status":"closed","ping_status":"closed","template":"","meta":{"_price":"","_stock":"","_tribe_ticket_header":"","_tribe_default_ticket_provider":"","_tribe_ticket_capacity":"0","_ticket_start_date":"","_ticket_end_date":"","_tribe_ticket_show_description":"","_tribe_ticket_show_not_going":false,"_tribe_ticket_use_global_stock":"","_tribe_ticket_global_stock_level":"","_global_stock_mode":"","_global_stock_cap":"","_tribe_rsvp_for_event":"","_tribe_ticket_going_count":"","_tribe_ticket_not_going_count":"","_tribe_tickets_list":"[]","_tribe_ticket_has_attendee_info_fields":false,"footnotes":"","_tec_slr_enabled":"","_tec_slr_layout":""},"class_list":["post-42163","page","type-page","status-publish","hentry"],"ticketed":false,"_links":{"self":[{"href":"https:\/\/bhipemea.com\/hr-hr\/wp-json\/wp\/v2\/pages\/42163","targetHints":{"allow":["GET"]}}],"collection":[{"href":"https:\/\/bhipemea.com\/hr-hr\/wp-json\/wp\/v2\/pages"}],"about":[{"href":"https:\/\/bhipemea.com\/hr-hr\/wp-json\/wp\/v2\/types\/page"}],"author":[{"embeddable":true,"href":"https:\/\/bhipemea.com\/hr-hr\/wp-json\/wp\/v2\/users\/1"}],"replies":[{"embeddable":true,"href":"https:\/\/bhipemea.com\/hr-hr\/wp-json\/wp\/v2\/comments?post=42163"}],"version-history":[{"count":1,"href":"https:\/\/bhipemea.com\/hr-hr\/wp-json\/wp\/v2\/pages\/42163\/revisions"}],"predecessor-version":[{"id":42165,"href":"https:\/\/bhipemea.com\/hr-hr\/wp-json\/wp\/v2\/pages\/42163\/revisions\/42165"}],"wp:attachment":[{"href":"https:\/\/bhipemea.com\/hr-hr\/wp-json\/wp\/v2\/media?parent=42163"}],"curies":[{"name":"wp","href":"https:\/\/api.w.org\/{rel}","templated":true}]}}