{"id":42113,"date":"2022-07-29T14:29:15","date_gmt":"2022-07-29T12:29:15","guid":{"rendered":"https:\/\/bhipemea.com\/product\/high-performance-eye-cream-2\/"},"modified":"2024-12-03T14:50:42","modified_gmt":"2024-12-03T13:50:42","slug":"high-performance-eye-cream-2","status":"publish","type":"product","link":"https:\/\/bhipemea.com\/hr-hr\/product\/high-performance-eye-cream-2\/","title":{"rendered":"High Performance Eye Cream"},"content":{"rendered":"","protected":false},"excerpt":{"rendered":"<p>Mol&amp;B High Performance Eye Cream je lagana i svje\u017ea, rashla\u0111uju\u0107a krema protiv starenja koja vla\u017ei i \u0161titi nje\u017enu ko\u017eu oko o\u010diju u\u010dinkom u\u010dvr\u0161\u0107ivanja i poma\u017ee u smanjenju nate\u010denosti, bora i udubina. Ima laganu teksturu gelkreme i sadr\u017ei hranjivo organsko ulje sjemenki \u0161ipka, Aldavine TM 5X koji uklanja tamne krugove i sprje\u010dava nate\u010denost i Dragosine \u00ae koji poti\u010de sintezu kolagena. Tako\u0111er sadr\u017ei Gatuline\u00ae In-Tense za ja\u010danje \u010dvrsto\u0107e ko\u017ee i vra\u0107a joj mladoliku, glatku strukturu nalik u\u010dinku filera. Mol&amp;B High Performance Eye Cream lako se upija u ko\u017eu, poma\u017ee smanjiti tamne krugove i bora, ostavljaju\u0107i podru\u010dje oko o\u010diju glatkijim, svje\u017eijim i mla\u0111is.  <\/p>\n<p><strong><em>Pogodno za sve tipove ko\u017ee.<\/em><\/strong><br \/>\n[read-more height-formula=\"product\"]<\/p>\n","protected":false},"featured_media":42115,"template":"","meta":{"_price":"","_stock":"","_tribe_ticket_header":"","_tribe_default_ticket_provider":"","_tribe_ticket_capacity":"0","_ticket_start_date":"","_ticket_end_date":"","_tribe_ticket_show_description":"","_tribe_ticket_show_not_going":false,"_tribe_ticket_use_global_stock":"","_tribe_ticket_global_stock_level":"","_global_stock_mode":"","_global_stock_cap":"","_tribe_rsvp_for_event":"","_tribe_ticket_going_count":"","_tribe_ticket_not_going_count":"","_tribe_tickets_list":"[]","_tribe_ticket_has_attendee_info_fields":false,"_tec_slr_enabled":"","_tec_slr_layout":""},"product_cat":[365],"product_tag":[],"class_list":{"0":"post-42113","1":"product","2":"type-product","3":"status-publish","4":"has-post-thumbnail","6":"product_brand-molb","7":"product_cat-briga-o-kozi","10":"first","11":"instock","12":"shipping-taxable","13":"product-type-simple"},"_links":{"self":[{"href":"https:\/\/bhipemea.com\/hr-hr\/wp-json\/wp\/v2\/product\/42113","targetHints":{"allow":["GET"]}}],"collection":[{"href":"https:\/\/bhipemea.com\/hr-hr\/wp-json\/wp\/v2\/product"}],"about":[{"href":"https:\/\/bhipemea.com\/hr-hr\/wp-json\/wp\/v2\/types\/product"}],"version-history":[{"count":1,"href":"https:\/\/bhipemea.com\/hr-hr\/wp-json\/wp\/v2\/product\/42113\/revisions"}],"predecessor-version":[{"id":42120,"href":"https:\/\/bhipemea.com\/hr-hr\/wp-json\/wp\/v2\/product\/42113\/revisions\/42120"}],"wp:featuredmedia":[{"embeddable":true,"href":"https:\/\/bhipemea.com\/hr-hr\/wp-json\/wp\/v2\/media\/42115"}],"wp:attachment":[{"href":"https:\/\/bhipemea.com\/hr-hr\/wp-json\/wp\/v2\/media?parent=42113"}],"wp:term":[{"taxonomy":"product_cat","embeddable":true,"href":"https:\/\/bhipemea.com\/hr-hr\/wp-json\/wp\/v2\/product_cat?post=42113"},{"taxonomy":"product_tag","embeddable":true,"href":"https:\/\/bhipemea.com\/hr-hr\/wp-json\/wp\/v2\/product_tag?post=42113"}],"curies":[{"name":"wp","href":"https:\/\/api.w.org\/{rel}","templated":true}]}}