{"id":42116,"date":"2022-07-29T14:26:08","date_gmt":"2022-07-29T12:26:08","guid":{"rendered":"https:\/\/bhipemea.com\/product\/multi-functional-regenerating-2\/"},"modified":"2024-11-20T10:26:59","modified_gmt":"2024-11-20T09:26:59","slug":"multi-functional-regenerating-2","status":"publish","type":"product","link":"https:\/\/bhipemea.com\/hr-hr\/product\/multi-functional-regenerating-2\/","title":{"rendered":"Multi-Functional Regenerating"},"content":{"rendered":"","protected":false},"excerpt":{"rendered":"<p>Mol&amp;B Multi-Functional Regenerating Facial Cream je obnavljaju\u0107a vi\u0161enamjenska krema protiv starenja koja ko\u017ei pru\u017ea intenzivnu vlagu, njegu i hranu. Krema je bogata antioksidansima i aktivnim u\u010dvr\u0161\u0107uju\u0107im sastojcima koji izgla\u0111uju i njeguju ko\u017eu. Sadr\u017ei Rovisome\u2122 Q10, koji sprje\u010dava znakove starenja \u010dak i u dubljim slojevima ko\u017ee. Dragosine\u00ae, koji poti\u010de obnavljanje kolagena i sprje\u010dava o\u0161te\u0107enja od UV zra\u010denja; Niacinamid (Vitamin B3) koji izjedna\u010dava ton ko\u017ee, sprje\u010dava pigmentne mrlje i smanjuje akne; izgla\u0111uju\u0107i Shea maslac plus hijaluronska kiselina, koji \u010duvaju vlagu, \u010dvrstinu i elasti\u010dnost ko\u017ee. Osim toga, sadr\u017ei i hranjivo ulje sjemenski \u0161ipka koje vrvi korisnim masnim kiselinama. Mol&amp;B Multi-Functional Regenerating Facial Cream se lako upija, ko\u017ea je zategnuta, a bore se izgla\u0111uju. Rezultat je meki, dobro hidratizirani, elasti\u010dni ten koji sjaji novom vitalno\u0161\u0107u.<\/p>\n<p><em><strong>Pogodno za sve tipove ko\u017ee \u2013 posebno za vrlo suhu ko\u017eu.<\/strong><\/em><br \/>\n[read-more height-formula=\"product\"]<\/p>\n","protected":false},"featured_media":42118,"template":"","meta":{"_price":"","_stock":"","_tribe_ticket_header":"","_tribe_default_ticket_provider":"","_tribe_ticket_capacity":"0","_ticket_start_date":"","_ticket_end_date":"","_tribe_ticket_show_description":"","_tribe_ticket_show_not_going":false,"_tribe_ticket_use_global_stock":"","_tribe_ticket_global_stock_level":"","_global_stock_mode":"","_global_stock_cap":"","_tribe_rsvp_for_event":"","_tribe_ticket_going_count":"","_tribe_ticket_not_going_count":"","_tribe_tickets_list":"[]","_tribe_ticket_has_attendee_info_fields":false,"_tec_slr_enabled":"","_tec_slr_layout":""},"product_cat":[365],"product_tag":[],"class_list":{"0":"post-42116","1":"product","2":"type-product","3":"status-publish","4":"has-post-thumbnail","6":"product_brand-molb","7":"product_cat-briga-o-kozi","10":"first","11":"instock","12":"shipping-taxable","13":"product-type-simple"},"_links":{"self":[{"href":"https:\/\/bhipemea.com\/hr-hr\/wp-json\/wp\/v2\/product\/42116","targetHints":{"allow":["GET"]}}],"collection":[{"href":"https:\/\/bhipemea.com\/hr-hr\/wp-json\/wp\/v2\/product"}],"about":[{"href":"https:\/\/bhipemea.com\/hr-hr\/wp-json\/wp\/v2\/types\/product"}],"version-history":[{"count":1,"href":"https:\/\/bhipemea.com\/hr-hr\/wp-json\/wp\/v2\/product\/42116\/revisions"}],"predecessor-version":[{"id":42119,"href":"https:\/\/bhipemea.com\/hr-hr\/wp-json\/wp\/v2\/product\/42116\/revisions\/42119"}],"wp:featuredmedia":[{"embeddable":true,"href":"https:\/\/bhipemea.com\/hr-hr\/wp-json\/wp\/v2\/media\/42118"}],"wp:attachment":[{"href":"https:\/\/bhipemea.com\/hr-hr\/wp-json\/wp\/v2\/media?parent=42116"}],"wp:term":[{"taxonomy":"product_cat","embeddable":true,"href":"https:\/\/bhipemea.com\/hr-hr\/wp-json\/wp\/v2\/product_cat?post=42116"},{"taxonomy":"product_tag","embeddable":true,"href":"https:\/\/bhipemea.com\/hr-hr\/wp-json\/wp\/v2\/product_tag?post=42116"}],"curies":[{"name":"wp","href":"https:\/\/api.w.org\/{rel}","templated":true}]}}