{"id":42121,"date":"2022-07-29T14:28:02","date_gmt":"2022-07-29T12:28:02","guid":{"rendered":"https:\/\/bhipemea.com\/product\/gentle-skin-cleanser\/"},"modified":"2024-12-03T13:34:35","modified_gmt":"2024-12-03T12:34:35","slug":"gentle-skin-cleanser","status":"publish","type":"product","link":"https:\/\/bhipemea.com\/hr-hr\/product\/gentle-skin-cleanser\/","title":{"rendered":"Gentle Skin Cleanser"},"content":{"rendered":"","protected":false},"excerpt":{"rendered":"<p>Mol&amp;B Gentle Skin Cleanser je gel za \u010di\u0161\u0107enje ko\u017ee bez pjene koji nje\u017eno uklanja \u0161minku, ulje i prljav\u0161tinu s ko\u017ee bez da ju isu\u0161uje. Ko\u017ea ostaje svje\u017ea i \u010dista, te spremna za va\u0161u omiljenu kremu. Gentle Skin Cleanser je oboga\u0107eno vitaminom B3 i provitaminom B5 , uklju\u010duju\u0107i hranjivo ulje makadamije i ulje sjemena organskog \u0161ipka.  <\/p>\n<p><em><strong>Pogodno za sve tipove ko\u017ee.<\/strong><\/em><br \/>\n[read-more height-formula=\"product\"]<\/p>\n","protected":false},"featured_media":42123,"template":"","meta":{"_price":"","_stock":"","_tribe_ticket_header":"","_tribe_default_ticket_provider":"","_tribe_ticket_capacity":"0","_ticket_start_date":"","_ticket_end_date":"","_tribe_ticket_show_description":"","_tribe_ticket_show_not_going":false,"_tribe_ticket_use_global_stock":"","_tribe_ticket_global_stock_level":"","_global_stock_mode":"","_global_stock_cap":"","_tribe_rsvp_for_event":"","_tribe_ticket_going_count":"","_tribe_ticket_not_going_count":"","_tribe_tickets_list":"[]","_tribe_ticket_has_attendee_info_fields":false,"_tec_slr_enabled":"","_tec_slr_layout":""},"product_cat":[365],"product_tag":[],"class_list":{"0":"post-42121","1":"product","2":"type-product","3":"status-publish","4":"has-post-thumbnail","6":"product_brand-molb","7":"product_cat-briga-o-kozi","10":"first","11":"instock","12":"shipping-taxable","13":"product-type-simple"},"_links":{"self":[{"href":"https:\/\/bhipemea.com\/hr-hr\/wp-json\/wp\/v2\/product\/42121","targetHints":{"allow":["GET"]}}],"collection":[{"href":"https:\/\/bhipemea.com\/hr-hr\/wp-json\/wp\/v2\/product"}],"about":[{"href":"https:\/\/bhipemea.com\/hr-hr\/wp-json\/wp\/v2\/types\/product"}],"version-history":[{"count":1,"href":"https:\/\/bhipemea.com\/hr-hr\/wp-json\/wp\/v2\/product\/42121\/revisions"}],"predecessor-version":[{"id":42220,"href":"https:\/\/bhipemea.com\/hr-hr\/wp-json\/wp\/v2\/product\/42121\/revisions\/42220"}],"wp:featuredmedia":[{"embeddable":true,"href":"https:\/\/bhipemea.com\/hr-hr\/wp-json\/wp\/v2\/media\/42123"}],"wp:attachment":[{"href":"https:\/\/bhipemea.com\/hr-hr\/wp-json\/wp\/v2\/media?parent=42121"}],"wp:term":[{"taxonomy":"product_cat","embeddable":true,"href":"https:\/\/bhipemea.com\/hr-hr\/wp-json\/wp\/v2\/product_cat?post=42121"},{"taxonomy":"product_tag","embeddable":true,"href":"https:\/\/bhipemea.com\/hr-hr\/wp-json\/wp\/v2\/product_tag?post=42121"}],"curies":[{"name":"wp","href":"https:\/\/api.w.org\/{rel}","templated":true}]}}