{"id":42130,"date":"2022-07-29T14:28:56","date_gmt":"2022-07-29T12:28:56","guid":{"rendered":"https:\/\/bhipemea.com\/product\/refreshing-skin-toner\/"},"modified":"2024-12-03T13:32:12","modified_gmt":"2024-12-03T12:32:12","slug":"refreshing-skin-toner","status":"publish","type":"product","link":"https:\/\/bhipemea.com\/hr-hr\/product\/refreshing-skin-toner\/","title":{"rendered":"Refreshing Skin Toner"},"content":{"rendered":"","protected":false},"excerpt":{"rendered":"<p>Mol&amp;B Refreshing Skin Toner je toner bez alkohola za suhu ko\u017eu koji osvje\u017eava, omek\u0161ava i umiruje ko\u017eu bez isu\u0161ivanja. Nje\u017eno \u010disti ko\u017eu od ne\u010disto\u0107a i ostavlja mek i svilenkasto gladak osje\u0107aj. Refreshing Skin Toner oboga\u0107en je prirodnim kompleksom hidratantnih i ovla\u017euju\u0107ih sastojaka iz Hydroveg\u00ae VV-a kao i hranjivim i umiruju\u0107im alantoinom i pantenolom. Sadr\u017ei organsko ulje sjemenki \u0161ipka.   <\/p>\n<p><strong><em>Pogodno za sve tipove ko\u017ee.<\/em><\/strong><br \/>\n[read-more height-formula=\"product\"]<\/p>\n","protected":false},"featured_media":42132,"template":"","meta":{"_price":"","_stock":"","_tribe_ticket_header":"","_tribe_default_ticket_provider":"","_tribe_ticket_capacity":"0","_ticket_start_date":"","_ticket_end_date":"","_tribe_ticket_show_description":"","_tribe_ticket_show_not_going":false,"_tribe_ticket_use_global_stock":"","_tribe_ticket_global_stock_level":"","_global_stock_mode":"","_global_stock_cap":"","_tribe_rsvp_for_event":"","_tribe_ticket_going_count":"","_tribe_ticket_not_going_count":"","_tribe_tickets_list":"[]","_tribe_ticket_has_attendee_info_fields":false,"_tec_slr_enabled":"","_tec_slr_layout":""},"product_cat":[365],"product_tag":[],"class_list":{"0":"post-42130","1":"product","2":"type-product","3":"status-publish","4":"has-post-thumbnail","6":"product_brand-molb","7":"product_cat-briga-o-kozi","10":"first","11":"instock","12":"shipping-taxable","13":"product-type-simple"},"_links":{"self":[{"href":"https:\/\/bhipemea.com\/hr-hr\/wp-json\/wp\/v2\/product\/42130","targetHints":{"allow":["GET"]}}],"collection":[{"href":"https:\/\/bhipemea.com\/hr-hr\/wp-json\/wp\/v2\/product"}],"about":[{"href":"https:\/\/bhipemea.com\/hr-hr\/wp-json\/wp\/v2\/types\/product"}],"version-history":[{"count":1,"href":"https:\/\/bhipemea.com\/hr-hr\/wp-json\/wp\/v2\/product\/42130\/revisions"}],"predecessor-version":[{"id":42218,"href":"https:\/\/bhipemea.com\/hr-hr\/wp-json\/wp\/v2\/product\/42130\/revisions\/42218"}],"wp:featuredmedia":[{"embeddable":true,"href":"https:\/\/bhipemea.com\/hr-hr\/wp-json\/wp\/v2\/media\/42132"}],"wp:attachment":[{"href":"https:\/\/bhipemea.com\/hr-hr\/wp-json\/wp\/v2\/media?parent=42130"}],"wp:term":[{"taxonomy":"product_cat","embeddable":true,"href":"https:\/\/bhipemea.com\/hr-hr\/wp-json\/wp\/v2\/product_cat?post=42130"},{"taxonomy":"product_tag","embeddable":true,"href":"https:\/\/bhipemea.com\/hr-hr\/wp-json\/wp\/v2\/product_tag?post=42130"}],"curies":[{"name":"wp","href":"https:\/\/api.w.org\/{rel}","templated":true}]}}