{"id":42133,"date":"2022-07-29T14:26:45","date_gmt":"2022-07-29T12:26:45","guid":{"rendered":"https:\/\/bhipemea.com\/product\/visible-facelift\/"},"modified":"2024-12-03T14:43:28","modified_gmt":"2024-12-03T13:43:28","slug":"visible-facelift","status":"publish","type":"product","link":"https:\/\/bhipemea.com\/hr-hr\/product\/visible-facelift\/","title":{"rendered":"Visible Facelift"},"content":{"rendered":"","protected":false},"excerpt":{"rendered":"<p>Mol&amp;B Visible Facelift je izuzetno u\u010dinkovita krema protiv starenja koja trenutno djeluje na zatezanje ko\u017ee i daje mla\u0111i izgled i poja\u010dava vitalnost ko\u017ee. Sadr\u017ei Gatuline\u00ae In-Tense i Gatuline\u00ae Expression \u2013 sna\u017ene i aktivne, prirodne biljne ekstrakte za koje se zna da pobolj\u0161avaju \u010dvrsto\u0107u ko\u017ee i obnavljaju njenu mladena\u010dku strukturu s u\u010dinkom nalik filerima. \u0160tovi\u0161e, blokira kontrakcije mi\u0161i\u0107a lica s u\u010dinkom nalik botoxu. Ko\u017ea je vidno \u010dvr\u0161\u0107a, bore i udubine su izgla\u0111ene, a konture lica zategnute kao kirur\u0161kim zahvatom. <\/p>\n<p>Lice odmah izgleda puno \u010dvr\u0161\u0107e i gla\u0111e. To se doga\u0111a nekoliko minuta i odr\u017eava se dulje vrijeme. Osim toga, u\u010dinak se svakodnevnom uporabom pove\u0107ava i rezultira glatkom, opu\u0161tenijom ko\u017eom. Uz to, Visible Facelift je oboga\u0107en hidratantnim i hranjivim, hladno pre\u0161anim organskim uljem sjemenki \u0161ipka, koje se brzo upija u ko\u017eu.   <\/p>\n<p><em><strong>Pogodno za sve tipove ko\u017ee.<\/strong><\/em><\/p>\n[read-more height-formula=\"product\"]\n","protected":false},"featured_media":42135,"template":"","meta":{"_price":"","_stock":"","_tribe_ticket_header":"","_tribe_default_ticket_provider":"","_tribe_ticket_capacity":"0","_ticket_start_date":"","_ticket_end_date":"","_tribe_ticket_show_description":"","_tribe_ticket_show_not_going":false,"_tribe_ticket_use_global_stock":"","_tribe_ticket_global_stock_level":"","_global_stock_mode":"","_global_stock_cap":"","_tribe_rsvp_for_event":"","_tribe_ticket_going_count":"","_tribe_ticket_not_going_count":"","_tribe_tickets_list":"[]","_tribe_ticket_has_attendee_info_fields":false,"_tec_slr_enabled":"","_tec_slr_layout":""},"product_cat":[365],"product_tag":[],"class_list":{"0":"post-42133","1":"product","2":"type-product","3":"status-publish","4":"has-post-thumbnail","6":"product_brand-molb","7":"product_cat-briga-o-kozi","10":"first","11":"instock","12":"shipping-taxable","13":"product-type-simple"},"_links":{"self":[{"href":"https:\/\/bhipemea.com\/hr-hr\/wp-json\/wp\/v2\/product\/42133","targetHints":{"allow":["GET"]}}],"collection":[{"href":"https:\/\/bhipemea.com\/hr-hr\/wp-json\/wp\/v2\/product"}],"about":[{"href":"https:\/\/bhipemea.com\/hr-hr\/wp-json\/wp\/v2\/types\/product"}],"version-history":[{"count":1,"href":"https:\/\/bhipemea.com\/hr-hr\/wp-json\/wp\/v2\/product\/42133\/revisions"}],"predecessor-version":[{"id":42222,"href":"https:\/\/bhipemea.com\/hr-hr\/wp-json\/wp\/v2\/product\/42133\/revisions\/42222"}],"wp:featuredmedia":[{"embeddable":true,"href":"https:\/\/bhipemea.com\/hr-hr\/wp-json\/wp\/v2\/media\/42135"}],"wp:attachment":[{"href":"https:\/\/bhipemea.com\/hr-hr\/wp-json\/wp\/v2\/media?parent=42133"}],"wp:term":[{"taxonomy":"product_cat","embeddable":true,"href":"https:\/\/bhipemea.com\/hr-hr\/wp-json\/wp\/v2\/product_cat?post=42133"},{"taxonomy":"product_tag","embeddable":true,"href":"https:\/\/bhipemea.com\/hr-hr\/wp-json\/wp\/v2\/product_tag?post=42133"}],"curies":[{"name":"wp","href":"https:\/\/api.w.org\/{rel}","templated":true}]}}