{"id":42136,"date":"2022-07-29T14:28:25","date_gmt":"2022-07-29T12:28:25","guid":{"rendered":"https:\/\/bhipemea.com\/product\/nourishing-face-serum\/"},"modified":"2024-12-03T13:33:04","modified_gmt":"2024-12-03T12:33:04","slug":"nourishing-face-serum","status":"publish","type":"product","link":"https:\/\/bhipemea.com\/hr-hr\/product\/nourishing-face-serum\/","title":{"rendered":"Nourishing Face Serum"},"content":{"rendered":"","protected":false},"excerpt":{"rendered":"<p>Mol&amp;B Nourishing Face Serum je lagan i svilenkast gel koji ko\u017eu \u010dini glatkom, \u010dvrstom i ujedna\u010denom s prelijepim sjajem. Bogata je vitaminima i u\u010dvr\u0161\u0107uju\u0107im sastojcima koji njeguju i stimuliraju ko\u017eu i imaju preventivan u\u010dinak na znakove starenja ko\u017ee. Gel sadr\u017ei organsko ulje sjemenki \u0161ipka, hidratantni vitamin B3 i provitamin B5 plus Dragosine \u00ae &#8211; vi\u0161enamjenski peptid protiv starenja koji stimulira sintezu kolagena antioksidativnim djelovanjem. Mol&amp;B Nourishing Face Serum se lako upija, ostavljaju\u0107i ko\u017eu dobro hidratiziranom, ujedna\u010denom i glatkom, te zdravog i mladolikog sjaja.  <\/p>\n<p><em><strong>Pogodno za sve tipove ko\u017ee.<\/strong><\/em><br \/>\n[read-more height-formula=\"product\"]<\/p>\n","protected":false},"featured_media":42138,"template":"","meta":{"_price":"","_stock":"","_tribe_ticket_header":"","_tribe_default_ticket_provider":"","_tribe_ticket_capacity":"0","_ticket_start_date":"","_ticket_end_date":"","_tribe_ticket_show_description":"","_tribe_ticket_show_not_going":false,"_tribe_ticket_use_global_stock":"","_tribe_ticket_global_stock_level":"","_global_stock_mode":"","_global_stock_cap":"","_tribe_rsvp_for_event":"","_tribe_ticket_going_count":"","_tribe_ticket_not_going_count":"","_tribe_tickets_list":"[]","_tribe_ticket_has_attendee_info_fields":false,"_tec_slr_enabled":"","_tec_slr_layout":""},"product_cat":[365],"product_tag":[],"class_list":{"0":"post-42136","1":"product","2":"type-product","3":"status-publish","4":"has-post-thumbnail","6":"product_brand-molb","7":"product_cat-briga-o-kozi","10":"first","11":"instock","12":"shipping-taxable","13":"product-type-simple"},"_links":{"self":[{"href":"https:\/\/bhipemea.com\/hr-hr\/wp-json\/wp\/v2\/product\/42136","targetHints":{"allow":["GET"]}}],"collection":[{"href":"https:\/\/bhipemea.com\/hr-hr\/wp-json\/wp\/v2\/product"}],"about":[{"href":"https:\/\/bhipemea.com\/hr-hr\/wp-json\/wp\/v2\/types\/product"}],"version-history":[{"count":1,"href":"https:\/\/bhipemea.com\/hr-hr\/wp-json\/wp\/v2\/product\/42136\/revisions"}],"predecessor-version":[{"id":42219,"href":"https:\/\/bhipemea.com\/hr-hr\/wp-json\/wp\/v2\/product\/42136\/revisions\/42219"}],"wp:featuredmedia":[{"embeddable":true,"href":"https:\/\/bhipemea.com\/hr-hr\/wp-json\/wp\/v2\/media\/42138"}],"wp:attachment":[{"href":"https:\/\/bhipemea.com\/hr-hr\/wp-json\/wp\/v2\/media?parent=42136"}],"wp:term":[{"taxonomy":"product_cat","embeddable":true,"href":"https:\/\/bhipemea.com\/hr-hr\/wp-json\/wp\/v2\/product_cat?post=42136"},{"taxonomy":"product_tag","embeddable":true,"href":"https:\/\/bhipemea.com\/hr-hr\/wp-json\/wp\/v2\/product_tag?post=42136"}],"curies":[{"name":"wp","href":"https:\/\/api.w.org\/{rel}","templated":true}]}}