{"id":42186,"date":"2022-07-29T10:18:41","date_gmt":"2022-07-29T08:18:41","guid":{"rendered":"https:\/\/bhipemea.com\/product\/fusion-vanilla\/"},"modified":"2022-07-29T10:18:41","modified_gmt":"2022-07-29T08:18:41","slug":"fusion-vanilla","status":"publish","type":"product","link":"https:\/\/bhipemea.com\/hr-hr\/product\/fusion-vanilla\/","title":{"rendered":"Fusion Vanilla"},"content":{"rendered":"","protected":false},"excerpt":{"rendered":"<p>Rasko\u0161an i kompleksan obrok, od sastojka visoke kvalitete i kompozicije koja, uz \u010dinjenicu da stvara hranjivu dijetu, poma\u017ee smanjiti osje\u0107aje umora. Stoga mo\u017ee se koristiti uz dijetu za smanjenje te\u017eine kao jedan shake jednostavne pripreme tijekom zaposlenog dana, koji \u0107e pridonijeti osje\u0107ajima lako\u0107e i pru\u017eati tijelu kombinaciju sastojka visoke kvalitete jednaki kao obrok. Doziran je u vre\u0107icama koje su prakti\u010dne i jednostavne za skladi\u0161titi i konzumirati, to \u010dini B:HIP Fusion idealan za va\u0161 \u017eivot u pokretu. Proizvod je dostupan u 3 okusa: Vanilija, \u010cokolada i Jagoda\/Rabarbara.   <\/p>\n<p><strong>Rebuild, Perform, Energy*<\/strong><\/p>\n<p>*Ovaj proizvod sadr\u017ei izme\u0111u ostalih vitamin C i B \u2013 vitamine 3,6 i 12. Rije\u010di Rebuild, Perform i Energy pojmovi su koji se odnose na odobrene zdravstvene tvrdnje Europske agencije za sigurnost hrane (EFSA) o sljede\u0107im sastojcima.<\/p>\n<p>\u2013 Vitamini B3, B6 i B12 doprinose normalnoj energiji metabolizma.<br \/>\n\u2013 Vitamini B3, B6 i B12 doprinose smanjenju umora i iscrpljenosti.<br \/>\n\u2013 Vitamin C doprinosi normalnoj energiji metabolizma.<br \/>\n\u2013 Vitamin C doprinosi smanjenju umora i iscrpljenosti.<br \/>\n\u2013 Vitamin C doprinosi za\u0161titi stanica od oksidativnog stresa.<\/p>\n<p>FUSION proizvodi ne mogu se prona\u0107i u redovnim du\u0107anima. Mi smo duboko uvjereni da proizvodi trebaju biti obja\u0161njeni i da vi kao kupci trebate biti upu\u0107eni o najboljem na\u010dinu kori\u0161tenja te da time uspijete posti\u0107i va\u0161 maksimalni potencijal. Zbog tog razloga FUSION proizvode mo\u017eete kupiti od va\u0161eg trenera ili osobnog distributera.<br \/>\n[read-more height-formula=\"product\"]<\/p>\n","protected":false},"featured_media":42188,"template":"","meta":{"_price":"","_stock":"","_tribe_ticket_header":"","_tribe_default_ticket_provider":"","_tribe_ticket_capacity":"0","_ticket_start_date":"","_ticket_end_date":"","_tribe_ticket_show_description":"","_tribe_ticket_show_not_going":false,"_tribe_ticket_use_global_stock":"","_tribe_ticket_global_stock_level":"","_global_stock_mode":"","_global_stock_cap":"","_tribe_rsvp_for_event":"","_tribe_ticket_going_count":"","_tribe_ticket_not_going_count":"","_tribe_tickets_list":"[]","_tribe_ticket_has_attendee_info_fields":false,"_tec_slr_enabled":"","_tec_slr_layout":""},"product_cat":[364],"product_tag":[],"class_list":{"0":"post-42186","1":"product","2":"type-product","3":"status-publish","4":"has-post-thumbnail","6":"product_brand-bhip","7":"product_cat-prehrana-hr-hr","10":"first","11":"instock","12":"shipping-taxable","13":"product-type-simple"},"_links":{"self":[{"href":"https:\/\/bhipemea.com\/hr-hr\/wp-json\/wp\/v2\/product\/42186","targetHints":{"allow":["GET"]}}],"collection":[{"href":"https:\/\/bhipemea.com\/hr-hr\/wp-json\/wp\/v2\/product"}],"about":[{"href":"https:\/\/bhipemea.com\/hr-hr\/wp-json\/wp\/v2\/types\/product"}],"version-history":[{"count":0,"href":"https:\/\/bhipemea.com\/hr-hr\/wp-json\/wp\/v2\/product\/42186\/revisions"}],"wp:featuredmedia":[{"embeddable":true,"href":"https:\/\/bhipemea.com\/hr-hr\/wp-json\/wp\/v2\/media\/42188"}],"wp:attachment":[{"href":"https:\/\/bhipemea.com\/hr-hr\/wp-json\/wp\/v2\/media?parent=42186"}],"wp:term":[{"taxonomy":"product_cat","embeddable":true,"href":"https:\/\/bhipemea.com\/hr-hr\/wp-json\/wp\/v2\/product_cat?post=42186"},{"taxonomy":"product_tag","embeddable":true,"href":"https:\/\/bhipemea.com\/hr-hr\/wp-json\/wp\/v2\/product_tag?post=42186"}],"curies":[{"name":"wp","href":"https:\/\/api.w.org\/{rel}","templated":true}]}}