{"id":41187,"date":"2022-07-29T14:27:13","date_gmt":"2022-07-29T12:27:13","guid":{"rendered":"https:\/\/bhipemea.com\/product\/multi-functional-anti-aging\/"},"modified":"2024-11-13T14:51:48","modified_gmt":"2024-11-13T13:51:48","slug":"multi-functional-anti-aging","status":"publish","type":"product","link":"https:\/\/bhipemea.com\/nl-nl\/product\/multi-functional-anti-aging\/","title":{"rendered":"Multi-Functional Anti-Aging"},"content":{"rendered":"","protected":false},"excerpt":{"rendered":"<p>De 24u antiverouderingsgezichtscr\u00e8me van Mol&amp;B is een effectieve en beschermende multifunctionele antiverouderingscr\u00e8me die de huid intens vocht, verzorging en voeding levert. De cr\u00e8me is rijk aan antioxidanten en actieve ingredi\u00ebnten, die de huid zachter maken en verstevigen. Het bevat voedende biologische rozenbottelzaadolie die de natuurlijke weerstand van de huid versterkt. <\/p>\n<p>Vitamine E en B3 plus Gatuline\u00ae In-Tense \u2013 een actief natuurlijk plantenextract dat de stevigheid van de huid versterkt en gladde, jeugdige structuur van de huid herstelt met een vulmiddel-achtig effect. Mol&amp;B antiverouderingsgezichtscr\u00e8me wordt snel geabsorbeerd, de huid wordt strakker met mee dichtheid en de dunne lijntjes worden glad gestreken. Het resultaat is een veerkrachtige, goed gehydrateerde, zachte en uniforme teint.  <\/p>\n<p><em><strong>Geschikt voor alle huidtypen.<\/strong><\/em><\/p>\n[read-more height-formula=\"product\"]\n","protected":false},"featured_media":41191,"template":"","meta":{"_price":"","_stock":"","_tribe_ticket_header":"","_tribe_default_ticket_provider":"","_tribe_ticket_capacity":"0","_ticket_start_date":"","_ticket_end_date":"","_tribe_ticket_show_description":"","_tribe_ticket_show_not_going":false,"_tribe_ticket_use_global_stock":"","_tribe_ticket_global_stock_level":"","_global_stock_mode":"","_global_stock_cap":"","_tribe_rsvp_for_event":"","_tribe_ticket_going_count":"","_tribe_ticket_not_going_count":"","_tribe_tickets_list":"[]","_tribe_ticket_has_attendee_info_fields":false,"_tec_slr_enabled":"","_tec_slr_layout":""},"product_cat":[270],"product_tag":[],"class_list":{"0":"post-41187","1":"product","2":"type-product","3":"status-publish","4":"has-post-thumbnail","6":"product_brand-molb","7":"product_cat-huidverzorging","10":"first","11":"instock","12":"shipping-taxable","13":"product-type-simple"},"_links":{"self":[{"href":"https:\/\/bhipemea.com\/nl-nl\/wp-json\/wp\/v2\/product\/41187","targetHints":{"allow":["GET"]}}],"collection":[{"href":"https:\/\/bhipemea.com\/nl-nl\/wp-json\/wp\/v2\/product"}],"about":[{"href":"https:\/\/bhipemea.com\/nl-nl\/wp-json\/wp\/v2\/types\/product"}],"version-history":[{"count":2,"href":"https:\/\/bhipemea.com\/nl-nl\/wp-json\/wp\/v2\/product\/41187\/revisions"}],"predecessor-version":[{"id":42069,"href":"https:\/\/bhipemea.com\/nl-nl\/wp-json\/wp\/v2\/product\/41187\/revisions\/42069"}],"wp:featuredmedia":[{"embeddable":true,"href":"https:\/\/bhipemea.com\/nl-nl\/wp-json\/wp\/v2\/media\/41191"}],"wp:attachment":[{"href":"https:\/\/bhipemea.com\/nl-nl\/wp-json\/wp\/v2\/media?parent=41187"}],"wp:term":[{"taxonomy":"product_cat","embeddable":true,"href":"https:\/\/bhipemea.com\/nl-nl\/wp-json\/wp\/v2\/product_cat?post=41187"},{"taxonomy":"product_tag","embeddable":true,"href":"https:\/\/bhipemea.com\/nl-nl\/wp-json\/wp\/v2\/product_tag?post=41187"}],"curies":[{"name":"wp","href":"https:\/\/api.w.org\/{rel}","templated":true}]}}