{"id":42268,"date":"2022-10-04T15:01:34","date_gmt":"2022-10-04T13:01:34","guid":{"rendered":"https:\/\/bhipemea.com\/despre-noi\/"},"modified":"2025-01-10T11:03:05","modified_gmt":"2025-01-10T10:03:05","slug":"despre-noi","status":"publish","type":"page","link":"https:\/\/bhipemea.com\/ro-ro\/despre-noi\/","title":{"rendered":"Despre noi"},"content":{"rendered":"\t\t<div data-elementor-type=\"wp-page\" data-elementor-id=\"42268\" class=\"elementor elementor-42268 elementor-33916\">\n\t\t\t\t<div class=\"elementor-element elementor-element-32d6c66 e-flex e-con-boxed e-con e-parent\" data-id=\"32d6c66\" data-element_type=\"container\">\n\t\t\t\t\t<div class=\"e-con-inner\">\n\t\t<div class=\"elementor-element elementor-element-4a73436 e-con-full e-flex e-con e-child\" data-id=\"4a73436\" data-element_type=\"container\">\n\t\t\t\t<div class=\"elementor-element elementor-element-5de1667 elementor-widget elementor-widget-heading\" data-id=\"5de1667\" data-element_type=\"widget\" data-widget_type=\"heading.default\">\n\t\t\t\t<div class=\"elementor-widget-container\">\n\t\t\t<h1 class=\"elementor-heading-title elementor-size-default\">Despre noi<\/h1>\t\t<\/div>\n\t\t\t\t<\/div>\n\t\t\t\t<\/div>\n\t\t\t\t\t<\/div>\n\t\t\t\t<\/div>\n\t\t<div class=\"elementor-element elementor-element-5a9c516 e-con-full e-flex e-con e-parent\" data-id=\"5a9c516\" data-element_type=\"container\">\n\t\t<div class=\"elementor-element elementor-element-dbfe600 e-con-full elementor-max-width e-flex e-con e-child\" data-id=\"dbfe600\" data-element_type=\"container\">\n\t\t<div class=\"elementor-element elementor-element-70ba6e5 e-con-full e-flex e-con e-child\" data-id=\"70ba6e5\" data-element_type=\"container\" data-settings=\"{&quot;background_background&quot;:&quot;classic&quot;}\">\n\t\t<div class=\"elementor-element elementor-element-54d50be e-flex e-con-boxed e-con e-child\" data-id=\"54d50be\" data-element_type=\"container\">\n\t\t\t\t\t<div class=\"e-con-inner\">\n\t\t\t\t<div class=\"elementor-element elementor-element-7f3c5c4 elementor-widget elementor-widget-heading\" data-id=\"7f3c5c4\" data-element_type=\"widget\" data-widget_type=\"heading.default\">\n\t\t\t\t<div class=\"elementor-widget-container\">\n\t\t\t<h1 class=\"elementor-heading-title elementor-size-default\">Misiunea noastr\u0103<\/h1>\t\t<\/div>\n\t\t\t\t<\/div>\n\t\t\t\t<div class=\"elementor-element elementor-element-bcbbb76 elementor-widget elementor-widget-text-editor\" data-id=\"bcbbb76\" data-element_type=\"widget\" data-widget_type=\"text-editor.default\">\n\t\t\t\t<div class=\"elementor-widget-container\">\n\t\t\t\t\t\t\t<p>Misiunea noastr\u0103 la B:hip EMEA este s\u0103 ajut\u0103m oamenii s\u0103 \u00ee\u0219i ob\u021bin\u0103 un stil de via\u021b\u0103 mai s\u0103n\u0103tos \u0219i mai prosper, conduc\u00e2nd o companie solid\u0103 \u0219i sustenabil\u0103, cu produse unice \u0219i oferind o oportunitate de afaceri remarcabil\u0103. Nu suntem o companie listat\u0103 la burs\u0103, a\u0219a c\u0103 nu avem ac\u021bionari externi de mul\u021bumit. Tot ceea ce ne intereseaz\u0103 este succesul distribuitorilor no\u0219tri \u0219i s\u0103 facem produsele noastre de \u00eenalt\u0103 calitate disponibile pentru clien\u021bi din \u00eentreaga lume. \u00cen anii ce urmeaz\u0103, ne vom extinde organic pe plan global, construind compania pe principii solide \u0219i integritate ridicat\u0103.<\/p>\n\t\t\t\t\t\t<\/div>\n\t\t\t\t<\/div>\n\t\t\t\t\t<\/div>\n\t\t\t\t<\/div>\n\t\t\t\t<\/div>\n\t\t<div class=\"elementor-element elementor-element-c9ef8ff e-con-full e-flex e-con e-child\" data-id=\"c9ef8ff\" data-element_type=\"container\" data-settings=\"{&quot;background_background&quot;:&quot;classic&quot;}\">\n\t\t\t\t<\/div>\n\t\t\t\t<\/div>\n\t\t\t\t<\/div>\n\t\t<div class=\"elementor-element elementor-element-d2d5380 e-flex e-con-boxed e-con e-parent\" data-id=\"d2d5380\" data-element_type=\"container\">\n\t\t\t\t\t<div class=\"e-con-inner\">\n\t\t<div class=\"elementor-element elementor-element-703577f e-con-full e-flex e-con e-child\" data-id=\"703577f\" data-element_type=\"container\">\n\t\t\t\t<div class=\"elementor-element elementor-element-cd1698d elementor-widget elementor-widget-heading\" data-id=\"cd1698d\" data-element_type=\"widget\" data-widget_type=\"heading.default\">\n\t\t\t\t<div class=\"elementor-widget-container\">\n\t\t\t<h2 class=\"elementor-heading-title elementor-size-default\">Strategie global\u0103<\/h2>\t\t<\/div>\n\t\t\t\t<\/div>\n\t\t\t\t<div class=\"elementor-element elementor-element-a822f44 elementor-widget elementor-widget-text-editor\" data-id=\"a822f44\" data-element_type=\"widget\" data-widget_type=\"text-editor.default\">\n\t\t\t\t<div class=\"elementor-widget-container\">\n\t\t\t\t\t\t\t<p>Scopul nostru este s\u0103 continu\u0103m expansiunea interna\u021bional\u0103, duc\u00e2nd modelul nostru unic de afaceri \u0219i produsele de s\u0103n\u0103tate pe pie\u021be diverse \u0219i \u00een \u021b\u0103ri diferite. Pentru noi, \u201eComunitatea\u201d este mai mult dec\u00e2t un simplu cuv\u00e2nt, iar noi credem \u00een a contribui la binele public care ne sus\u021bine. Credem cu t\u0103rie \u00een transparen\u021b\u0103 \u0219i responsabilitatea fa\u021b\u0103 de brand \u0219i depunem toate eforturile pentru a respecta liniile directoare legale \u0219i de produs din zonele noastre de distribu\u021bie declarate. Abordarea noastr\u0103 ra\u021bional\u0103 fa\u021b\u0103 de cele mai bune practici din industrie, combinat\u0103 cu o infrastructur\u0103 online solid\u0103 \u0219i fiabil\u0103, ofer\u0103 distribuitorilor no\u0219tri instrumentele de care au nevoie pentru a-\u0219i dezvolta propria afacere. Avem \u00eencredere \u00een puterea \u0219i autenticitatea brandului nostru. Vom continua s\u0103 ne extindem, insufl\u00e2nd viziunea noastr\u0103 \u00een min\u021bile \u0219i inimile distribuitorilor \u0219i clien\u021bilor no\u0219tri, \u0219i vom continua s\u0103 ne dorim o via\u021b\u0103 mai s\u0103n\u0103toas\u0103 \u0219i mai prosper\u0103 pentru to\u021bi.<\/p>\n\t\t\t\t\t\t<\/div>\n\t\t\t\t<\/div>\n\t\t\t\t<\/div>\n\t\t\t\t\t<\/div>\n\t\t\t\t<\/div>\n\t\t\t\t<\/div>\n\t\t","protected":false},"excerpt":{"rendered":"<p>Despre noi Misiunea noastr\u0103 Misiunea noastr\u0103 la B:hip EMEA este s\u0103 ajut\u0103m oamenii s\u0103 \u00ee\u0219i ob\u021bin\u0103 un stil de via\u021b\u0103 mai s\u0103n\u0103tos \u0219i mai prosper, conduc\u00e2nd o companie solid\u0103 \u0219i [&hellip;]<\/p>\n","protected":false},"author":1,"featured_media":0,"parent":0,"menu_order":0,"comment_status":"closed","ping_status":"closed","template":"","meta":{"_price":"","_stock":"","_tribe_ticket_header":"","_tribe_default_ticket_provider":"","_tribe_ticket_capacity":"0","_ticket_start_date":"","_ticket_end_date":"","_tribe_ticket_show_description":"","_tribe_ticket_show_not_going":false,"_tribe_ticket_use_global_stock":"","_tribe_ticket_global_stock_level":"","_global_stock_mode":"","_global_stock_cap":"","_tribe_rsvp_for_event":"","_tribe_ticket_going_count":"","_tribe_ticket_not_going_count":"","_tribe_tickets_list":"[]","_tribe_ticket_has_attendee_info_fields":false,"footnotes":"","_tec_slr_enabled":"","_tec_slr_layout":""},"class_list":["post-42268","page","type-page","status-publish","hentry"],"ticketed":false,"_links":{"self":[{"href":"https:\/\/bhipemea.com\/ro-ro\/wp-json\/wp\/v2\/pages\/42268","targetHints":{"allow":["GET"]}}],"collection":[{"href":"https:\/\/bhipemea.com\/ro-ro\/wp-json\/wp\/v2\/pages"}],"about":[{"href":"https:\/\/bhipemea.com\/ro-ro\/wp-json\/wp\/v2\/types\/page"}],"author":[{"embeddable":true,"href":"https:\/\/bhipemea.com\/ro-ro\/wp-json\/wp\/v2\/users\/1"}],"replies":[{"embeddable":true,"href":"https:\/\/bhipemea.com\/ro-ro\/wp-json\/wp\/v2\/comments?post=42268"}],"version-history":[{"count":1,"href":"https:\/\/bhipemea.com\/ro-ro\/wp-json\/wp\/v2\/pages\/42268\/revisions"}],"predecessor-version":[{"id":42270,"href":"https:\/\/bhipemea.com\/ro-ro\/wp-json\/wp\/v2\/pages\/42268\/revisions\/42270"}],"wp:attachment":[{"href":"https:\/\/bhipemea.com\/ro-ro\/wp-json\/wp\/v2\/media?parent=42268"}],"curies":[{"name":"wp","href":"https:\/\/api.w.org\/{rel}","templated":true}]}}