{"id":42271,"date":"2022-07-29T14:58:31","date_gmt":"2022-07-29T12:58:31","guid":{"rendered":"https:\/\/bhipemea.com\/oportunitati\/"},"modified":"2025-01-10T12:44:38","modified_gmt":"2025-01-10T11:44:38","slug":"oportunitati","status":"publish","type":"page","link":"https:\/\/bhipemea.com\/ro-ro\/oportunitati\/","title":{"rendered":"Oportunit\u0103\u021bi"},"content":{"rendered":"\t\t<div data-elementor-type=\"wp-page\" data-elementor-id=\"42271\" class=\"elementor elementor-42271 elementor-33688\">\n\t\t\t\t<div class=\"elementor-element elementor-element-b5cdd9d e-flex e-con-boxed e-con e-parent\" data-id=\"b5cdd9d\" data-element_type=\"container\">\n\t\t\t\t\t<div class=\"e-con-inner\">\n\t\t<div class=\"elementor-element elementor-element-86d45f7 e-con-full e-flex e-con e-child\" data-id=\"86d45f7\" data-element_type=\"container\">\n\t\t\t\t<div class=\"elementor-element elementor-element-13e10d0 elementor-widget elementor-widget-heading\" data-id=\"13e10d0\" data-element_type=\"widget\" data-widget_type=\"heading.default\">\n\t\t\t\t<div class=\"elementor-widget-container\">\n\t\t\t<h1 class=\"elementor-heading-title elementor-size-default\">Oportunit\u0103\u021bi<\/h1>\t\t<\/div>\n\t\t\t\t<\/div>\n\t\t\t\t<div class=\"elementor-element elementor-element-e72b998 elementor-widget elementor-widget-text-editor\" data-id=\"e72b998\" data-element_type=\"widget\" data-widget_type=\"text-editor.default\">\n\t\t\t\t<div class=\"elementor-widget-container\">\n\t\t\t\t\t\t\t<p>B:hip EMEA ofer\u0103 o oportunitate de a face toate acestea cu un model de afaceri \u0219i distribu\u021bie numit V\u00e2nz\u0103ri Directe. Industria V\u00e2nz\u0103rilor Directe este \u00een expansiune rapid\u0103 \u0219i implic\u0103 \u00een prezent milioane de oameni la nivel global. <\/p>\n\t\t\t\t\t\t<\/div>\n\t\t\t\t<\/div>\n\t\t\t\t<\/div>\n\t\t\t\t\t<\/div>\n\t\t\t\t<\/div>\n\t\t<div class=\"elementor-element elementor-element-4124e36 e-con-full e-flex e-con e-parent\" data-id=\"4124e36\" data-element_type=\"container\">\n\t\t<div class=\"elementor-element elementor-element-6440286 e-con-full elementor-max-width e-flex e-con e-child\" data-id=\"6440286\" data-element_type=\"container\">\n\t\t<div class=\"elementor-element elementor-element-0b6185d e-con-full e-flex e-con e-child\" data-id=\"0b6185d\" data-element_type=\"container\" data-settings=\"{&quot;background_background&quot;:&quot;classic&quot;}\">\n\t\t\t\t<\/div>\n\t\t<div class=\"elementor-element elementor-element-87c4354 e-con-full e-flex e-con e-child\" data-id=\"87c4354\" data-element_type=\"container\" data-settings=\"{&quot;background_background&quot;:&quot;classic&quot;}\">\n\t\t<div class=\"elementor-element elementor-element-23a3b9b e-flex e-con-boxed e-con e-child\" data-id=\"23a3b9b\" data-element_type=\"container\">\n\t\t\t\t\t<div class=\"e-con-inner\">\n\t\t\t\t<div class=\"elementor-element elementor-element-d5ba412 elementor-widget elementor-widget-heading\" data-id=\"d5ba412\" data-element_type=\"widget\" data-widget_type=\"heading.default\">\n\t\t\t\t<div class=\"elementor-widget-container\">\n\t\t\t<h1 class=\"elementor-heading-title elementor-size-default\">Fii propriul t\u0103u \u0219ef<\/h1>\t\t<\/div>\n\t\t\t\t<\/div>\n\t\t\t\t<div class=\"elementor-element elementor-element-339f7f8 elementor-widget elementor-widget-text-editor\" data-id=\"339f7f8\" data-element_type=\"widget\" data-widget_type=\"text-editor.default\">\n\t\t\t\t<div class=\"elementor-widget-container\">\n\t\t\t\t\t\t\tTe-ai g\u00e2ndit vreodat\u0103 s\u0103 fii propriul t\u0103u \u0219ef? S\u0103 alegi c\u00e2nd \u0219i c\u00e2t s\u0103 lucrezi? Cu cine s\u0103 lucrezi? Vrei s\u0103 faci parte dintr-o echip\u0103 fun, puternic\u0103 \u0219i ambi\u021bioas\u0103, cu o cultur\u0103 grozav\u0103 \u0219i spirit de echip\u0103?   \n\t\t\t\t\t\t<\/div>\n\t\t\t\t<\/div>\n\t\t\t\t<div class=\"elementor-element elementor-element-ca64de5 elementor-widget elementor-widget-heading\" data-id=\"ca64de5\" data-element_type=\"widget\" data-widget_type=\"heading.default\">\n\t\t\t\t<div class=\"elementor-widget-container\">\n\t\t\t<h1 class=\"elementor-heading-title elementor-size-default\">Venit suplimentar sau carier\u0103 full-time?<\/h1>\t\t<\/div>\n\t\t\t\t<\/div>\n\t\t\t\t<div class=\"elementor-element elementor-element-e967ee2 elementor-widget elementor-widget-text-editor\" data-id=\"e967ee2\" data-element_type=\"widget\" data-widget_type=\"text-editor.default\">\n\t\t\t\t<div class=\"elementor-widget-container\">\n\t\t\t\t\t\t\t<p>Fie c\u0103 e\u0219ti \u00een c\u0103utarea unui venit suplimentar part-time \u0219i vrei s\u0103 te distrezi \u00een timp ce faci asta, fie c\u0103 vrei s\u0103 te dedici construirii \u0219i conducerii propriei echipe de distribuitori \u0219i s\u0103 preiei controlul asupra viitorului t\u0103u financiar, B:hip poate fi locul potrivit pentru tine.<\/p>\n<p>Poate c\u0103 e\u0219ti un client, \u00eendr\u0103gostit de produsele noastre \u0219i vrei s\u0103 le \u00eemp\u0103rt\u0103\u0219e\u0219ti cu lumea?<\/p>\n\t\t\t\t\t\t<\/div>\n\t\t\t\t<\/div>\n\t\t\t\t\t<\/div>\n\t\t\t\t<\/div>\n\t\t\t\t<\/div>\n\t\t\t\t<\/div>\n\t\t\t\t<\/div>\n\t\t<div class=\"elementor-element elementor-element-5777dfb e-flex e-con-boxed e-con e-parent\" data-id=\"5777dfb\" data-element_type=\"container\">\n\t\t\t\t\t<div class=\"e-con-inner\">\n\t\t<div class=\"elementor-element elementor-element-f16c485 e-con-full e-flex e-con e-child\" data-id=\"f16c485\" data-element_type=\"container\">\n\t\t\t\t<div class=\"elementor-element elementor-element-d967fd9 elementor-widget elementor-widget-heading\" data-id=\"d967fd9\" data-element_type=\"widget\" data-widget_type=\"heading.default\">\n\t\t\t\t<div class=\"elementor-widget-container\">\n\t\t\t<h1 class=\"elementor-heading-title elementor-size-default\">Produse de clas\u0103 mondial\u0103<\/h1>\t\t<\/div>\n\t\t\t\t<\/div>\n\t\t\t\t<div class=\"elementor-element elementor-element-50ccce2 elementor-widget elementor-widget-text-editor\" data-id=\"50ccce2\" data-element_type=\"widget\" data-widget_type=\"text-editor.default\">\n\t\t\t\t<div class=\"elementor-widget-container\">\n\t\t\t\t\t\t\t<p>C\u00e2nd devii distribuitor independent B:hip, sarcina ta este s\u0103 promovezi \u0219i s\u0103 vinzi produsele de \u00eenalt\u0103 calitate B:hip \u0219i s\u0103 \u00eemp\u0103rt\u0103\u0219e\u0219ti oportunitatea cu persoane care g\u00e2ndesc la fel. Beneficiezi de sprijinul \u0219i suportul sistemului nostru de afaceri dovedit \u0219i de libertatea de a alege c\u00e2t timp \u0219i efort vrei s\u0103 investe\u0219ti \u0219i c\u00e2t de departe vrei s\u0103 ajungi. E\u0219ti independent, dar nu e\u0219ti niciodat\u0103 singur. Cu un sistem solid de educa\u021bie \u0219i suport \u0219i cu un leadership de clas\u0103 mondial\u0103, B:hip \u00ee\u021bi ofer\u0103 mijlocul prin care s\u0103 \u00ee\u021bi \u00eendepline\u0219ti visurile \u0219i s\u0103 tr\u0103ie\u0219ti via\u021ba pe care o dore\u0219ti.<\/p>\n\t\t\t\t\t\t<\/div>\n\t\t\t\t<\/div>\n\t\t\t\t<\/div>\n\t\t\t\t\t<\/div>\n\t\t\t\t<\/div>\n\t\t\t\t<\/div>\n\t\t","protected":false},"excerpt":{"rendered":"<p>Oportunit\u0103\u021bi B:hip EMEA ofer\u0103 o oportunitate de a face toate acestea cu un model de afaceri \u0219i distribu\u021bie numit V\u00e2nz\u0103ri Directe. Industria V\u00e2nz\u0103rilor Directe este \u00een expansiune rapid\u0103 \u0219i implic\u0103 [&hellip;]<\/p>\n","protected":false},"author":1,"featured_media":0,"parent":0,"menu_order":0,"comment_status":"closed","ping_status":"closed","template":"","meta":{"_price":"","_stock":"","_tribe_ticket_header":"","_tribe_default_ticket_provider":"","_tribe_ticket_capacity":"0","_ticket_start_date":"","_ticket_end_date":"","_tribe_ticket_show_description":"","_tribe_ticket_show_not_going":false,"_tribe_ticket_use_global_stock":"","_tribe_ticket_global_stock_level":"","_global_stock_mode":"","_global_stock_cap":"","_tribe_rsvp_for_event":"","_tribe_ticket_going_count":"","_tribe_ticket_not_going_count":"","_tribe_tickets_list":"[]","_tribe_ticket_has_attendee_info_fields":false,"footnotes":"","_tec_slr_enabled":"","_tec_slr_layout":""},"class_list":["post-42271","page","type-page","status-publish","hentry"],"ticketed":false,"_links":{"self":[{"href":"https:\/\/bhipemea.com\/ro-ro\/wp-json\/wp\/v2\/pages\/42271","targetHints":{"allow":["GET"]}}],"collection":[{"href":"https:\/\/bhipemea.com\/ro-ro\/wp-json\/wp\/v2\/pages"}],"about":[{"href":"https:\/\/bhipemea.com\/ro-ro\/wp-json\/wp\/v2\/types\/page"}],"author":[{"embeddable":true,"href":"https:\/\/bhipemea.com\/ro-ro\/wp-json\/wp\/v2\/users\/1"}],"replies":[{"embeddable":true,"href":"https:\/\/bhipemea.com\/ro-ro\/wp-json\/wp\/v2\/comments?post=42271"}],"version-history":[{"count":1,"href":"https:\/\/bhipemea.com\/ro-ro\/wp-json\/wp\/v2\/pages\/42271\/revisions"}],"predecessor-version":[{"id":42273,"href":"https:\/\/bhipemea.com\/ro-ro\/wp-json\/wp\/v2\/pages\/42271\/revisions\/42273"}],"wp:attachment":[{"href":"https:\/\/bhipemea.com\/ro-ro\/wp-json\/wp\/v2\/media?parent=42271"}],"curies":[{"name":"wp","href":"https:\/\/api.w.org\/{rel}","templated":true}]}}