{"id":42274,"date":"2022-07-29T14:29:15","date_gmt":"2022-07-29T12:29:15","guid":{"rendered":"https:\/\/bhipemea.com\/product\/high-performance-eye-cream\/"},"modified":"2022-07-29T14:29:15","modified_gmt":"2022-07-29T12:29:15","slug":"high-performance-eye-cream","status":"publish","type":"product","link":"https:\/\/bhipemea.com\/ro-ro\/product\/high-performance-eye-cream\/","title":{"rendered":"High Performance Eye Cream"},"content":{"rendered":"","protected":false},"excerpt":{"rendered":"<p>Mol&amp;B High Performance Eye Cream este o crem\u0103 u\u0219oar\u0103 \u0219i proasp\u0103t\u0103, cu efect r\u0103coritor \u0219i anti-\u00eemb\u0103tr\u00e2nire, care hidrateaz\u0103 \u0219i protejeaz\u0103 pielea delicat\u0103 din jurul ochilor, av\u00e2nd un efect de tonifiere \u0219i contribuind la reducerea umfl\u0103turilor din jurul ochilor, ridurilor \u0219i liniilor fine. Are o textur\u0103 u\u0219oar\u0103 de gel-crem\u0103 \u0219i con\u021bine ulei organic de semin\u021be de m\u0103ce\u0219, Aldavine TM 5X care elimin\u0103 cearc\u0103nele \u0219i previne umfl\u0103turile din jurul ochilor \u0219i Dragosine\u00ae care stimuleaz\u0103 sinteza de colagen. De asemenea, con\u021bine Gatuline\u00ae In-Tense pentru a \u00eent\u0103ri fermitatea pielii \u0219i pentru a restabili structura neted\u0103 \u0219i t\u00e2n\u0103r\u0103 a acesteia cu un efect asem\u0103n\u0103tor al unui filling.<\/p>\n<p>Mol&amp;B High Performance Eye Cream este absorbit\u0103 u\u0219or de piele \u0219i ajut\u0103 la reducerea cearc\u0103nelor \u0219i a liniilor fine, l\u0103s\u00e2nd zona ochilor mai neted\u0103, mai proasp\u0103t\u0103 \u0219i mai t\u00e2n\u0103r\u0103.<\/p>\n<p><strong><em>Potrivit pentru toate tipurile de piele.<\/em><\/strong><br \/>\n[read-more height-formula=\"product\"]<\/p>\n","protected":false},"featured_media":42276,"template":"","meta":{"_price":"","_stock":"","_tribe_ticket_header":"","_tribe_default_ticket_provider":"","_tribe_ticket_capacity":"0","_ticket_start_date":"","_ticket_end_date":"","_tribe_ticket_show_description":"","_tribe_ticket_show_not_going":false,"_tribe_ticket_use_global_stock":"","_tribe_ticket_global_stock_level":"","_global_stock_mode":"","_global_stock_cap":"","_tribe_rsvp_for_event":"","_tribe_ticket_going_count":"","_tribe_ticket_not_going_count":"","_tribe_tickets_list":"[]","_tribe_ticket_has_attendee_info_fields":false,"_tec_slr_enabled":"","_tec_slr_layout":""},"product_cat":[372],"product_tag":[],"class_list":{"0":"post-42274","1":"product","2":"type-product","3":"status-publish","4":"has-post-thumbnail","6":"product_brand-molb","7":"product_cat-ingrijire-a-pielii","10":"first","11":"instock","12":"shipping-taxable","13":"product-type-simple"},"_links":{"self":[{"href":"https:\/\/bhipemea.com\/ro-ro\/wp-json\/wp\/v2\/product\/42274","targetHints":{"allow":["GET"]}}],"collection":[{"href":"https:\/\/bhipemea.com\/ro-ro\/wp-json\/wp\/v2\/product"}],"about":[{"href":"https:\/\/bhipemea.com\/ro-ro\/wp-json\/wp\/v2\/types\/product"}],"version-history":[{"count":0,"href":"https:\/\/bhipemea.com\/ro-ro\/wp-json\/wp\/v2\/product\/42274\/revisions"}],"wp:featuredmedia":[{"embeddable":true,"href":"https:\/\/bhipemea.com\/ro-ro\/wp-json\/wp\/v2\/media\/42276"}],"wp:attachment":[{"href":"https:\/\/bhipemea.com\/ro-ro\/wp-json\/wp\/v2\/media?parent=42274"}],"wp:term":[{"taxonomy":"product_cat","embeddable":true,"href":"https:\/\/bhipemea.com\/ro-ro\/wp-json\/wp\/v2\/product_cat?post=42274"},{"taxonomy":"product_tag","embeddable":true,"href":"https:\/\/bhipemea.com\/ro-ro\/wp-json\/wp\/v2\/product_tag?post=42274"}],"curies":[{"name":"wp","href":"https:\/\/api.w.org\/{rel}","templated":true}]}}