{"id":42277,"date":"2022-07-29T14:28:56","date_gmt":"2022-07-29T12:28:56","guid":{"rendered":"https:\/\/bhipemea.com\/product\/refreshing-skin-toner\/"},"modified":"2022-07-29T14:28:56","modified_gmt":"2022-07-29T12:28:56","slug":"refreshing-skin-toner","status":"publish","type":"product","link":"https:\/\/bhipemea.com\/ro-ro\/product\/refreshing-skin-toner\/","title":{"rendered":"Refreshing Skin Toner"},"content":{"rendered":"","protected":false},"excerpt":{"rendered":"<p>Mol&amp;B Refreshing Skin Toner este un toner f\u0103r\u0103 alcool, special conceput pentru pielea uscat\u0103, care revitalizeaz\u0103, \u00eenmoaie \u0219i calmeaz\u0103 pielea f\u0103r\u0103 a o deshidrata. Cur\u0103\u021b\u0103 delicat pielea de impurit\u0103\u021bi \u0219i o las\u0103 cu o senzatie moale \u0219i m\u0103t\u0103soas\u0103. Refreshing Skin Toner este \u00eembog\u0103\u021bit cu un complex natural de ingrediente hidratante \u0219i umectante din Hydroveg\u00ae VV, precum \u0219i Allantoin\u0103 \u0219i Pantenol, care hr\u0103nesc \u0219i calmeaz\u0103 pielea. Con\u021bine, de asemenea, ulei organic de semin\u021be de m\u0103ce\u0219.<\/p>\n<p><strong><em>Potrivit pentru toate tipurile de piele.<\/em><\/strong><br \/>\n[read-more height-formula=\"product\"]<\/p>\n","protected":false},"featured_media":42279,"template":"","meta":{"_price":"","_stock":"","_tribe_ticket_header":"","_tribe_default_ticket_provider":"","_tribe_ticket_capacity":"0","_ticket_start_date":"","_ticket_end_date":"","_tribe_ticket_show_description":"","_tribe_ticket_show_not_going":false,"_tribe_ticket_use_global_stock":"","_tribe_ticket_global_stock_level":"","_global_stock_mode":"","_global_stock_cap":"","_tribe_rsvp_for_event":"","_tribe_ticket_going_count":"","_tribe_ticket_not_going_count":"","_tribe_tickets_list":"[]","_tribe_ticket_has_attendee_info_fields":false,"_tec_slr_enabled":"","_tec_slr_layout":""},"product_cat":[372],"product_tag":[],"class_list":{"0":"post-42277","1":"product","2":"type-product","3":"status-publish","4":"has-post-thumbnail","6":"product_brand-molb","7":"product_cat-ingrijire-a-pielii","10":"first","11":"instock","12":"shipping-taxable","13":"product-type-simple"},"_links":{"self":[{"href":"https:\/\/bhipemea.com\/ro-ro\/wp-json\/wp\/v2\/product\/42277","targetHints":{"allow":["GET"]}}],"collection":[{"href":"https:\/\/bhipemea.com\/ro-ro\/wp-json\/wp\/v2\/product"}],"about":[{"href":"https:\/\/bhipemea.com\/ro-ro\/wp-json\/wp\/v2\/types\/product"}],"version-history":[{"count":0,"href":"https:\/\/bhipemea.com\/ro-ro\/wp-json\/wp\/v2\/product\/42277\/revisions"}],"wp:featuredmedia":[{"embeddable":true,"href":"https:\/\/bhipemea.com\/ro-ro\/wp-json\/wp\/v2\/media\/42279"}],"wp:attachment":[{"href":"https:\/\/bhipemea.com\/ro-ro\/wp-json\/wp\/v2\/media?parent=42277"}],"wp:term":[{"taxonomy":"product_cat","embeddable":true,"href":"https:\/\/bhipemea.com\/ro-ro\/wp-json\/wp\/v2\/product_cat?post=42277"},{"taxonomy":"product_tag","embeddable":true,"href":"https:\/\/bhipemea.com\/ro-ro\/wp-json\/wp\/v2\/product_tag?post=42277"}],"curies":[{"name":"wp","href":"https:\/\/api.w.org\/{rel}","templated":true}]}}