{"id":42280,"date":"2022-07-29T14:28:25","date_gmt":"2022-07-29T12:28:25","guid":{"rendered":"https:\/\/bhipemea.com\/product\/nourishing-face-serum\/"},"modified":"2022-07-29T14:28:25","modified_gmt":"2022-07-29T12:28:25","slug":"nourishing-face-serum","status":"publish","type":"product","link":"https:\/\/bhipemea.com\/ro-ro\/product\/nourishing-face-serum\/","title":{"rendered":"Nourishing Face Serum"},"content":{"rendered":"","protected":false},"excerpt":{"rendered":"<p>Mol&amp;B Nourishing Face Serum este un gel u\u0219or \u0219i catifelat, care hidrateaz\u0103 \u0219i hr\u0103ne\u0219te pielea, l\u0103s\u00e2nd o neted\u0103, ferm\u0103 \u0219i uniform\u0103, cu un aspect str\u0103lucitor \u0219i s\u0103n\u0103tos. Este bogat \u00een vitamine \u0219i ingrediente tonifiante care hr\u0103nesc \u0219i stimuleaz\u0103 pielea \u0219i au un efect preventiv asupra semnelor de \u00eemb\u0103tr\u00e2nire a pielii. Gelul con\u021bine ulei organic de semin\u021be de m\u0103ce\u0219, Vitamina B3 hidratant\u0103 \u0219i Provitamina B5, plus Dragosine\u00ae &#8211; un peptide anti-\u00eemb\u0103tr\u00e2nire multifunctional care stimuleaz\u0103 sinteza de colagen cu o activitate antioxidativ\u0103.<\/p>\n<p>Mol&amp;B Nourishing Face Serum este absorbit u\u0219or, l\u0103s\u00e2nd pielea bine hidratat\u0103, mai uniform\u0103 \u0219i mai neted\u0103, cu un aspect s\u0103n\u0103tos \u0219i tineresc.<\/p>\n<p><em><strong>Potrivit pentru toate tipurile de piele.<\/strong><\/em><br \/>\n[read-more height-formula=\"product\"]<\/p>\n","protected":false},"featured_media":42282,"template":"","meta":{"_price":"","_stock":"","_tribe_ticket_header":"","_tribe_default_ticket_provider":"","_tribe_ticket_capacity":"0","_ticket_start_date":"","_ticket_end_date":"","_tribe_ticket_show_description":"","_tribe_ticket_show_not_going":false,"_tribe_ticket_use_global_stock":"","_tribe_ticket_global_stock_level":"","_global_stock_mode":"","_global_stock_cap":"","_tribe_rsvp_for_event":"","_tribe_ticket_going_count":"","_tribe_ticket_not_going_count":"","_tribe_tickets_list":"[]","_tribe_ticket_has_attendee_info_fields":false,"_tec_slr_enabled":"","_tec_slr_layout":""},"product_cat":[372],"product_tag":[],"class_list":{"0":"post-42280","1":"product","2":"type-product","3":"status-publish","4":"has-post-thumbnail","6":"product_brand-molb","7":"product_cat-ingrijire-a-pielii","10":"first","11":"instock","12":"shipping-taxable","13":"product-type-simple"},"_links":{"self":[{"href":"https:\/\/bhipemea.com\/ro-ro\/wp-json\/wp\/v2\/product\/42280","targetHints":{"allow":["GET"]}}],"collection":[{"href":"https:\/\/bhipemea.com\/ro-ro\/wp-json\/wp\/v2\/product"}],"about":[{"href":"https:\/\/bhipemea.com\/ro-ro\/wp-json\/wp\/v2\/types\/product"}],"version-history":[{"count":0,"href":"https:\/\/bhipemea.com\/ro-ro\/wp-json\/wp\/v2\/product\/42280\/revisions"}],"wp:featuredmedia":[{"embeddable":true,"href":"https:\/\/bhipemea.com\/ro-ro\/wp-json\/wp\/v2\/media\/42282"}],"wp:attachment":[{"href":"https:\/\/bhipemea.com\/ro-ro\/wp-json\/wp\/v2\/media?parent=42280"}],"wp:term":[{"taxonomy":"product_cat","embeddable":true,"href":"https:\/\/bhipemea.com\/ro-ro\/wp-json\/wp\/v2\/product_cat?post=42280"},{"taxonomy":"product_tag","embeddable":true,"href":"https:\/\/bhipemea.com\/ro-ro\/wp-json\/wp\/v2\/product_tag?post=42280"}],"curies":[{"name":"wp","href":"https:\/\/api.w.org\/{rel}","templated":true}]}}