{"id":42283,"date":"2022-07-29T14:28:02","date_gmt":"2022-07-29T12:28:02","guid":{"rendered":"https:\/\/bhipemea.com\/product\/gentle-skin-cleanser\/"},"modified":"2022-07-29T14:28:02","modified_gmt":"2022-07-29T12:28:02","slug":"gentle-skin-cleanser","status":"publish","type":"product","link":"https:\/\/bhipemea.com\/ro-ro\/product\/gentle-skin-cleanser\/","title":{"rendered":"Gentle Skin Cleanser"},"content":{"rendered":"","protected":false},"excerpt":{"rendered":"<p>Mol&amp;B Gentle Skin Cleanser este un gel de cur\u0103tare non-spumant care \u00eendep\u0103rteaz\u0103 delicat machiajul, uleiul \u0219i murd\u0103ria de pe piele f\u0103r\u0103 a o usca. Las\u0103 pielea proasp\u0103t\u0103, curat\u0103 \u0219i preg\u0103tit\u0103 pentru aplicarea cremei preferate. Gelul de cur\u0103tare este \u00eembog\u0103tit cu vitamina B3 \u0219i provitamina B5, incluz\u00e2nd ulei hr\u0103nitor de Macadamia \u0219i ulei organic de seminte de m\u0103ce\u0219.<\/p>\n<p><em><strong>Potrivit pentru toate tipurile de piele.<\/strong><\/em><br \/>\n[read-more height-formula=\"product\"]<\/p>\n","protected":false},"featured_media":42285,"template":"","meta":{"_price":"","_stock":"","_tribe_ticket_header":"","_tribe_default_ticket_provider":"","_tribe_ticket_capacity":"0","_ticket_start_date":"","_ticket_end_date":"","_tribe_ticket_show_description":"","_tribe_ticket_show_not_going":false,"_tribe_ticket_use_global_stock":"","_tribe_ticket_global_stock_level":"","_global_stock_mode":"","_global_stock_cap":"","_tribe_rsvp_for_event":"","_tribe_ticket_going_count":"","_tribe_ticket_not_going_count":"","_tribe_tickets_list":"[]","_tribe_ticket_has_attendee_info_fields":false,"_tec_slr_enabled":"","_tec_slr_layout":""},"product_cat":[372],"product_tag":[],"class_list":{"0":"post-42283","1":"product","2":"type-product","3":"status-publish","4":"has-post-thumbnail","6":"product_brand-molb","7":"product_cat-ingrijire-a-pielii","10":"first","11":"instock","12":"shipping-taxable","13":"product-type-simple"},"_links":{"self":[{"href":"https:\/\/bhipemea.com\/ro-ro\/wp-json\/wp\/v2\/product\/42283","targetHints":{"allow":["GET"]}}],"collection":[{"href":"https:\/\/bhipemea.com\/ro-ro\/wp-json\/wp\/v2\/product"}],"about":[{"href":"https:\/\/bhipemea.com\/ro-ro\/wp-json\/wp\/v2\/types\/product"}],"version-history":[{"count":0,"href":"https:\/\/bhipemea.com\/ro-ro\/wp-json\/wp\/v2\/product\/42283\/revisions"}],"wp:featuredmedia":[{"embeddable":true,"href":"https:\/\/bhipemea.com\/ro-ro\/wp-json\/wp\/v2\/media\/42285"}],"wp:attachment":[{"href":"https:\/\/bhipemea.com\/ro-ro\/wp-json\/wp\/v2\/media?parent=42283"}],"wp:term":[{"taxonomy":"product_cat","embeddable":true,"href":"https:\/\/bhipemea.com\/ro-ro\/wp-json\/wp\/v2\/product_cat?post=42283"},{"taxonomy":"product_tag","embeddable":true,"href":"https:\/\/bhipemea.com\/ro-ro\/wp-json\/wp\/v2\/product_tag?post=42283"}],"curies":[{"name":"wp","href":"https:\/\/api.w.org\/{rel}","templated":true}]}}