{"id":42286,"date":"2022-07-29T14:27:40","date_gmt":"2022-07-29T12:27:40","guid":{"rendered":"https:\/\/bhipemea.com\/product\/intense-multi-functional-body-face-oil\/"},"modified":"2022-07-29T14:27:40","modified_gmt":"2022-07-29T12:27:40","slug":"intense-multi-functional-body-face-oil","status":"publish","type":"product","link":"https:\/\/bhipemea.com\/ro-ro\/product\/intense-multi-functional-body-face-oil\/","title":{"rendered":"Intense Multi-Functional Body &amp; Face Oil"},"content":{"rendered":"","protected":false},"excerpt":{"rendered":"<p>Mol&amp;B Intense Multi-Functional Body &amp; Face Oil este un ulei u\u0219or, non-gras, care se absoarbe rapid \u00een piele, l\u0103s\u00e2nd-o moale, supl\u0103 \u0219i m\u0103t\u0103soas\u0103. Uleiul ajut\u0103 pielea s\u0103-\u0219i p\u0103streze hidratarea natural\u0103 pe tot parcursul zilei. <\/p>\n<p>Uleiul hr\u0103nitor con\u021bine 50% ulei organic concentrat de semin\u021be de m\u0103ce\u0219 presat la rece, bogat \u00een acizi gra\u0219i benefici \u0219i \u00een ingrediente anti-\u00eemb\u0103tr\u00e2nire precum acidul retinoic (un derivat al Vitaminei A). Uleiul de semin\u021be de m\u0103ce\u0219 este cunoscut pentru propriet\u0103\u021bile sale extrem de regenerative \u0219i rejuvenante ale pielii \u0219i este potrivit \u0219i pentru pielea afectat\u0103 de soare, vergeturi \u0219i piele foarte uscat\u0103. \u00cen plus, acesta \u00eembun\u0103t\u0103te\u0219te fermitatea \u0219i elasticitatea pielii.<br \/>\n[read-more height-formula=\"product\"]<\/p>\n","protected":false},"featured_media":42288,"template":"","meta":{"_price":"","_stock":"","_tribe_ticket_header":"","_tribe_default_ticket_provider":"","_tribe_ticket_capacity":"0","_ticket_start_date":"","_ticket_end_date":"","_tribe_ticket_show_description":"","_tribe_ticket_show_not_going":false,"_tribe_ticket_use_global_stock":"","_tribe_ticket_global_stock_level":"","_global_stock_mode":"","_global_stock_cap":"","_tribe_rsvp_for_event":"","_tribe_ticket_going_count":"","_tribe_ticket_not_going_count":"","_tribe_tickets_list":"[]","_tribe_ticket_has_attendee_info_fields":false,"_tec_slr_enabled":"","_tec_slr_layout":""},"product_cat":[372],"product_tag":[],"class_list":{"0":"post-42286","1":"product","2":"type-product","3":"status-publish","4":"has-post-thumbnail","6":"product_brand-molb","7":"product_cat-ingrijire-a-pielii","10":"first","11":"instock","12":"shipping-taxable","13":"product-type-simple"},"_links":{"self":[{"href":"https:\/\/bhipemea.com\/ro-ro\/wp-json\/wp\/v2\/product\/42286","targetHints":{"allow":["GET"]}}],"collection":[{"href":"https:\/\/bhipemea.com\/ro-ro\/wp-json\/wp\/v2\/product"}],"about":[{"href":"https:\/\/bhipemea.com\/ro-ro\/wp-json\/wp\/v2\/types\/product"}],"version-history":[{"count":0,"href":"https:\/\/bhipemea.com\/ro-ro\/wp-json\/wp\/v2\/product\/42286\/revisions"}],"wp:featuredmedia":[{"embeddable":true,"href":"https:\/\/bhipemea.com\/ro-ro\/wp-json\/wp\/v2\/media\/42288"}],"wp:attachment":[{"href":"https:\/\/bhipemea.com\/ro-ro\/wp-json\/wp\/v2\/media?parent=42286"}],"wp:term":[{"taxonomy":"product_cat","embeddable":true,"href":"https:\/\/bhipemea.com\/ro-ro\/wp-json\/wp\/v2\/product_cat?post=42286"},{"taxonomy":"product_tag","embeddable":true,"href":"https:\/\/bhipemea.com\/ro-ro\/wp-json\/wp\/v2\/product_tag?post=42286"}],"curies":[{"name":"wp","href":"https:\/\/api.w.org\/{rel}","templated":true}]}}