{"id":42292,"date":"2022-07-29T14:27:13","date_gmt":"2022-07-29T12:27:13","guid":{"rendered":"https:\/\/bhipemea.com\/product\/multi-functional-anti-aging\/"},"modified":"2022-07-29T14:27:13","modified_gmt":"2022-07-29T12:27:13","slug":"multi-functional-anti-aging","status":"publish","type":"product","link":"https:\/\/bhipemea.com\/ro-ro\/product\/multi-functional-anti-aging\/","title":{"rendered":"Multi-Functional Anti-Aging"},"content":{"rendered":"","protected":false},"excerpt":{"rendered":"<p>Mol&amp;B Anti-Aging Facial Cream este o crem\u0103 anti-\u00eemb\u0103tr\u00e2nire multifunc\u021bional\u0103 eficient\u0103 \u0219i protectoare care ofer\u0103 pielii o hidratare intens\u0103, \u00eengrijire \u0219i nutri\u021bie. Crema este bogat\u0103 \u00een antioxidan\u021bi \u0219i ingrediente active de tonifiere, care netezesc \u0219i revigoreaz\u0103 vitalitatea pielii.<\/p>\n<p>Vitamina E \u0219i B3 plus Gatuline\u00ae In-Tense &#8211; un extract natural activ din plante care \u00eent\u0103re\u0219te fermitatea pielii \u0219i restabile\u0219te structura neted\u0103 \u0219i t\u00e2n\u0103r\u0103 a acesteia cu un efect similar de lifting. Mol&amp;B Anti-Aging Facial Cream este absorbit\u0103 rapid, pielea este str\u00e2ns\u0103 cu mai mult\u0103 densitate iar liniile fine sunt netezite. Rezultatul este un ten rezistent, bine hidratat, moale si uniform.<\/p>\n<p><em><strong>Potrivit pentru toate tipurile de piele.<\/strong><\/em><\/p>\n[read-more height-formula=\"product\"]\n","protected":false},"featured_media":42293,"template":"","meta":{"_price":"","_stock":"","_tribe_ticket_header":"","_tribe_default_ticket_provider":"","_tribe_ticket_capacity":"0","_ticket_start_date":"","_ticket_end_date":"","_tribe_ticket_show_description":"","_tribe_ticket_show_not_going":false,"_tribe_ticket_use_global_stock":"","_tribe_ticket_global_stock_level":"","_global_stock_mode":"","_global_stock_cap":"","_tribe_rsvp_for_event":"","_tribe_ticket_going_count":"","_tribe_ticket_not_going_count":"","_tribe_tickets_list":"[]","_tribe_ticket_has_attendee_info_fields":false,"_tec_slr_enabled":"","_tec_slr_layout":""},"product_cat":[372],"product_tag":[],"class_list":{"0":"post-42292","1":"product","2":"type-product","3":"status-publish","4":"has-post-thumbnail","6":"product_brand-molb","7":"product_cat-ingrijire-a-pielii","10":"first","11":"instock","12":"shipping-taxable","13":"product-type-simple"},"_links":{"self":[{"href":"https:\/\/bhipemea.com\/ro-ro\/wp-json\/wp\/v2\/product\/42292","targetHints":{"allow":["GET"]}}],"collection":[{"href":"https:\/\/bhipemea.com\/ro-ro\/wp-json\/wp\/v2\/product"}],"about":[{"href":"https:\/\/bhipemea.com\/ro-ro\/wp-json\/wp\/v2\/types\/product"}],"version-history":[{"count":0,"href":"https:\/\/bhipemea.com\/ro-ro\/wp-json\/wp\/v2\/product\/42292\/revisions"}],"wp:featuredmedia":[{"embeddable":true,"href":"https:\/\/bhipemea.com\/ro-ro\/wp-json\/wp\/v2\/media\/42293"}],"wp:attachment":[{"href":"https:\/\/bhipemea.com\/ro-ro\/wp-json\/wp\/v2\/media?parent=42292"}],"wp:term":[{"taxonomy":"product_cat","embeddable":true,"href":"https:\/\/bhipemea.com\/ro-ro\/wp-json\/wp\/v2\/product_cat?post=42292"},{"taxonomy":"product_tag","embeddable":true,"href":"https:\/\/bhipemea.com\/ro-ro\/wp-json\/wp\/v2\/product_tag?post=42292"}],"curies":[{"name":"wp","href":"https:\/\/api.w.org\/{rel}","templated":true}]}}