{"id":42295,"date":"2022-07-29T14:26:45","date_gmt":"2022-07-29T12:26:45","guid":{"rendered":"https:\/\/bhipemea.com\/product\/visible-facelift\/"},"modified":"2022-07-29T14:26:45","modified_gmt":"2022-07-29T12:26:45","slug":"visible-facelift","status":"publish","type":"product","link":"https:\/\/bhipemea.com\/ro-ro\/product\/visible-facelift\/","title":{"rendered":"Visible Facelift"},"content":{"rendered":"","protected":false},"excerpt":{"rendered":"<p>Mol&amp;B Visible Facelift este o crem\u0103 anti-\u00eemb\u0103tr\u00e2nire extrem de eficient\u0103 cu un efect de lifting imediat care ofer\u0103 un aspect mai t\u00e2n\u0103r \u0219i stimuleaz\u0103 vitalitatea pielii. Con\u021bine Gatuline\u00ae In-Tense \u0219i Gatuline\u00ae Expression \u2013 extracte naturale puternice \u0219i active, cunoscute pentru \u00eent\u0103rirea fermit\u0103\u021bii pielii \u0219i restabilirea structurii sale tinere cu un efect de filler.<\/p>\n<p>Pielea devine vizibil mai ferm\u0103, ridurile \u0219i liniile fine sunt netezite, iar conturul fetei este tonifiat, ca dup\u0103 un lifting chirurgical. Fa\u021ba arat\u0103 instantaneu mai ferm\u0103 \u0219i mai neted\u0103. Acest lucru se \u00eent\u00e2mpl\u0103 dup\u0103 c\u00e2teva minute \u0219i este men\u021binut pentru o perioad\u0103 lung\u0103 de timp. \u00cen plus, Visible Facelift este \u00eembog\u0103tit cu agenti de hidratare \u0219i ulei organic de seminte de m\u0103ce\u0219 presat la rece care este hr\u0103nitor \u0219i se absoarbe rapid de c\u0103tre piele.<\/p>\n<p><em><strong>Potrivit pentru toate tipurile de piele.<\/strong><\/em><\/p>\n[read-more height-formula=\"product\"]\n","protected":false},"featured_media":42297,"template":"","meta":{"_price":"","_stock":"","_tribe_ticket_header":"","_tribe_default_ticket_provider":"","_tribe_ticket_capacity":"0","_ticket_start_date":"","_ticket_end_date":"","_tribe_ticket_show_description":"","_tribe_ticket_show_not_going":false,"_tribe_ticket_use_global_stock":"","_tribe_ticket_global_stock_level":"","_global_stock_mode":"","_global_stock_cap":"","_tribe_rsvp_for_event":"","_tribe_ticket_going_count":"","_tribe_ticket_not_going_count":"","_tribe_tickets_list":"[]","_tribe_ticket_has_attendee_info_fields":false,"_tec_slr_enabled":"","_tec_slr_layout":""},"product_cat":[372],"product_tag":[],"class_list":{"0":"post-42295","1":"product","2":"type-product","3":"status-publish","4":"has-post-thumbnail","6":"product_brand-molb","7":"product_cat-ingrijire-a-pielii","10":"first","11":"instock","12":"shipping-taxable","13":"product-type-simple"},"_links":{"self":[{"href":"https:\/\/bhipemea.com\/ro-ro\/wp-json\/wp\/v2\/product\/42295","targetHints":{"allow":["GET"]}}],"collection":[{"href":"https:\/\/bhipemea.com\/ro-ro\/wp-json\/wp\/v2\/product"}],"about":[{"href":"https:\/\/bhipemea.com\/ro-ro\/wp-json\/wp\/v2\/types\/product"}],"version-history":[{"count":0,"href":"https:\/\/bhipemea.com\/ro-ro\/wp-json\/wp\/v2\/product\/42295\/revisions"}],"wp:featuredmedia":[{"embeddable":true,"href":"https:\/\/bhipemea.com\/ro-ro\/wp-json\/wp\/v2\/media\/42297"}],"wp:attachment":[{"href":"https:\/\/bhipemea.com\/ro-ro\/wp-json\/wp\/v2\/media?parent=42295"}],"wp:term":[{"taxonomy":"product_cat","embeddable":true,"href":"https:\/\/bhipemea.com\/ro-ro\/wp-json\/wp\/v2\/product_cat?post=42295"},{"taxonomy":"product_tag","embeddable":true,"href":"https:\/\/bhipemea.com\/ro-ro\/wp-json\/wp\/v2\/product_tag?post=42295"}],"curies":[{"name":"wp","href":"https:\/\/api.w.org\/{rel}","templated":true}]}}