{"id":42298,"date":"2022-07-29T10:24:04","date_gmt":"2022-07-29T08:24:04","guid":{"rendered":"https:\/\/bhipemea.com\/product\/boost\/"},"modified":"2025-01-15T15:30:07","modified_gmt":"2025-01-15T14:30:07","slug":"boost","status":"publish","type":"product","link":"https:\/\/bhipemea.com\/ro-ro\/product\/boost\/","title":{"rendered":"Boost"},"content":{"rendered":"","protected":false},"excerpt":{"rendered":"<p>Boost este un supliment alimentar sub form\u0103 de comprimate. Este conceput pentru a reduce oboseala \u0219i extenuarea \u0219i, \u00een acela\u0219i timp, pentru a-\u021bi oferi o senza\u021bie de confort \u00een corp. \u00cen plus, Boost de la B:hip contribuie la un metabolism energetic normal, precum \u0219i la func\u021bionarea normal\u0103 a sistemului imunitar. Mai mult, con\u021binutul de vitamine din Boost ajut\u0103 la protejarea celulelor corpului \u00eempotriva deterior\u0103rii oxidative. Administrarea Boost \u00eentre mese \u00ee\u021bi va oferi cea mai bun\u0103 eficacitate a produsului.<\/p>\n<p><strong>Clean Herbal Power*<\/strong><\/p>\n<p>\u2013 Clean: deoarece nu con\u021bine zah\u0103r ad\u0103ugat<br \/>\n\u2013 Herbal: se refer\u0103 la faptul c\u0103 \u00een Boost se afl\u0103 mai multe pudre din fructe \u0219i ingrediente din plante.<br \/>\n\u2013 Power: se refer\u0103 la afirma\u021biile de s\u0103n\u0103tate aprobate de EFSA pentru vitaminele B3, B6 \u0219i B12.<\/p>\n<p>Boost este conceput pentru a stimula corpul datorit\u0103 con\u021binutului de vitamine B3, B6, B12 \u0219i vitamina C, care contribuie la:<\/p>\n<p>\u2013 Reducerea st\u0103rii de oboseal\u0103 \u0219i extenuare<br \/>\n\u2013 Func\u021bionarea normal\u0103 a sistemului imunitar \u0219i a celui nervos<br \/>\n\u2013 Func\u021bionarea psihologic\u0103 normal\u0103<br \/>\n\u2013 Formarea natural\u0103 a colagenului pentru func\u021bionarea normal\u0103 a vaselor de s\u00e2nge<br \/>\n\u2013 Un metabolism normal \u0219i la produc\u021bia de energie, homocistenului, proteinelor \u0219i a glicogenului<br \/>\n\u2013 Formarea normal\u0103 a celulelor ro\u0219ii din s\u00e2nge \u0219i protec\u021bia acestora \u00eempotriva stresului oxidativ<\/p>\n<p>Nu po\u021bi g\u0103si Boost \u00een magazinele obi\u0219nuite. Credem cu t\u0103rie c\u0103 produsele trebuie explicate \u0219i c\u0103 tu, ca \u0219i consumator, ar trebui s\u0103 fii sf\u0103tuit despre cum s\u0103 le folose\u0219ti \u00een cel mai bun mod pentru a ajunge la poten\u021bialul lor maxim. De aceea, po\u021bi cump\u0103ra produsele Boost doar de la coach-ul t\u0103u sau distribuitorul personal.<br \/>\n[read-more height-formula=\"product\"]<\/p>\n","protected":false},"featured_media":42299,"template":"","meta":{"_price":"","_stock":"","_tribe_ticket_header":"","_tribe_default_ticket_provider":"","_tribe_ticket_capacity":"0","_ticket_start_date":"","_ticket_end_date":"","_tribe_ticket_show_description":"","_tribe_ticket_show_not_going":false,"_tribe_ticket_use_global_stock":"","_tribe_ticket_global_stock_level":"","_global_stock_mode":"","_global_stock_cap":"","_tribe_rsvp_for_event":"","_tribe_ticket_going_count":"","_tribe_ticket_not_going_count":"","_tribe_tickets_list":"[]","_tribe_ticket_has_attendee_info_fields":false,"_tec_slr_enabled":"","_tec_slr_layout":""},"product_cat":[373],"product_tag":[],"class_list":{"0":"post-42298","1":"product","2":"type-product","3":"status-publish","4":"has-post-thumbnail","6":"product_brand-bhip","7":"product_cat-nutritie","10":"first","11":"instock","12":"shipping-taxable","13":"product-type-simple"},"_links":{"self":[{"href":"https:\/\/bhipemea.com\/ro-ro\/wp-json\/wp\/v2\/product\/42298","targetHints":{"allow":["GET"]}}],"collection":[{"href":"https:\/\/bhipemea.com\/ro-ro\/wp-json\/wp\/v2\/product"}],"about":[{"href":"https:\/\/bhipemea.com\/ro-ro\/wp-json\/wp\/v2\/types\/product"}],"version-history":[{"count":1,"href":"https:\/\/bhipemea.com\/ro-ro\/wp-json\/wp\/v2\/product\/42298\/revisions"}],"predecessor-version":[{"id":42346,"href":"https:\/\/bhipemea.com\/ro-ro\/wp-json\/wp\/v2\/product\/42298\/revisions\/42346"}],"wp:featuredmedia":[{"embeddable":true,"href":"https:\/\/bhipemea.com\/ro-ro\/wp-json\/wp\/v2\/media\/42299"}],"wp:attachment":[{"href":"https:\/\/bhipemea.com\/ro-ro\/wp-json\/wp\/v2\/media?parent=42298"}],"wp:term":[{"taxonomy":"product_cat","embeddable":true,"href":"https:\/\/bhipemea.com\/ro-ro\/wp-json\/wp\/v2\/product_cat?post=42298"},{"taxonomy":"product_tag","embeddable":true,"href":"https:\/\/bhipemea.com\/ro-ro\/wp-json\/wp\/v2\/product_tag?post=42298"}],"curies":[{"name":"wp","href":"https:\/\/api.w.org\/{rel}","templated":true}]}}