{"id":42302,"date":"2024-06-03T12:50:23","date_gmt":"2024-06-03T10:50:23","guid":{"rendered":"https:\/\/bhipemea.com\/product\/indigo\/"},"modified":"2024-06-03T12:50:23","modified_gmt":"2024-06-03T10:50:23","slug":"indigo","status":"publish","type":"product","link":"https:\/\/bhipemea.com\/ro-ro\/product\/indigo\/","title":{"rendered":"Indigo"},"content":{"rendered":"","protected":false},"excerpt":{"rendered":"<p>Indigo \u00ee\u021bi energizeaz\u0103 corpul, cu vitaminele B \u0219i con\u021binutul de cafein\u0103 derivat natural din Guarana \u0219i Ceaiul Verde, care \u00ee\u021bi ofer\u0103 o aten\u021bie sporit\u0103 \u0219i \u00ee\u021bi \u00eembun\u0103t\u0103\u021be\u0219te puterea de concentrare. De asemenea, furnizeaz\u0103 corpului nutrien\u021bi buni din Spirulin\u0103 \u0219i Afine, ambele av\u00e2nd un con\u021binut foarte ridicat de substan\u021be benefice. Simplu \u0219i u\u0219or de utilizat! \u00cendulcit cu Stevia, ca \u00eendulcitor natural. Stevia nu con\u021bine calorii \u0219i este ad\u0103ugat\u0103 sub form\u0103 de Reb-A, care ofer\u0103 un gust mai &#8222;pur&#8221; \u0219i mai curat.<\/p>\n<p><strong>Clean Herbal Power*<\/strong><\/p>\n<p>\u2013 Curat deoarece nu con\u021bine zah\u0103r ad\u0103ugat<br \/>\n\u2013 Herbal: se refer\u0103 la faptul c\u0103 exist\u0103 o serie de pulber ide fructe \u0219i extracte din plante \u00een Indigo<br \/>\n\u2013 Power: se refer\u0103 la men\u021biunile de s\u0103n\u0103tate autorizate pentru alimente (Regulamentul (CE) nr. 1924\/2006 \u0219i Regulamentul (UE) nr. 432\/2012)<\/p>\n<p>Indigo este conceput pentru a stimula corpul datorit\u0103 con\u021binutului de vitaminele B3, B6, B12 \u0219i vitamina C, care contribuie la:<\/p>\n<p>\u2013 Reducerea st\u0103rii de oboseal\u0103 \u0219i extenuare<br \/>\n\u2013 Func\u021bionarea normal\u0103 a sistemului imunitar \u0219i a celui nervos<br \/>\n\u2013 Func\u021bionarea psihologic\u0103 normal\u0103<br \/>\n\u2013 Formarea natural\u0103 a colagenului pentru func\u021bionarea normal\u0103 a vaselor de s\u00e2nge<br \/>\n\u2013 Un metabolism normal \u0219i la produc\u021bia de energie, homocistenului, proteinelor \u0219i a glicogenului<br \/>\n\u2013 Formarea normal\u0103 a celulelor ro\u0219ii din s\u00e2nge \u0219i protec\u021bia acestora \u00eempotriva stresului oxidativ<\/p>\n<p>Nu po\u021bi g\u0103si INDIGO \u00een magazinele obi\u0219nuite. Credem cu t\u0103rie c\u0103 produsele trebuie explicate \u0219i c\u0103 tu, ca \u0219i consumator, ar trebui s\u0103 fii sf\u0103tuit despre cum s\u0103 le folose\u0219ti \u00een cel mai bun mod pentru a ajunge la poten\u021bialul lor maxim. De aceea, po\u021bi cump\u0103ra INDIGO doar de la coach-ul t\u0103u sau distribuitorul personal.<br \/>\n[read-more height-formula=\"product\"]<\/p>\n","protected":false},"featured_media":42304,"template":"","meta":{"_price":"","_stock":"","_tribe_ticket_header":"","_tribe_default_ticket_provider":"","_tribe_ticket_capacity":"0","_ticket_start_date":"","_ticket_end_date":"","_tribe_ticket_show_description":"","_tribe_ticket_show_not_going":false,"_tribe_ticket_use_global_stock":"","_tribe_ticket_global_stock_level":"","_global_stock_mode":"","_global_stock_cap":"","_tribe_rsvp_for_event":"","_tribe_ticket_going_count":"","_tribe_ticket_not_going_count":"","_tribe_tickets_list":"[]","_tribe_ticket_has_attendee_info_fields":false,"_tec_slr_enabled":"","_tec_slr_layout":""},"product_cat":[373],"product_tag":[],"class_list":{"0":"post-42302","1":"product","2":"type-product","3":"status-publish","4":"has-post-thumbnail","6":"product_cat-nutritie","9":"first","10":"instock","11":"shipping-taxable","12":"product-type-simple"},"_links":{"self":[{"href":"https:\/\/bhipemea.com\/ro-ro\/wp-json\/wp\/v2\/product\/42302","targetHints":{"allow":["GET"]}}],"collection":[{"href":"https:\/\/bhipemea.com\/ro-ro\/wp-json\/wp\/v2\/product"}],"about":[{"href":"https:\/\/bhipemea.com\/ro-ro\/wp-json\/wp\/v2\/types\/product"}],"version-history":[{"count":0,"href":"https:\/\/bhipemea.com\/ro-ro\/wp-json\/wp\/v2\/product\/42302\/revisions"}],"wp:featuredmedia":[{"embeddable":true,"href":"https:\/\/bhipemea.com\/ro-ro\/wp-json\/wp\/v2\/media\/42304"}],"wp:attachment":[{"href":"https:\/\/bhipemea.com\/ro-ro\/wp-json\/wp\/v2\/media?parent=42302"}],"wp:term":[{"taxonomy":"product_cat","embeddable":true,"href":"https:\/\/bhipemea.com\/ro-ro\/wp-json\/wp\/v2\/product_cat?post=42302"},{"taxonomy":"product_tag","embeddable":true,"href":"https:\/\/bhipemea.com\/ro-ro\/wp-json\/wp\/v2\/product_tag?post=42302"}],"curies":[{"name":"wp","href":"https:\/\/api.w.org\/{rel}","templated":true}]}}