{"id":42314,"date":"2022-07-29T10:19:14","date_gmt":"2022-07-29T08:19:14","guid":{"rendered":"https:\/\/bhipemea.com\/product\/fusion-strawberry-rhubarb\/"},"modified":"2025-01-15T15:33:00","modified_gmt":"2025-01-15T14:33:00","slug":"fusion-strawberry-rhubarb","status":"publish","type":"product","link":"https:\/\/bhipemea.com\/ro-ro\/product\/fusion-strawberry-rhubarb\/","title":{"rendered":"Fusion Strawberry\/Rhubarb"},"content":{"rendered":"","protected":false},"excerpt":{"rendered":"<p>O mas\u0103 complex\u0103 luxoas\u0103, cu ingrediente de \u00eenalt\u0103 calitate \u0219i o compozi\u021bie care, pe l\u00e2ng\u0103 faptul c\u0103 creeaz\u0103 o diet\u0103 nutritiv\u0103, ajut\u0103 la reducerea senza\u021biei de oboseal\u0103. Prin urmare, poate fi utilizat \u00eempreun\u0103 cu o diet\u0103 de reducere a greut\u0103\u021bii ca un shake u\u0219or de preparat \u00eentr-o zi aglomerat\u0103, pentru a atinge starea de bine \u0219i pentru a oferi corpului o combina\u021bie precis\u0103 de ingrediente de \u00eenalt\u0103 calitate echivalent\u0103 cu o mas\u0103. Dozate \u00een plicuri por\u021bionate, practice \u0219i u\u0219or de depozitat \u0219i consumat, B:hip Fusion fiind ideal pentru via\u021ba \u00een mi\u0219care. Produsul este disponibil \u00een trei arome: Vanilie, Ciocolat\u0103 \u0219i C\u0103p\u0219uni\/Rubarb\u0103.<\/p>\n<p><strong>Rebuild, Perform, Energy*<\/strong><\/p>\n<p><strong>*<\/strong>Acest produs con\u021bine, printre altele, vitamina C \u0219i vitaminele B3, B6 \u0219i B12. Cuvintele Rebuild, Perform, Energy se refer\u0103 la men\u021biunile de s\u0103n\u0103tate autorizate pentru alimente (Regulamentul CE 1924\/2006 \u0219i Regulamentul UE 432\/2012).<\/p>\n<p>\u2013 Vitaminele B3, B6 \u0219i B12 contribuie la un metabolism normal care produce energie.<br \/>\n\u2013 Vitaminele B3 \u0219i B12 contribuie la reducerea oboselii \u0219i a st\u0103rii de extenuare.<br \/>\n\u2013 Vitamina C contribuie la reducerea oboselii \u0219i a st\u0103rii de extenuare.<br \/>\n\u2013 Vitamina C contribuie la un metabolism normal care produce energie.<br \/>\n\u2013 Vitamina C contribuie la protejarea celulelor \u00eempotriva stresului oxidativ.<\/p>\n<p>Nu po\u021bi g\u0103si produsele FUSION \u00een magazinele obi\u0219nuite. Credem cu t\u0103rie c\u0103 produsele trebuie explicate \u0219i c\u0103 tu, ca \u0219i consumator, ar trebui s\u0103 fii sf\u0103tuit despre cum s\u0103 le folose\u0219ti \u00een cel mai bun mod pentru a atinge poten\u021bialul lor maxim. De aceea, po\u021bi cump\u0103ra produsele FUSION doar de la coach-ul t\u0103u sau distribuitorul personal.<br \/>\n[read-more height-formula=\"product\"]<\/p>\n","protected":false},"featured_media":42316,"template":"","meta":{"_price":"","_stock":"","_tribe_ticket_header":"","_tribe_default_ticket_provider":"","_tribe_ticket_capacity":"0","_ticket_start_date":"","_ticket_end_date":"","_tribe_ticket_show_description":"","_tribe_ticket_show_not_going":false,"_tribe_ticket_use_global_stock":"","_tribe_ticket_global_stock_level":"","_global_stock_mode":"","_global_stock_cap":"","_tribe_rsvp_for_event":"","_tribe_ticket_going_count":"","_tribe_ticket_not_going_count":"","_tribe_tickets_list":"[]","_tribe_ticket_has_attendee_info_fields":false,"_tec_slr_enabled":"","_tec_slr_layout":""},"product_cat":[373],"product_tag":[],"class_list":{"0":"post-42314","1":"product","2":"type-product","3":"status-publish","4":"has-post-thumbnail","6":"product_brand-bhip","7":"product_cat-nutritie","10":"first","11":"instock","12":"shipping-taxable","13":"product-type-simple"},"_links":{"self":[{"href":"https:\/\/bhipemea.com\/ro-ro\/wp-json\/wp\/v2\/product\/42314","targetHints":{"allow":["GET"]}}],"collection":[{"href":"https:\/\/bhipemea.com\/ro-ro\/wp-json\/wp\/v2\/product"}],"about":[{"href":"https:\/\/bhipemea.com\/ro-ro\/wp-json\/wp\/v2\/types\/product"}],"version-history":[{"count":1,"href":"https:\/\/bhipemea.com\/ro-ro\/wp-json\/wp\/v2\/product\/42314\/revisions"}],"predecessor-version":[{"id":42347,"href":"https:\/\/bhipemea.com\/ro-ro\/wp-json\/wp\/v2\/product\/42314\/revisions\/42347"}],"wp:featuredmedia":[{"embeddable":true,"href":"https:\/\/bhipemea.com\/ro-ro\/wp-json\/wp\/v2\/media\/42316"}],"wp:attachment":[{"href":"https:\/\/bhipemea.com\/ro-ro\/wp-json\/wp\/v2\/media?parent=42314"}],"wp:term":[{"taxonomy":"product_cat","embeddable":true,"href":"https:\/\/bhipemea.com\/ro-ro\/wp-json\/wp\/v2\/product_cat?post=42314"},{"taxonomy":"product_tag","embeddable":true,"href":"https:\/\/bhipemea.com\/ro-ro\/wp-json\/wp\/v2\/product_tag?post=42314"}],"curies":[{"name":"wp","href":"https:\/\/api.w.org\/{rel}","templated":true}]}}